{"id":645,"date":"2022-12-14T14:08:24","date_gmt":"2022-12-14T11:08:24","guid":{"rendered":"https:\/\/beysanmachine.com\/?page_id=645"},"modified":"2023-01-09T16:40:05","modified_gmt":"2023-01-09T13:40:05","slug":"%d1%84%d0%be%d1%80%d0%bc%d1%83-%d0%b7%d0%b0%d0%bf%d1%80%d0%be%d1%81%d0%b0-%d0%bd%d0%b0-%d1%83%d1%81%d0%bb%d1%83%d0%b3%d0%b8","status":"publish","type":"page","link":"https:\/\/beysanmachine.com\/ru\/%d1%84%d0%be%d1%80%d0%bc%d1%83-%d0%b7%d0%b0%d0%bf%d1%80%d0%be%d1%81%d0%b0-%d0%bd%d0%b0-%d1%83%d1%81%d0%bb%d1%83%d0%b3%d0%b8\/","title":{"rendered":"\u0424\u041e\u0420\u041c\u0423 \u0417\u0410\u041f\u0420\u041e\u0421\u0410 \u041d\u0410 \u0423\u0421\u041b\u0423\u0413\u0418"},"content":{"rendered":"\t\t<div data-elementor-type=\"wp-page\" data-elementor-id=\"645\" class=\"elementor elementor-645\">\n\t\t\t\t\t\t\t\t\t<section class=\"elementor-section elementor-top-section elementor-element elementor-element-b8d8085 elementor-section-boxed elementor-section-height-default elementor-section-height-default\" data-id=\"b8d8085\" data-element_type=\"section\">\n\t\t\t\t\t\t<div class=\"elementor-container elementor-column-gap-default\">\n\t\t\t\t\t<div class=\"elementor-column elementor-col-100 elementor-top-column elementor-element elementor-element-f88a534\" data-id=\"f88a534\" data-element_type=\"column\">\n\t\t\t<div class=\"elementor-widget-wrap elementor-element-populated\">\n\t\t\t\t\t\t\t\t<div class=\"elementor-element elementor-element-ab3955d elementor-widget-divider--view-line_text elementor-widget-divider--element-align-center elementor-widget elementor-widget-divider\" data-id=\"ab3955d\" data-element_type=\"widget\" data-widget_type=\"divider.default\">\n\t\t\t\t<div class=\"elementor-widget-container\">\n\t\t\t<style>\/*! elementor - v3.9.2 - 21-12-2022 *\/\n.elementor-widget-divider{--divider-border-style:none;--divider-border-width:1px;--divider-color:#2c2c2c;--divider-icon-size:20px;--divider-element-spacing:10px;--divider-pattern-height:24px;--divider-pattern-size:20px;--divider-pattern-url:none;--divider-pattern-repeat:repeat-x}.elementor-widget-divider .elementor-divider{display:flex}.elementor-widget-divider .elementor-divider__text{font-size:15px;line-height:1;max-width:95%}.elementor-widget-divider .elementor-divider__element{margin:0 var(--divider-element-spacing);flex-shrink:0}.elementor-widget-divider .elementor-icon{font-size:var(--divider-icon-size)}.elementor-widget-divider .elementor-divider-separator{display:flex;margin:0;direction:ltr}.elementor-widget-divider--view-line_icon .elementor-divider-separator,.elementor-widget-divider--view-line_text .elementor-divider-separator{align-items:center}.elementor-widget-divider--view-line_icon .elementor-divider-separator:after,.elementor-widget-divider--view-line_icon .elementor-divider-separator:before,.elementor-widget-divider--view-line_text .elementor-divider-separator:after,.elementor-widget-divider--view-line_text .elementor-divider-separator:before{display:block;content:\"\";border-bottom:0;flex-grow:1;border-top:var(--divider-border-width) var(--divider-border-style) var(--divider-color)}.elementor-widget-divider--element-align-left .elementor-divider .elementor-divider-separator>.elementor-divider__svg:first-of-type{flex-grow:0;flex-shrink:100}.elementor-widget-divider--element-align-left .elementor-divider-separator:before{content:none}.elementor-widget-divider--element-align-left .elementor-divider__element{margin-left:0}.elementor-widget-divider--element-align-right .elementor-divider .elementor-divider-separator>.elementor-divider__svg:last-of-type{flex-grow:0;flex-shrink:100}.elementor-widget-divider--element-align-right .elementor-divider-separator:after{content:none}.elementor-widget-divider--element-align-right .elementor-divider__element{margin-right:0}.elementor-widget-divider:not(.elementor-widget-divider--view-line_text):not(.elementor-widget-divider--view-line_icon) .elementor-divider-separator{border-top:var(--divider-border-width) var(--divider-border-style) var(--divider-color)}.elementor-widget-divider--separator-type-pattern{--divider-border-style:none}.elementor-widget-divider--separator-type-pattern.elementor-widget-divider--view-line .elementor-divider-separator,.elementor-widget-divider--separator-type-pattern:not(.elementor-widget-divider--view-line) .elementor-divider-separator:after,.elementor-widget-divider--separator-type-pattern:not(.elementor-widget-divider--view-line) .elementor-divider-separator:before,.elementor-widget-divider--separator-type-pattern:not([class*=elementor-widget-divider--view]) .elementor-divider-separator{width:100%;min-height:var(--divider-pattern-height);-webkit-mask-size:var(--divider-pattern-size) 100%;mask-size:var(--divider-pattern-size) 100%;-webkit-mask-repeat:var(--divider-pattern-repeat);mask-repeat:var(--divider-pattern-repeat);background-color:var(--divider-color);-webkit-mask-image:var(--divider-pattern-url);mask-image:var(--divider-pattern-url)}.elementor-widget-divider--no-spacing{--divider-pattern-size:auto}.elementor-widget-divider--bg-round{--divider-pattern-repeat:round}.rtl .elementor-widget-divider .elementor-divider__text{direction:rtl}.e-con-inner>.elementor-widget-divider,.e-con>.elementor-widget-divider{width:var(--container-widget-width);--flex-grow:var(--container-widget-flex-grow)}<\/style>\t\t<div class=\"elementor-divider\">\n\t\t\t<span class=\"elementor-divider-separator\">\n\t\t\t\t\t\t\t<span class=\"elementor-divider__text elementor-divider__element\">\n\t\t\t\t\u0424\u041e\u0420\u041c\u0423 \u0417\u0410\u041f\u0420\u041e\u0421\u0410 \u041d\u0410 \u0423\u0421\u041b\u0423\u0413\u0418\t\t\t\t<\/span>\n\t\t\t\t\t\t<\/span>\n\t\t<\/div>\n\t\t\t\t<\/div>\n\t\t\t\t<\/div>\n\t\t\t\t<div class=\"elementor-element elementor-element-50206c0 elementor-widget elementor-widget-text-editor\" data-id=\"50206c0\" data-element_type=\"widget\" data-widget_type=\"text-editor.default\">\n\t\t\t\t<div class=\"elementor-widget-container\">\n\t\t\t<style>\/*! elementor - v3.9.2 - 21-12-2022 *\/\n.elementor-widget-text-editor.elementor-drop-cap-view-stacked .elementor-drop-cap{background-color:#818a91;color:#fff}.elementor-widget-text-editor.elementor-drop-cap-view-framed .elementor-drop-cap{color:#818a91;border:3px solid;background-color:transparent}.elementor-widget-text-editor:not(.elementor-drop-cap-view-default) .elementor-drop-cap{margin-top:8px}.elementor-widget-text-editor:not(.elementor-drop-cap-view-default) .elementor-drop-cap-letter{width:1em;height:1em}.elementor-widget-text-editor .elementor-drop-cap{float:left;text-align:center;line-height:1;font-size:50px}.elementor-widget-text-editor .elementor-drop-cap-letter{display:inline-block}<\/style>\t\t\t\t<p>\u0412\u044b \u043c\u043e\u0436\u0435\u0442\u0435 \u0437\u0430\u043f\u043e\u043b\u043d\u0438\u0442\u044c \u0444\u043e\u0440\u043c\u0443 \u043d\u0438\u0436\u0435 \u0434\u043b\u044f \u0432\u0430\u0448\u0438\u0445 \u0437\u0430\u043f\u0440\u043e\u0441\u043e\u0432 \u043e\u0431\u044a\u0435\u043a\u0442\u0430 &#8230;<\/p>\t\t\t\t\t\t<\/div>\n\t\t\t\t<\/div>\n\t\t\t\t\t<\/div>\n\t\t<\/div>\n\t\t\t\t\t\t\t<\/div>\n\t\t<\/section>\n\t\t\t\t<section class=\"elementor-section elementor-top-section elementor-element elementor-element-990d625 elementor-section-boxed elementor-section-height-default elementor-section-height-default\" data-id=\"990d625\" data-element_type=\"section\">\n\t\t\t\t\t\t<div class=\"elementor-container elementor-column-gap-default\">\n\t\t\t\t\t<div class=\"elementor-column elementor-col-25 elementor-top-column elementor-element elementor-element-8cff2f8\" data-id=\"8cff2f8\" data-element_type=\"column\">\n\t\t\t<div class=\"elementor-widget-wrap\">\n\t\t\t\t\t\t\t\t\t<\/div>\n\t\t<\/div>\n\t\t\t\t<div class=\"elementor-column elementor-col-50 elementor-top-column elementor-element elementor-element-776920c\" data-id=\"776920c\" data-element_type=\"column\">\n\t\t\t<div class=\"elementor-widget-wrap elementor-element-populated\">\n\t\t\t\t\t\t\t\t<div class=\"elementor-element elementor-element-221d1bb elementor-widget elementor-widget-wpforms\" data-id=\"221d1bb\" data-element_type=\"widget\" data-widget_type=\"wpforms.default\">\n\t\t\t\t<div class=\"elementor-widget-container\">\n\t\t\t<div class=\"wpforms-container wpforms-container-full\" id=\"wpforms-644\"><form id=\"wpforms-form-644\" class=\"wpforms-validate wpforms-form\" data-formid=\"644\" method=\"post\" enctype=\"multipart\/form-data\" action=\"\/ru\/wp-json\/wp\/v2\/pages\/645\" data-token=\"b8c064c30e924fb2de3a31e4740a85af\"><noscript class=\"wpforms-error-noscript\">\u041f\u043e\u0436\u0430\u043b\u0443\u0439\u0441\u0442\u0430, \u0432\u043a\u043b\u044e\u0447\u0438\u0442\u0435 JavaScript \u0432 \u0432\u0430\u0448\u0435\u043c \u0431\u0440\u0430\u0443\u0437\u0435\u0440\u0435 \u0434\u043b\u044f \u0437\u0430\u043f\u043e\u043b\u043d\u0435\u043d\u0438\u044f \u0434\u0430\u043d\u043d\u043e\u0439 \u0444\u043e\u0440\u043c\u044b.<\/noscript><div class=\"wpforms-field-container\"><div id=\"wpforms-644-field_1-container\" class=\"wpforms-field wpforms-field-text\" data-field-id=\"1\"><label class=\"wpforms-field-label wpforms-label-hide\" for=\"wpforms-644-field_1\">Ad Soyad <span class=\"wpforms-required-label\">*<\/span><\/label><input type=\"text\" id=\"wpforms-644-field_1\" class=\"wpforms-field-large wpforms-field-required\" name=\"wpforms[fields][1]\" placeholder=\"\u0418\u043c\u044f \u0424\u0430\u043c\u0438\u043b\u0438\u044f\" required><\/div><div id=\"wpforms-644-field_3-container\" class=\"wpforms-field wpforms-field-phone\" data-field-id=\"3\"><label class=\"wpforms-field-label wpforms-label-hide\" for=\"wpforms-644-field_3\">Telefon <span class=\"wpforms-required-label\">*<\/span><\/label><input type=\"tel\" id=\"wpforms-644-field_3\" class=\"wpforms-field-large wpforms-field-required wpforms-smart-phone-field\" data-rule-smart-phone-field=\"true\" name=\"wpforms[fields][3]\" placeholder=\"\u0422\u0435\u043b\u0435\u0444\u043e\u043d\" required><\/div><div id=\"wpforms-644-field_4-container\" class=\"wpforms-field wpforms-field-email\" data-field-id=\"4\"><label class=\"wpforms-field-label wpforms-label-hide\" for=\"wpforms-644-field_4\">Email<\/label><input type=\"email\" id=\"wpforms-644-field_4\" class=\"wpforms-field-large\" name=\"wpforms[fields][4]\" placeholder=\"\u042d\u043b. \u0430\u0434\u0440\u0435\u0441\" ><\/div><div id=\"wpforms-644-field_5-container\" class=\"wpforms-field wpforms-field-text\" data-field-id=\"5\"><label class=\"wpforms-field-label wpforms-label-hide\" for=\"wpforms-644-field_5\">Tesisin kurulaca\u011f\u0131 \u00fclke \/ b\u00f6lge nedir? <span class=\"wpforms-required-label\">*<\/span><\/label><input type=\"text\" id=\"wpforms-644-field_5\" class=\"wpforms-field-large wpforms-field-required\" name=\"wpforms[fields][5]\" placeholder=\"\u041d\u0430\u0437\u0432\u0430\u043d\u0438\u0435 \u0440\u0435\u0433\u0438\u043e\u043d\u0430 \/ \u0441\u0442\u0440\u0430\u043d\u044b, \u0433\u0434\u0435 \u043f\u043b\u0430\u043d\u0438\u0440\u0443\u0435\u0442\u0441\u044f \u0443\u0441\u0442\u0430\u043d\u043e\u0432\u043a\u0430 \u043e\u0431\u043e\u0440\u0443\u0434\u043e\u0432\u0430\u043d\u0438\u044f\" required><\/div><div id=\"wpforms-644-field_8-container\" class=\"wpforms-field wpforms-field-text\" data-field-id=\"8\"><label class=\"wpforms-field-label wpforms-label-hide\" for=\"wpforms-644-field_8\">Hali haz\u0131rda bir g\u0131da i\u015fletmeniz var m\u0131?  <span class=\"wpforms-required-label\">*<\/span><\/label><input type=\"text\" id=\"wpforms-644-field_8\" class=\"wpforms-field-large wpforms-field-required\" name=\"wpforms[fields][8]\" placeholder=\"\u0418\u043c\u0435\u0435\u0442\u0441\u044f \u043b\u0438 \u0432 \u043d\u0430\u0441\u0442\u043e\u044f\u0449\u0435\u0435 \u0432\u0440\u0435\u043c\u044f \u043f\u0440\u043e\u0438\u0437\u0432\u043e\u0434\u0441\u0442\u0432\u0435\u043d\u043d\u0430\u044f \u043b\u0438\u043d\u0438\u044f \u043f\u0438\u0449\u0435\u0432\u044b\u0445 \u043f\u0440\u043e\u0434\u0443\u043a\u0442\u043e\u0432? \" required><\/div><div id=\"wpforms-644-field_9-container\" class=\"wpforms-field wpforms-field-text\" data-field-id=\"9\"><label class=\"wpforms-field-label wpforms-label-hide\" for=\"wpforms-644-field_9\">Yeni yap\u0131lacak \u00fcretim hatt\u0131 i\u00e7in \u00fcretim binas\u0131 var m\u0131? <span class=\"wpforms-required-label\">*<\/span><\/label><input type=\"text\" id=\"wpforms-644-field_9\" class=\"wpforms-field-large wpforms-field-required\" name=\"wpforms[fields][9]\" placeholder=\"\u0418\u043c\u0435\u0435\u0442\u0441\u044f \u043b\u0438 \u0432 \u043d\u0430\u043b\u0438\u0447\u0438\u0438 \u0437\u0434\u0430\u043d\u0438\u0435, \u0433\u0434\u0435 \u043f\u043b\u0430\u043d\u0438\u0440\u0443\u0435\u0442\u0441\u044f \u0443\u0441\u0442\u0430\u043d\u043e\u0432\u043a\u0430 \u043f\u0440\u043e\u0438\u0437\u0432\u043e\u0434\u0441\u0442\u0432\u0435\u043d\u043d\u043e\u0439 \u043b\u0438\u043d\u0438\u0438?\" required><\/div><div id=\"wpforms-644-field_10-container\" class=\"wpforms-field wpforms-field-text\" data-field-id=\"10\"><label class=\"wpforms-field-label wpforms-label-hide\" for=\"wpforms-644-field_10\">\u0130\u015fletmede kullan\u0131lacak enerji kayna\u011f\u0131 elektrik mi, buhar m\u0131, do\u011fal gaz m\u0131 olacak? <span class=\"wpforms-required-label\">*<\/span><\/label><input type=\"text\" id=\"wpforms-644-field_10\" class=\"wpforms-field-large wpforms-field-required\" name=\"wpforms[fields][10]\" placeholder=\"\u041a\u0430\u043a\u0438\u043c \u0438\u0437 \u0441\u043b\u0435\u0434\u0443\u044e\u0449\u0438\u0445 \u0432\u0438\u0434\u043e\u0432 \u044d\u043d\u0435\u0440\u0433\u043e\u043f\u0438\u0442\u0430\u043d\u0438\u0439 \u043f\u043b\u0430\u043d\u0438\u0440\u0443\u0435\u0442\u0441\u044f \u0438\u0441\u043f\u043e\u0442\u0437\u043e\u0432\u0430\u0442\u044c \u0432 \u043f\u0440\u043e\u0438\u0437\u0432\u043e\u0434\u0441\u0442\u0432\u0435: \u044d\u043b\u0435\u043a\u0442\u0440\u0438\u0447\u0435\u0441\u0442\u0432\u043e, \u043f\u0430\u0440 \u0438\u043b\u0438 \u043f\u0440\u0438\u0440\u043e\u0434\u043d\u044b\u0439 \u0433\u0430\u0437?\" required><\/div><div id=\"wpforms-644-field_11-container\" class=\"wpforms-field wpforms-field-text\" data-field-id=\"11\"><label class=\"wpforms-field-label wpforms-label-hide\" for=\"wpforms-644-field_11\">G\u00fcnl\u00fck \u00fcretim kapasitesi nedir? <span class=\"wpforms-required-label\">*<\/span><\/label><input type=\"text\" id=\"wpforms-644-field_11\" class=\"wpforms-field-large wpforms-field-required\" name=\"wpforms[fields][11]\" placeholder=\"\u041a\u0430\u043a\u043e\u0439 \u043e\u0431\u044a\u0435\u043c \u0435\u0436\u0435\u0434\u043d\u0435\u0432\u043d\u043e\u0439 \u043f\u0440\u043e\u0438\u0437\u0432\u043e\u0434\u0438\u0442\u0435\u043b\u044c\u043d\u043e\u0441\u0442\u0438?\" required><\/div><div id=\"wpforms-644-field_12-container\" class=\"wpforms-field wpforms-field-text\" data-field-id=\"12\"><label class=\"wpforms-field-label wpforms-label-hide\" for=\"wpforms-644-field_12\">Bu kapasite hangi \u00fcr\u00fcnlere hangi oranda da\u011f\u0131lacak? <span class=\"wpforms-required-label\">*<\/span><\/label><input type=\"text\" id=\"wpforms-644-field_12\" class=\"wpforms-field-large wpforms-field-required\" name=\"wpforms[fields][12]\" placeholder=\"\u041a\u0430\u043a\u0438\u043c \u043e\u0431\u0440\u0430\u0437\u043e\u043c \u0431\u0443\u0434\u0435\u0442 \u0440\u0430\u0441\u043f\u0440\u0435\u0434\u0435\u043b\u0435\u043d \u0434\u0430\u043d\u043d\u044b\u0439 \u043e\u0431\u044a\u0435\u043c \u043f\u0440\u043e\u0438\u0437\u0432\u043e\u0434\u0438\u0442\u0435\u043b\u044c\u043d\u043e\u0441\u0442\u0438?\" required><\/div><div id=\"wpforms-644-field_13-container\" class=\"wpforms-field wpforms-field-text\" data-field-id=\"13\"><label class=\"wpforms-field-label wpforms-label-hide\" for=\"wpforms-644-field_13\">\u00dcr\u00fcnlerin ambalaj tipleri belirlendi mi? Belirlendi ise nelerdir? <span class=\"wpforms-required-label\">*<\/span><\/label><input type=\"text\" id=\"wpforms-644-field_13\" class=\"wpforms-field-large wpforms-field-required\" name=\"wpforms[fields][13]\" placeholder=\"\u041e\u043f\u0440\u0435\u0434\u0435\u043b\u0435\u043d\u044b \u043b\u0438 \u0432\u0438\u0434\u044b \u0443\u043f\u0430\u043a\u043e\u0432\u043a\u0438 \u043f\u0440\u043e\u0434\u0443\u043a\u0446\u0438\u0438? \u0415\u0441\u043b\u0438 \u0434\u0430, \u0443\u043a\u0430\u0436\u0438\u0442\u0435 \u0432\u0438\u0434\u044b\" required><\/div><div id=\"wpforms-644-field_14-container\" class=\"wpforms-field wpforms-field-text\" data-field-id=\"14\"><label class=\"wpforms-field-label wpforms-label-hide\" for=\"wpforms-644-field_14\">Projeyi ne zaman hayata ge\u00e7irmeyi planl\u0131yorsunuz?  <span class=\"wpforms-required-label\">*<\/span><\/label><input type=\"text\" id=\"wpforms-644-field_14\" class=\"wpforms-field-large wpforms-field-required\" name=\"wpforms[fields][14]\" placeholder=\"\u041a\u043e\u0433\u0434\u0430 \u043f\u043b\u0430\u043d\u0438\u0440\u0443\u0435\u0442\u0441\u044f \u0432\u043d\u0435\u0434\u0440\u0435\u043d\u0438\u0435 \u043f\u0440\u043e\u0435\u043a\u0442\u0430? \" required><\/div><\/div><div class=\"wpforms-submit-container\"><input type=\"hidden\" name=\"wpforms[id]\" value=\"644\"><input type=\"hidden\" name=\"wpforms[author]\" value=\"1\"><button type=\"submit\" name=\"wpforms[submit]\" id=\"wpforms-submit-644\" class=\"wpforms-submit\" data-alt-text=\"\u041e\u0442\u043f\u0440\u0430\u0432\u043a\u0430...\" data-submit-text=\"\u041f\u043e\u0441\u043b\u0430\u0442\u044c\" aria-live=\"assertive\" value=\"wpforms-submit\">\u041f\u043e\u0441\u043b\u0430\u0442\u044c<\/button><\/div><\/form><\/div>  <!-- .wpforms-container -->\t\t<\/div>\n\t\t\t\t<\/div>\n\t\t\t\t\t<\/div>\n\t\t<\/div>\n\t\t\t\t<div class=\"elementor-column elementor-col-25 elementor-top-column elementor-element elementor-element-ef6a8d7\" data-id=\"ef6a8d7\" data-element_type=\"column\">\n\t\t\t<div class=\"elementor-widget-wrap\">\n\t\t\t\t\t\t\t\t\t<\/div>\n\t\t<\/div>\n\t\t\t\t\t\t\t<\/div>\n\t\t<\/section>\n\t\t\t\t\t\t\t<\/div>\n\t\t","protected":false},"excerpt":{"rendered":"<p>\u0424\u041e\u0420\u041c\u0423 \u0417\u0410\u041f\u0420\u041e\u0421\u0410 \u041d\u0410 \u0423\u0421\u041b\u0423\u0413\u0418 \u0412\u044b \u043c\u043e\u0436\u0435\u0442\u0435 \u0437\u0430\u043f\u043e\u043b\u043d\u0438\u0442\u044c \u0444\u043e\u0440\u043c\u0443 \u043d\u0438\u0436\u0435 \u0434\u043b\u044f \u0432\u0430\u0448\u0438\u0445 \u0437\u0430\u043f\u0440\u043e\u0441\u043e\u0432 \u043e\u0431\u044a\u0435\u043a\u0442\u0430 &#8230;<\/p>\n","protected":false},"author":1,"featured_media":0,"parent":0,"menu_order":0,"comment_status":"closed","ping_status":"closed","template":"","meta":[],"acf":[],"_links":{"self":[{"href":"https:\/\/beysanmachine.com\/ru\/wp-json\/wp\/v2\/pages\/645"}],"collection":[{"href":"https:\/\/beysanmachine.com\/ru\/wp-json\/wp\/v2\/pages"}],"about":[{"href":"https:\/\/beysanmachine.com\/ru\/wp-json\/wp\/v2\/types\/page"}],"author":[{"embeddable":true,"href":"https:\/\/beysanmachine.com\/ru\/wp-json\/wp\/v2\/users\/1"}],"replies":[{"embeddable":true,"href":"https:\/\/beysanmachine.com\/ru\/wp-json\/wp\/v2\/comments?post=645"}],"version-history":[{"count":16,"href":"https:\/\/beysanmachine.com\/ru\/wp-json\/wp\/v2\/pages\/645\/revisions"}],"predecessor-version":[{"id":918,"href":"https:\/\/beysanmachine.com\/ru\/wp-json\/wp\/v2\/pages\/645\/revisions\/918"}],"wp:attachment":[{"href":"https:\/\/beysanmachine.com\/ru\/wp-json\/wp\/v2\/media?parent=645"}],"curies":[{"name":"wp","href":"https:\/\/api.w.org\/{rel}","templated":true}]}}