{"id":361,"date":"2022-11-14T14:27:16","date_gmt":"2022-11-14T11:27:16","guid":{"rendered":"https:\/\/beysanmachine.com\/?page_id=361"},"modified":"2023-01-09T14:51:28","modified_gmt":"2023-01-09T11:51:28","slug":"%d0%be%d0%b1%d0%bb%d0%b0%d1%81%d1%82%d1%8c-%d0%bf%d1%80%d0%b8%d0%bc%d0%b5%d0%bd%d0%b5%d0%bd%d0%b8%d1%8f","status":"publish","type":"page","link":"https:\/\/beysanmachine.com\/ru\/%d0%be%d0%b1%d0%bb%d0%b0%d1%81%d1%82%d1%8c-%d0%bf%d1%80%d0%b8%d0%bc%d0%b5%d0%bd%d0%b5%d0%bd%d0%b8%d1%8f\/","title":{"rendered":"\u041e\u0431\u043b\u0430\u0441\u0442\u044c \u041f\u0440\u0438\u043c\u0435\u043d\u0435\u043d\u0438\u044f"},"content":{"rendered":"\t\t<div data-elementor-type=\"wp-page\" data-elementor-id=\"361\" class=\"elementor elementor-361\">\n\t\t\t\t\t\t\t\t\t<section class=\"elementor-section elementor-top-section elementor-element elementor-element-b457a19 elementor-section-boxed elementor-section-height-default elementor-section-height-default\" data-id=\"b457a19\" data-element_type=\"section\">\n\t\t\t\t\t\t<div class=\"elementor-container elementor-column-gap-default\">\n\t\t\t\t\t<div class=\"elementor-column elementor-col-100 elementor-top-column elementor-element elementor-element-fa47ee9\" data-id=\"fa47ee9\" data-element_type=\"column\">\n\t\t\t<div class=\"elementor-widget-wrap elementor-element-populated\">\n\t\t\t\t\t\t\t\t<div class=\"elementor-element elementor-element-36c19e3 elementor-widget elementor-widget-raven-posts\" data-id=\"36c19e3\" data-element_type=\"widget\" data-settings=\"{&quot;classic_columns&quot;:&quot;2&quot;,&quot;_skin&quot;:&quot;classic&quot;,&quot;classic_layout&quot;:&quot;grid&quot;,&quot;classic_columns_tablet&quot;:&quot;2&quot;,&quot;classic_columns_mobile&quot;:&quot;1&quot;,&quot;query_posts_per_page&quot;:6,&quot;query_offset&quot;:0}\" data-widget_type=\"raven-posts.classic\">\n\t\t\t\t<div class=\"elementor-widget-container\">\n\t\t\t\t\t<div class=\"raven-posts raven-grid raven-grid-2 raven-grid-mobile-1 raven-grid-tablet-2\" data-post-id=\"361\" data-archive-query=\"\">\n\t\t\t\t<div class=\"raven-grid-item raven-post-item post-366 page type-page status-publish has-post-thumbnail hentry\">\n\t\t\t<div class=\"raven-post\">\n\t\t\t\t\t\t<div class=\"raven-post-image-wrap\">\n\t\t\t<a class=\"raven-post-image raven-image-fit\" href=\"https:\/\/beysanmachine.com\/ru\/%d0%be%d0%b1%d0%bb%d0%b0%d1%81%d1%82%d1%8c-%d0%bf%d1%80%d0%b8%d0%bc%d0%b5%d0%bd%d0%b5%d0%bd%d0%b8%d1%8f\/%d0%bc%d0%be%d0%bb%d0%be%d0%ba%d0%be-%d0%b8-%d0%bc%d0%be%d0%bb%d0%be%d1%87%d0%bd%d0%b0%d1%8f-%d0%bf%d1%80%d0%be%d0%b4%d1%83%d0%ba%d1%86%d0%b8%d1%8f\/\"><img width=\"760\" height=\"450\" src=\"https:\/\/beysanmachine.com\/ru\/wp-content\/uploads\/2022\/11\/kapak_104530.webp\" class=\"attachment-large size-large wp-image-384\" alt=\"\" decoding=\"async\" srcset=\"https:\/\/beysanmachine.com\/ru\/wp-content\/uploads\/2022\/11\/kapak_104530.webp 760w, https:\/\/beysanmachine.com\/ru\/wp-content\/uploads\/2022\/11\/kapak_104530-300x178.webp 300w, https:\/\/beysanmachine.com\/ru\/wp-content\/uploads\/2022\/11\/kapak_104530-600x355.webp 600w\" sizes=\"(max-width: 760px) 100vw, 760px\" \/> <span class=\"raven-post-image-overlay\"><\/span><\/a>\t\t<\/div>\n\t\t\t\t\t\t<div class=\"raven-post-content\">\n\t\t\t\t\t<h3 class=\"raven-post-title\"><a class=\"raven-post-title-link\" href=\"https:\/\/beysanmachine.com\/ru\/%d0%be%d0%b1%d0%bb%d0%b0%d1%81%d1%82%d1%8c-%d0%bf%d1%80%d0%b8%d0%bc%d0%b5%d0%bd%d0%b5%d0%bd%d0%b8%d1%8f\/%d0%bc%d0%be%d0%bb%d0%be%d0%ba%d0%be-%d0%b8-%d0%bc%d0%be%d0%bb%d0%be%d1%87%d0%bd%d0%b0%d1%8f-%d0%bf%d1%80%d0%be%d0%b4%d1%83%d0%ba%d1%86%d0%b8%d1%8f\/\">\u041c\u043e\u043b\u043e\u043a\u043e \u0438 \u041c\u043e\u043b\u043e\u0447\u043d\u0430\u044f \u041f\u0440\u043e\u0434\u0443\u043a\u0446\u0438\u044f<\/a><\/h3>\t\t\t\t<\/div>\n\t\t\t<\/div>\n\t\t<\/div>\n\t\t\t\t<div class=\"raven-grid-item raven-post-item post-368 page type-page status-publish has-post-thumbnail hentry\">\n\t\t\t<div class=\"raven-post\">\n\t\t\t\t\t\t<div class=\"raven-post-image-wrap\">\n\t\t\t<a class=\"raven-post-image raven-image-fit\" href=\"https:\/\/beysanmachine.com\/ru\/%d0%be%d0%b1%d0%bb%d0%b0%d1%81%d1%82%d1%8c-%d0%bf%d1%80%d0%b8%d0%bc%d0%b5%d0%bd%d0%b5%d0%bd%d0%b8%d1%8f\/%d0%bf%d0%b8%d1%89%d0%b5%d0%b2%d1%8b%d0%b5-%d0%bf%d1%80%d0%be%d0%b4%d1%83%d0%ba%d1%82%d1%8b-%d0%b8-%d0%bd%d0%b0%d0%bf%d0%b8%d1%82%d0%ba%d0%b8\/\"><img width=\"640\" height=\"423\" src=\"https:\/\/beysanmachine.com\/ru\/wp-content\/uploads\/2022\/12\/WhatsApp-Image-2022-12-15-at-17.41.28-1.jpeg\" class=\"attachment-large size-large wp-image-732\" alt=\"\" decoding=\"async\" srcset=\"https:\/\/beysanmachine.com\/ru\/wp-content\/uploads\/2022\/12\/WhatsApp-Image-2022-12-15-at-17.41.28-1.jpeg 640w, https:\/\/beysanmachine.com\/ru\/wp-content\/uploads\/2022\/12\/WhatsApp-Image-2022-12-15-at-17.41.28-1-300x198.jpeg 300w, https:\/\/beysanmachine.com\/ru\/wp-content\/uploads\/2022\/12\/WhatsApp-Image-2022-12-15-at-17.41.28-1-600x397.jpeg 600w\" sizes=\"(max-width: 640px) 100vw, 640px\" \/> <span class=\"raven-post-image-overlay\"><\/span><\/a>\t\t<\/div>\n\t\t\t\t\t\t<div class=\"raven-post-content\">\n\t\t\t\t\t<h3 class=\"raven-post-title\"><a class=\"raven-post-title-link\" href=\"https:\/\/beysanmachine.com\/ru\/%d0%be%d0%b1%d0%bb%d0%b0%d1%81%d1%82%d1%8c-%d0%bf%d1%80%d0%b8%d0%bc%d0%b5%d0%bd%d0%b5%d0%bd%d0%b8%d1%8f\/%d0%bf%d0%b8%d1%89%d0%b5%d0%b2%d1%8b%d0%b5-%d0%bf%d1%80%d0%be%d0%b4%d1%83%d0%ba%d1%82%d1%8b-%d0%b8-%d0%bd%d0%b0%d0%bf%d0%b8%d1%82%d0%ba%d0%b8\/\">\u041f\u0438\u0449\u0435\u0432\u044b\u0435 \u041f\u0440\u043e\u0434\u0443\u043a\u0442\u044b \u0438 \u041d\u0430\u043f\u0438\u0442\u043a\u0438<\/a><\/h3>\t\t\t\t<\/div>\n\t\t\t<\/div>\n\t\t<\/div>\n\t\t\t\t<div class=\"raven-grid-item raven-post-item post-372 page type-page status-publish has-post-thumbnail hentry\">\n\t\t\t<div class=\"raven-post\">\n\t\t\t\t\t\t<div class=\"raven-post-image-wrap\">\n\t\t\t<a class=\"raven-post-image raven-image-fit\" href=\"https:\/\/beysanmachine.com\/ru\/%d0%be%d0%b1%d0%bb%d0%b0%d1%81%d1%82%d1%8c-%d0%bf%d1%80%d0%b8%d0%bc%d0%b5%d0%bd%d0%b5%d0%bd%d0%b8%d1%8f\/%d1%85%d0%b8%d0%bc%d0%b8%d1%8f-%d0%bd%d0%b5%d1%84%d1%82%d0%b5%d1%85%d0%b8%d0%bc%d0%b8%d1%8f\/\"><img width=\"800\" height=\"445\" src=\"https:\/\/beysanmachine.com\/ru\/wp-content\/uploads\/2022\/11\/petrokimya-nedir.jpg\" class=\"attachment-large size-large wp-image-386\" alt=\"\" decoding=\"async\" srcset=\"https:\/\/beysanmachine.com\/ru\/wp-content\/uploads\/2022\/11\/petrokimya-nedir.jpg 800w, https:\/\/beysanmachine.com\/ru\/wp-content\/uploads\/2022\/11\/petrokimya-nedir-300x167.jpg 300w, https:\/\/beysanmachine.com\/ru\/wp-content\/uploads\/2022\/11\/petrokimya-nedir-768x427.jpg 768w, https:\/\/beysanmachine.com\/ru\/wp-content\/uploads\/2022\/11\/petrokimya-nedir-600x334.jpg 600w\" sizes=\"(max-width: 800px) 100vw, 800px\" \/> <span class=\"raven-post-image-overlay\"><\/span><\/a>\t\t<\/div>\n\t\t\t\t\t\t<div class=\"raven-post-content\">\n\t\t\t\t\t<h3 class=\"raven-post-title\"><a class=\"raven-post-title-link\" href=\"https:\/\/beysanmachine.com\/ru\/%d0%be%d0%b1%d0%bb%d0%b0%d1%81%d1%82%d1%8c-%d0%bf%d1%80%d0%b8%d0%bc%d0%b5%d0%bd%d0%b5%d0%bd%d0%b8%d1%8f\/%d1%85%d0%b8%d0%bc%d0%b8%d1%8f-%d0%bd%d0%b5%d1%84%d1%82%d0%b5%d1%85%d0%b8%d0%bc%d0%b8%d1%8f\/\">\u0425\u0438\u043c\u0438\u044f &amp; \u041d\u0435\u0444\u0442\u0435\u0445\u0438\u043c\u0438\u044f<\/a><\/h3>\t\t\t\t<\/div>\n\t\t\t<\/div>\n\t\t<\/div>\n\t\t\t\t<div class=\"raven-grid-item raven-post-item post-376 page type-page status-publish has-post-thumbnail hentry\">\n\t\t\t<div class=\"raven-post\">\n\t\t\t\t\t\t<div class=\"raven-post-image-wrap\">\n\t\t\t<a class=\"raven-post-image raven-image-fit\" href=\"https:\/\/beysanmachine.com\/ru\/%d0%be%d0%b1%d0%bb%d0%b0%d1%81%d1%82%d1%8c-%d0%bf%d1%80%d0%b8%d0%bc%d0%b5%d0%bd%d0%b5%d0%bd%d0%b8%d1%8f\/%d0%ba%d0%be%d1%81%d0%bc%d0%b5%d1%82%d0%b8%d1%87%d0%b5%d1%81%d0%ba%d0%b0%d1%8f-%d0%bf%d1%80%d0%be%d0%bc%d1%8b%d1%88%d0%bb%d0%b5%d0%bd%d0%bd%d0%be%d1%81%d1%82%d1%8c\/\"><img width=\"800\" height=\"534\" src=\"https:\/\/beysanmachine.com\/ru\/wp-content\/uploads\/2022\/12\/WhatsApp-Image-2022-12-16-at-10.01.49.jpeg\" class=\"attachment-large size-large wp-image-733\" alt=\"\" decoding=\"async\" srcset=\"https:\/\/beysanmachine.com\/ru\/wp-content\/uploads\/2022\/12\/WhatsApp-Image-2022-12-16-at-10.01.49.jpeg 800w, https:\/\/beysanmachine.com\/ru\/wp-content\/uploads\/2022\/12\/WhatsApp-Image-2022-12-16-at-10.01.49-300x200.jpeg 300w, https:\/\/beysanmachine.com\/ru\/wp-content\/uploads\/2022\/12\/WhatsApp-Image-2022-12-16-at-10.01.49-768x513.jpeg 768w, https:\/\/beysanmachine.com\/ru\/wp-content\/uploads\/2022\/12\/WhatsApp-Image-2022-12-16-at-10.01.49-600x401.jpeg 600w\" sizes=\"(max-width: 800px) 100vw, 800px\" \/> <span class=\"raven-post-image-overlay\"><\/span><\/a>\t\t<\/div>\n\t\t\t\t\t\t<div class=\"raven-post-content\">\n\t\t\t\t\t<h3 class=\"raven-post-title\"><a class=\"raven-post-title-link\" href=\"https:\/\/beysanmachine.com\/ru\/%d0%be%d0%b1%d0%bb%d0%b0%d1%81%d1%82%d1%8c-%d0%bf%d1%80%d0%b8%d0%bc%d0%b5%d0%bd%d0%b5%d0%bd%d0%b8%d1%8f\/%d0%ba%d0%be%d1%81%d0%bc%d0%b5%d1%82%d0%b8%d1%87%d0%b5%d1%81%d0%ba%d0%b0%d1%8f-%d0%bf%d1%80%d0%be%d0%bc%d1%8b%d1%88%d0%bb%d0%b5%d0%bd%d0%bd%d0%be%d1%81%d1%82%d1%8c\/\">\u041a\u043e\u0441\u043c\u0435\u0442\u0438\u0447\u0435\u0441\u043a\u0430\u044f \u041f\u0440\u043e\u043c\u044b\u0448\u043b\u0435\u043d\u043d\u043e\u0441\u0442\u044c<\/a><\/h3>\t\t\t\t<\/div>\n\t\t\t<\/div>\n\t\t<\/div>\n\t\t\t\t<\/div>\n\t\t\t\t<\/div>\n\t\t\t\t<\/div>\n\t\t\t\t\t<\/div>\n\t\t<\/div>\n\t\t\t\t\t\t\t<\/div>\n\t\t<\/section>\n\t\t\t\t\t\t\t<\/div>\n\t\t","protected":false},"excerpt":{"rendered":"<p>S\u00fct ve S\u00fct \u00dcr\u00fcnleri Yiyecek \u0130\u00e7ecek Kimya &amp; Petrokimya Kozmetik Sanayi<\/p>\n","protected":false},"author":1,"featured_media":0,"parent":0,"menu_order":0,"comment_status":"closed","ping_status":"closed","template":"","meta":[],"acf":[],"_links":{"self":[{"href":"https:\/\/beysanmachine.com\/ru\/wp-json\/wp\/v2\/pages\/361"}],"collection":[{"href":"https:\/\/beysanmachine.com\/ru\/wp-json\/wp\/v2\/pages"}],"about":[{"href":"https:\/\/beysanmachine.com\/ru\/wp-json\/wp\/v2\/types\/page"}],"author":[{"embeddable":true,"href":"https:\/\/beysanmachine.com\/ru\/wp-json\/wp\/v2\/users\/1"}],"replies":[{"embeddable":true,"href":"https:\/\/beysanmachine.com\/ru\/wp-json\/wp\/v2\/comments?post=361"}],"version-history":[{"count":8,"href":"https:\/\/beysanmachine.com\/ru\/wp-json\/wp\/v2\/pages\/361\/revisions"}],"predecessor-version":[{"id":875,"href":"https:\/\/beysanmachine.com\/ru\/wp-json\/wp\/v2\/pages\/361\/revisions\/875"}],"wp:attachment":[{"href":"https:\/\/beysanmachine.com\/ru\/wp-json\/wp\/v2\/media?parent=361"}],"curies":[{"name":"wp","href":"https:\/\/api.w.org\/{rel}","templated":true}]}}