{"id":16,"date":"2022-10-26T18:34:19","date_gmt":"2022-10-26T15:34:19","guid":{"rendered":"https:\/\/beysanmachine.com\/?page_id=16"},"modified":"2023-01-09T16:16:58","modified_gmt":"2023-01-09T13:16:58","slug":"%d0%bf%d1%80%d0%be%d0%b4%d1%83%d0%ba%d1%86%d0%b8%d1%8f","status":"publish","type":"page","link":"https:\/\/beysanmachine.com\/ru\/%d0%bf%d1%80%d0%be%d0%b4%d1%83%d0%ba%d1%86%d0%b8%d1%8f\/","title":{"rendered":"\u041f\u0440\u043e\u0434\u0443\u043a\u0446\u0438\u044f"},"content":{"rendered":"\t\t<div data-elementor-type=\"wp-page\" data-elementor-id=\"16\" class=\"elementor elementor-16\">\n\t\t\t\t\t\t\t\t\t<section class=\"elementor-section elementor-top-section elementor-element elementor-element-ff66600 elementor-section-boxed elementor-section-height-default elementor-section-height-default\" data-id=\"ff66600\" data-element_type=\"section\">\n\t\t\t\t\t\t<div class=\"elementor-container elementor-column-gap-default\">\n\t\t\t\t\t<div class=\"elementor-column elementor-col-100 elementor-top-column elementor-element elementor-element-8789214\" data-id=\"8789214\" data-element_type=\"column\">\n\t\t\t<div class=\"elementor-widget-wrap elementor-element-populated\">\n\t\t\t\t\t\t\t\t<div class=\"elementor-element elementor-element-6bc621a elementor-widget elementor-widget-raven-categories\" data-id=\"6bc621a\" data-element_type=\"widget\" data-settings=\"{&quot;source&quot;:&quot;product&quot;,&quot;outer_content_columns&quot;:&quot;2&quot;,&quot;_skin&quot;:&quot;outer_content&quot;,&quot;outer_content_layout&quot;:&quot;grid&quot;,&quot;outer_content_columns_tablet&quot;:&quot;2&quot;,&quot;outer_content_columns_mobile&quot;:&quot;1&quot;}\" data-widget_type=\"raven-categories.outer_content\">\n\t\t\t\t<div class=\"elementor-widget-container\">\n\t\t\t\t\t<div class=\"raven-categories-grid raven-categories-skin-outer_content\">\n\t\t\t\t\t<article class=\"raven-categories-item post-16 page type-page status-publish hentry\">\n\t\t\t\t\t<a href=\"https:\/\/beysanmachine.com\/ru\/\u0433\u043e\u043c\u043e\u0433\u0435\u043d\u0438\u0437\u0430\u0442\u043e\u0440\u044b\/\" class=\"raven-categories-img\">\n\t\t\t<img width=\"1000\" height=\"1000\" src=\"https:\/\/beysanmachine.com\/ru\/wp-content\/uploads\/2022\/10\/0005_Katman-1.jpg\" class=\"attachment-large size-large wp-image-128\" alt=\"\" decoding=\"async\" srcset=\"https:\/\/beysanmachine.com\/ru\/wp-content\/uploads\/2022\/10\/0005_Katman-1.jpg 1000w, https:\/\/beysanmachine.com\/ru\/wp-content\/uploads\/2022\/10\/0005_Katman-1-800x800.jpg 800w, https:\/\/beysanmachine.com\/ru\/wp-content\/uploads\/2022\/10\/0005_Katman-1-100x100.jpg 100w, https:\/\/beysanmachine.com\/ru\/wp-content\/uploads\/2022\/10\/0005_Katman-1-300x300.jpg 300w, https:\/\/beysanmachine.com\/ru\/wp-content\/uploads\/2022\/10\/0005_Katman-1-150x150.jpg 150w, https:\/\/beysanmachine.com\/ru\/wp-content\/uploads\/2022\/10\/0005_Katman-1-768x768.jpg 768w, https:\/\/beysanmachine.com\/ru\/wp-content\/uploads\/2022\/10\/0005_Katman-1-500x500.jpg 500w\" sizes=\"(max-width: 1000px) 100vw, 1000px\" \/>\t\t<\/a>\n\t\t\t\t\t<div class=\"raven-categories-content\">\n\t\t\t<h3 class=\"raven-categories-title\"><a href=\"https:\/\/beysanmachine.com\/ru\/\u0433\u043e\u043c\u043e\u0433\u0435\u043d\u0438\u0437\u0430\u0442\u043e\u0440\u044b\/\">\u0413\u043e\u043c\u043e\u0433\u0435\u043d\u0438\u0437\u0430\u0442\u043e\u0440\u044b<\/a><\/h3>\t\t\t<\/div>\n\t\t<\/article>\n\t\t\t\t<article class=\"raven-categories-item post-16 page type-page status-publish hentry\">\n\t\t\t\t\t<a href=\"https:\/\/beysanmachine.com\/ru\/\u043e\u0431\u043e\u0440\u0443\u0434\u043e\u0432\u0430\u043d\u0438\u0435-\u0434\u043b\u044f-\u0440\u0430\u0437\u043b\u0438\u0432\u0430-\u0439\u043e\u0433\u0443\u0440\u0442\u0430\/\" class=\"raven-categories-img\">\n\t\t\t<img width=\"1000\" height=\"1000\" src=\"https:\/\/beysanmachine.com\/ru\/wp-content\/uploads\/2022\/10\/0003_a-yogurt-makinesi-beysan.jpg\" class=\"attachment-large size-large wp-image-126\" alt=\"\" decoding=\"async\" srcset=\"https:\/\/beysanmachine.com\/ru\/wp-content\/uploads\/2022\/10\/0003_a-yogurt-makinesi-beysan.jpg 1000w, https:\/\/beysanmachine.com\/ru\/wp-content\/uploads\/2022\/10\/0003_a-yogurt-makinesi-beysan-800x800.jpg 800w, https:\/\/beysanmachine.com\/ru\/wp-content\/uploads\/2022\/10\/0003_a-yogurt-makinesi-beysan-100x100.jpg 100w, https:\/\/beysanmachine.com\/ru\/wp-content\/uploads\/2022\/10\/0003_a-yogurt-makinesi-beysan-300x300.jpg 300w, https:\/\/beysanmachine.com\/ru\/wp-content\/uploads\/2022\/10\/0003_a-yogurt-makinesi-beysan-150x150.jpg 150w, https:\/\/beysanmachine.com\/ru\/wp-content\/uploads\/2022\/10\/0003_a-yogurt-makinesi-beysan-768x768.jpg 768w, https:\/\/beysanmachine.com\/ru\/wp-content\/uploads\/2022\/10\/0003_a-yogurt-makinesi-beysan-500x500.jpg 500w\" sizes=\"(max-width: 1000px) 100vw, 1000px\" \/>\t\t<\/a>\n\t\t\t\t\t<div class=\"raven-categories-content\">\n\t\t\t<h3 class=\"raven-categories-title\"><a href=\"https:\/\/beysanmachine.com\/ru\/\u043e\u0431\u043e\u0440\u0443\u0434\u043e\u0432\u0430\u043d\u0438\u0435-\u0434\u043b\u044f-\u0440\u0430\u0437\u043b\u0438\u0432\u0430-\u0439\u043e\u0433\u0443\u0440\u0442\u0430\/\">\u041e\u0431\u043e\u0440\u0443\u0434\u043e\u0432\u0430\u043d\u0438\u0435 \u0434\u043b\u044f \u0420\u0430\u0437\u043b\u0438\u0432\u0430 \u0419\u043e\u0433\u0443\u0440\u0442\u0430<\/a><\/h3>\t\t\t<\/div>\n\t\t<\/article>\n\t\t\t\t<article class=\"raven-categories-item post-16 page type-page status-publish hentry\">\n\t\t\t\t\t<a href=\"https:\/\/beysanmachine.com\/ru\/\u043e\u0431\u043e\u0440\u0443\u0434\u043e\u0432\u0430\u043d\u0438\u0435-\u0434\u043b\u044f-\u043f\u043e\u0434\u0430\u0447\u0438-\u0434\u0440\u043e\u0436\u0436\u0435\u0439\/\" class=\"raven-categories-img\">\n\t\t\t<img width=\"1000\" height=\"1000\" src=\"https:\/\/beysanmachine.com\/ru\/wp-content\/uploads\/2022\/10\/0002_maya-atma-makinesi-beysan.jpg\" class=\"attachment-large size-large wp-image-125\" alt=\"\" decoding=\"async\" srcset=\"https:\/\/beysanmachine.com\/ru\/wp-content\/uploads\/2022\/10\/0002_maya-atma-makinesi-beysan.jpg 1000w, https:\/\/beysanmachine.com\/ru\/wp-content\/uploads\/2022\/10\/0002_maya-atma-makinesi-beysan-800x800.jpg 800w, https:\/\/beysanmachine.com\/ru\/wp-content\/uploads\/2022\/10\/0002_maya-atma-makinesi-beysan-100x100.jpg 100w, https:\/\/beysanmachine.com\/ru\/wp-content\/uploads\/2022\/10\/0002_maya-atma-makinesi-beysan-300x300.jpg 300w, https:\/\/beysanmachine.com\/ru\/wp-content\/uploads\/2022\/10\/0002_maya-atma-makinesi-beysan-150x150.jpg 150w, https:\/\/beysanmachine.com\/ru\/wp-content\/uploads\/2022\/10\/0002_maya-atma-makinesi-beysan-768x768.jpg 768w, https:\/\/beysanmachine.com\/ru\/wp-content\/uploads\/2022\/10\/0002_maya-atma-makinesi-beysan-500x500.jpg 500w\" sizes=\"(max-width: 1000px) 100vw, 1000px\" \/>\t\t<\/a>\n\t\t\t\t\t<div class=\"raven-categories-content\">\n\t\t\t<h3 class=\"raven-categories-title\"><a href=\"https:\/\/beysanmachine.com\/ru\/\u043e\u0431\u043e\u0440\u0443\u0434\u043e\u0432\u0430\u043d\u0438\u0435-\u0434\u043b\u044f-\u043f\u043e\u0434\u0430\u0447\u0438-\u0434\u0440\u043e\u0436\u0436\u0435\u0439\/\">\u041e\u0431\u043e\u0440\u0443\u0434\u043e\u0432\u0430\u043d\u0438\u0435 \u0434\u043b\u044f \u041f\u043e\u0434\u0430\u0447\u0438 \u0414\u0440\u043e\u0436\u0436\u0435\u0439<\/a><\/h3>\t\t\t<\/div>\n\t\t<\/article>\n\t\t\t\t<article class=\"raven-categories-item post-16 page type-page status-publish hentry\">\n\t\t\t\t\t<a href=\"https:\/\/beysanmachine.com\/ru\/\u043e\u0431\u043e\u0440\u0443\u0434\u043e\u0432\u0430\u043d\u0438\u044f-\u0434\u043b\u044f-\u043c\u043e\u043b\u043e\u0447\u043d\u043e\u0439-\u043f\u0440\u043e\u043c\u044b\u0448\u043b\u0435\u043d\/\" class=\"raven-categories-img\">\n\t\t\t<img width=\"1000\" height=\"1000\" src=\"https:\/\/beysanmachine.com\/ru\/wp-content\/uploads\/2022\/12\/12.jpg\" class=\"attachment-large size-large wp-image-683\" alt=\"\" decoding=\"async\" srcset=\"https:\/\/beysanmachine.com\/ru\/wp-content\/uploads\/2022\/12\/12.jpg 1000w, https:\/\/beysanmachine.com\/ru\/wp-content\/uploads\/2022\/12\/12-800x800.jpg 800w, https:\/\/beysanmachine.com\/ru\/wp-content\/uploads\/2022\/12\/12-100x100.jpg 100w, https:\/\/beysanmachine.com\/ru\/wp-content\/uploads\/2022\/12\/12-300x300.jpg 300w, https:\/\/beysanmachine.com\/ru\/wp-content\/uploads\/2022\/12\/12-150x150.jpg 150w, https:\/\/beysanmachine.com\/ru\/wp-content\/uploads\/2022\/12\/12-768x768.jpg 768w, https:\/\/beysanmachine.com\/ru\/wp-content\/uploads\/2022\/12\/12-500x500.jpg 500w\" sizes=\"(max-width: 1000px) 100vw, 1000px\" \/>\t\t<\/a>\n\t\t\t\t\t<div class=\"raven-categories-content\">\n\t\t\t<h3 class=\"raven-categories-title\"><a href=\"https:\/\/beysanmachine.com\/ru\/\u043e\u0431\u043e\u0440\u0443\u0434\u043e\u0432\u0430\u043d\u0438\u044f-\u0434\u043b\u044f-\u043c\u043e\u043b\u043e\u0447\u043d\u043e\u0439-\u043f\u0440\u043e\u043c\u044b\u0448\u043b\u0435\u043d\/\">\u041e\u0431\u043e\u0440\u0443\u0434\u043e\u0432\u0430\u043d\u0438\u044f \u0434\u043b\u044f \u041c\u043e\u043b\u043e\u0447\u043d\u043e\u0439 \u041f\u0440\u043e\u043c\u044b\u0448\u043b\u0435\u043d\u043d\u043e\u0441\u0442\u0438<\/a><\/h3>\t\t\t<\/div>\n\t\t<\/article>\n\t\t\t\t<\/div>\n\t\t\t\t<\/div>\n\t\t\t\t<\/div>\n\t\t\t\t\t<\/div>\n\t\t<\/div>\n\t\t\t\t\t\t\t<\/div>\n\t\t<\/section>\n\t\t\t\t\t\t\t<\/div>\n\t\t","protected":false},"excerpt":{"rendered":"<p>Homojenizat\u00f6r Yo\u011furt Dolum Makinalar\u0131 Maya Atma Makineleri S\u00fct End\u00fcstri Ekipmanlar\u0131<\/p>\n","protected":false},"author":1,"featured_media":0,"parent":0,"menu_order":0,"comment_status":"closed","ping_status":"closed","template":"","meta":[],"acf":[],"_links":{"self":[{"href":"https:\/\/beysanmachine.com\/ru\/wp-json\/wp\/v2\/pages\/16"}],"collection":[{"href":"https:\/\/beysanmachine.com\/ru\/wp-json\/wp\/v2\/pages"}],"about":[{"href":"https:\/\/beysanmachine.com\/ru\/wp-json\/wp\/v2\/types\/page"}],"author":[{"embeddable":true,"href":"https:\/\/beysanmachine.com\/ru\/wp-json\/wp\/v2\/users\/1"}],"replies":[{"embeddable":true,"href":"https:\/\/beysanmachine.com\/ru\/wp-json\/wp\/v2\/comments?post=16"}],"version-history":[{"count":11,"href":"https:\/\/beysanmachine.com\/ru\/wp-json\/wp\/v2\/pages\/16\/revisions"}],"predecessor-version":[{"id":912,"href":"https:\/\/beysanmachine.com\/ru\/wp-json\/wp\/v2\/pages\/16\/revisions\/912"}],"wp:attachment":[{"href":"https:\/\/beysanmachine.com\/ru\/wp-json\/wp\/v2\/media?parent=16"}],"curies":[{"name":"wp","href":"https:\/\/api.w.org\/{rel}","templated":true}]}}