{"id":557,"date":"2022-11-28T18:41:12","date_gmt":"2022-11-28T15:41:12","guid":{"rendered":"https:\/\/beysanmachine.com\/?page_id=557"},"modified":"2023-01-05T11:38:11","modified_gmt":"2023-01-05T08:38:11","slug":"notre-politique-de-qualite","status":"publish","type":"page","link":"https:\/\/beysanmachine.com\/fr\/notre-politique-de-qualite\/","title":{"rendered":"Notre Politique de Qualit\u00e9"},"content":{"rendered":"\t\t<div data-elementor-type=\"wp-page\" data-elementor-id=\"557\" class=\"elementor elementor-557\">\n\t\t\t\t\t\t\t\t\t<section class=\"elementor-section elementor-top-section elementor-element elementor-element-0a05e57 elementor-section-boxed elementor-section-height-default elementor-section-height-default\" data-id=\"0a05e57\" data-element_type=\"section\" data-settings=\"{&quot;background_background&quot;:&quot;classic&quot;}\">\n\t\t\t\t\t\t\t<div class=\"elementor-background-overlay\"><\/div>\n\t\t\t\t\t\t\t<div class=\"elementor-container elementor-column-gap-default\">\n\t\t\t\t\t<div class=\"elementor-column elementor-col-100 elementor-top-column elementor-element elementor-element-5d929e5\" data-id=\"5d929e5\" data-element_type=\"column\">\n\t\t\t<div class=\"elementor-widget-wrap elementor-element-populated\">\n\t\t\t\t\t\t\t\t<div class=\"elementor-element elementor-element-3ba46ad elementor-widget elementor-widget-heading\" data-id=\"3ba46ad\" data-element_type=\"widget\" data-widget_type=\"heading.default\">\n\t\t\t\t<div class=\"elementor-widget-container\">\n\t\t\t<style>\/*! elementor - v3.9.2 - 21-12-2022 *\/\n.elementor-heading-title{padding:0;margin:0;line-height:1}.elementor-widget-heading .elementor-heading-title[class*=elementor-size-]>a{color:inherit;font-size:inherit;line-height:inherit}.elementor-widget-heading .elementor-heading-title.elementor-size-small{font-size:15px}.elementor-widget-heading .elementor-heading-title.elementor-size-medium{font-size:19px}.elementor-widget-heading .elementor-heading-title.elementor-size-large{font-size:29px}.elementor-widget-heading .elementor-heading-title.elementor-size-xl{font-size:39px}.elementor-widget-heading .elementor-heading-title.elementor-size-xxl{font-size:59px}<\/style><h2 class=\"elementor-heading-title elementor-size-default\">NOTRE POLITIQUE DE QUALITE<\/h2>\t\t<\/div>\n\t\t\t\t<\/div>\n\t\t\t\t<div class=\"elementor-element elementor-element-89a3cbd elementor-widget elementor-widget-text-editor\" data-id=\"89a3cbd\" data-element_type=\"widget\" data-widget_type=\"text-editor.default\">\n\t\t\t\t<div class=\"elementor-widget-container\">\n\t\t\t<style>\/*! elementor - v3.9.2 - 21-12-2022 *\/\n.elementor-widget-text-editor.elementor-drop-cap-view-stacked .elementor-drop-cap{background-color:#818a91;color:#fff}.elementor-widget-text-editor.elementor-drop-cap-view-framed .elementor-drop-cap{color:#818a91;border:3px solid;background-color:transparent}.elementor-widget-text-editor:not(.elementor-drop-cap-view-default) .elementor-drop-cap{margin-top:8px}.elementor-widget-text-editor:not(.elementor-drop-cap-view-default) .elementor-drop-cap-letter{width:1em;height:1em}.elementor-widget-text-editor .elementor-drop-cap{float:left;text-align:center;line-height:1;font-size:50px}.elementor-widget-text-editor .elementor-drop-cap-letter{display:inline-block}<\/style>\t\t\t\t<p>Notre objectif est de produire des produits fiables et durables qui r\u00e9pondent aux attentes de nos clients en visant la perfection.<\/p><p>Dans ce but; nous am\u00e9liorons constamment nos produits et processus ainsi que notre syst\u00e8me de gestion de qualit\u00e9 en appliquant et en suivant les normes internationales. Nous visons \u00e0 \u00eatre le pionnier de notre pays dans la production de machines et \u00e0 \u00eatre le partenaire commercial que nos clients souhaitent dans notre domaine sur le march\u00e9 international.<\/p><p>Gr\u00e2ce \u00e0 nos investissements technologiques continus, nous augmentons jour apr\u00e8s jour l&rsquo;efficacit\u00e9 et la comp\u00e9titivit\u00e9 de notre production et nous utilisons nos ressources plus efficacement. Pour que la satisfaction de nos clients soit permanente, nous \u00e9valuons l&rsquo;\u00e9volution des attentes de nos clients et veillons \u00e0 ce qu&rsquo;elle se propage rapidement de la haute direction au personnel du plus bas niveau.<\/p><p>Nous cr\u00e9ons et encourageons des opportunit\u00e9s de formation continue afin que chacun dans notre organisation puisse devenir plus comp\u00e9tent et capable d&rsquo;utiliser ses comp\u00e9tences au plus haut niveau.<\/p><p>Nous agissons avec la conscience que nous pouvons d\u00e9velopper le succ\u00e8s que nous visons, en harmonie avec nos parties prenantes, clients et fournisseurs, avec les points internes et externes, et \u00e0 travers des partenariats commerciaux strat\u00e9giques.<\/p><p>En tant que BEYSAN, nous nous engageons aupr\u00e8s de toutes nos parties prenantes, clients, fournisseurs et employ\u00e9s \u00e0 \u0153uvrer pour un \u00ab\u00a0DEVELOPPEMENT CONTINU\u00a0\u00bb en remplissant les exigences de nos responsabilit\u00e9s, conform\u00e9ment \u00e0 tous ces principes, dans le respect des lois et r\u00e8glements, comme cl\u00e9 pour atteindre les objectifs de qualit\u00e9.<\/p>\t\t\t\t\t\t<\/div>\n\t\t\t\t<\/div>\n\t\t\t\t\t<\/div>\n\t\t<\/div>\n\t\t\t\t\t\t\t<\/div>\n\t\t<\/section>\n\t\t\t\t\t\t\t<\/div>\n\t\t","protected":false},"excerpt":{"rendered":"<p>NOTRE POLITIQUE DE QUALITE Notre objectif est de produire des produits fiables et durables qui r\u00e9pondent aux attentes de nos clients en visant la perfection. Dans ce but; nous am\u00e9liorons constamment nos produits et processus ainsi que notre syst\u00e8me de gestion de qualit\u00e9 en appliquant et en suivant les normes internationales. Nous visons \u00e0 \u00eatre [&hellip;]<\/p>\n","protected":false},"author":1,"featured_media":0,"parent":0,"menu_order":0,"comment_status":"closed","ping_status":"closed","template":"","meta":[],"acf":[],"_links":{"self":[{"href":"https:\/\/beysanmachine.com\/fr\/wp-json\/wp\/v2\/pages\/557"}],"collection":[{"href":"https:\/\/beysanmachine.com\/fr\/wp-json\/wp\/v2\/pages"}],"about":[{"href":"https:\/\/beysanmachine.com\/fr\/wp-json\/wp\/v2\/types\/page"}],"author":[{"embeddable":true,"href":"https:\/\/beysanmachine.com\/fr\/wp-json\/wp\/v2\/users\/1"}],"replies":[{"embeddable":true,"href":"https:\/\/beysanmachine.com\/fr\/wp-json\/wp\/v2\/comments?post=557"}],"version-history":[{"count":12,"href":"https:\/\/beysanmachine.com\/fr\/wp-json\/wp\/v2\/pages\/557\/revisions"}],"predecessor-version":[{"id":850,"href":"https:\/\/beysanmachine.com\/fr\/wp-json\/wp\/v2\/pages\/557\/revisions\/850"}],"wp:attachment":[{"href":"https:\/\/beysanmachine.com\/fr\/wp-json\/wp\/v2\/media?parent=557"}],"curies":[{"name":"wp","href":"https:\/\/api.w.org\/{rel}","templated":true}]}}