{"id":376,"date":"2022-11-14T15:06:54","date_gmt":"2022-11-14T12:06:54","guid":{"rendered":"https:\/\/beysanmachine.com\/?page_id=376"},"modified":"2023-01-06T10:26:28","modified_gmt":"2023-01-06T07:26:28","slug":"industrie-cosmetique","status":"publish","type":"page","link":"https:\/\/beysanmachine.com\/fr\/zones-dutilisation\/industrie-cosmetique\/","title":{"rendered":"Industrie Cosm\u00e9tique"},"content":{"rendered":"\n<p>Les homog\u00e9n\u00e9isateurs haute pression sont \u00e9galement utilis\u00e9s dans l&rsquo;industrie cosm\u00e9tique. Le processus d&rsquo;homog\u00e9n\u00e9isation est appliqu\u00e9 dans la production de produits tels que les cr\u00e8mes solaires, les cr\u00e8mes de soins, les rouges \u00e0 l\u00e8vres, les parfums. L&rsquo;homog\u00e9n\u00e9isateur haute pression assure la stabilit\u00e9 du produit et am\u00e9liore la qualit\u00e9 du produit en r\u00e9duisant la taille des particules. L&rsquo;utilisation d&rsquo;un homog\u00e9n\u00e9isateur haute pression dans l&rsquo;industrie cosm\u00e9tique garantit que le produit soit produit sous une forme plus stable et plus dense, prolongeant ainsi la dur\u00e9e de conservation du produit. Ainsi, alors que la dur\u00e9e de conservation des produits est prolong\u00e9e, la s\u00e9paration du produit en phases durant la dur\u00e9e de conservation est emp\u00each\u00e9e.<\/p>\n\n\n\n<p><strong>Cr\u00e8mes solaires \/ cr\u00e8mes de soins de la peau:<\/strong><\/p>\n\n\n\n<p>Le processus d&rsquo;homog\u00e9n\u00e9isation est une \u00e9tape qui peut \u00eatre appliqu\u00e9e dans la production de cr\u00e8mes de soin de la peau. Les cr\u00e8mes de soins de la peau contiennent diff\u00e9rents produits \u00e0 base de plantes ou acides selon le contenu de la cr\u00e8me et sont en fait un m\u00e9lange. Pour que ce m\u00e9lange soit efficace et utilisable, les produits doivent \u00eatre dispers\u00e9s de fa\u00e7on homog\u00e8ne. Ainsi, alors que la dur\u00e9e de conservation des produits est prolong\u00e9e, la s\u00e9paration du produit en phases durant la dur\u00e9e de conservation est emp\u00each\u00e9e. L&rsquo;utilisation d&rsquo;un homog\u00e9n\u00e9isateur \u00e0 haute pression assure la stabilit\u00e9 de ces produits et augmente les performances du produit \u00e0 des niveaux plus \u00e9lev\u00e9s.<\/p>\n\n\n\n<p><strong>Rouge \u00e0 l\u00e8vres et Lipsticks:<\/strong><\/p>\n\n\n\n<p>Le processus d&rsquo;homog\u00e9n\u00e9isation est une \u00e9tape qui peut \u00eatre appliqu\u00e9e dans la production de rouges \u00e0 l\u00e8vres et de lipsticks. Les rouges \u00e0 l\u00e8vres et les lipsticks contiennent diff\u00e9rents produits \u00e0 base de plantes, diverses huiles et pigments de couleur en fonction de leur teneur en mati\u00e8res premi\u00e8res. Pour que ce m\u00e9lange soit efficace et utilisable, les mati\u00e8res premi\u00e8res doivent \u00eatre r\u00e9parties de mani\u00e8re homog\u00e8ne. Sinon, l&rsquo;utilisateur du produit rencontrera des probl\u00e8mes tels que des probl\u00e8mes de pigmentation, des saignements et des probl\u00e8mes de contamination. Avec le processus d&rsquo;homog\u00e9n\u00e9isation, la dur\u00e9e de conservation des produits est prolong\u00e9e et le produit est emp\u00each\u00e9 de se s\u00e9parer en phases pendant la dur\u00e9e de conservation. En m\u00eame temps, la stabilit\u00e9 est assur\u00e9e dans la production de produits.<\/p>\n\n\n\n<p>L&rsquo;utilisation d&rsquo;un homog\u00e9n\u00e9isateur haute pression assure la stabilit\u00e9 de ces produits et augmente les performances du produit \u00e0 des niveaux plus \u00e9lev\u00e9s.<\/p>\n\n\n\n<p><\/p>\n\n\n\t\t<div data-elementor-type=\"section\" data-elementor-id=\"498\" class=\"elementor elementor-498\">\n\t\t\t\t\t\t\t\t\t<section class=\"elementor-section elementor-top-section elementor-element elementor-element-a2011b1 elementor-section-boxed elementor-section-height-default elementor-section-height-default\" data-id=\"a2011b1\" data-element_type=\"section\">\n\t\t\t\t\t\t<div class=\"elementor-container elementor-column-gap-default\">\n\t\t\t\t\t<div class=\"elementor-column elementor-col-100 elementor-top-column elementor-element elementor-element-f5d9ad7\" data-id=\"f5d9ad7\" data-element_type=\"column\">\n\t\t\t<div class=\"elementor-widget-wrap elementor-element-populated\">\n\t\t\t\t\t\t\t\t<div class=\"elementor-element elementor-element-efc5397 elementor-tabs-alignment-center elementor-tabs-view-horizontal elementor-widget elementor-widget-tabs\" data-id=\"efc5397\" data-element_type=\"widget\" data-widget_type=\"tabs.default\">\n\t\t\t\t<div class=\"elementor-widget-container\">\n\t\t\t<style>\/*! elementor - v3.9.2 - 21-12-2022 *\/\n.elementor-widget-tabs.elementor-tabs-view-vertical .elementor-tabs-wrapper{width:25%;flex-shrink:0}.elementor-widget-tabs.elementor-tabs-view-vertical .elementor-tab-desktop-title.elementor-active{border-right-style:none}.elementor-widget-tabs.elementor-tabs-view-vertical .elementor-tab-desktop-title.elementor-active:after,.elementor-widget-tabs.elementor-tabs-view-vertical .elementor-tab-desktop-title.elementor-active:before{height:999em;width:0;right:0;border-right-style:solid}.elementor-widget-tabs.elementor-tabs-view-vertical .elementor-tab-desktop-title.elementor-active:before{top:0;transform:translateY(-100%)}.elementor-widget-tabs.elementor-tabs-view-vertical .elementor-tab-desktop-title.elementor-active:after{top:100%}.elementor-widget-tabs.elementor-tabs-view-horizontal .elementor-tab-desktop-title{display:table-cell}.elementor-widget-tabs.elementor-tabs-view-horizontal .elementor-tab-desktop-title.elementor-active{border-bottom-style:none}.elementor-widget-tabs.elementor-tabs-view-horizontal .elementor-tab-desktop-title.elementor-active:after,.elementor-widget-tabs.elementor-tabs-view-horizontal .elementor-tab-desktop-title.elementor-active:before{bottom:0;height:0;width:999em;border-bottom-style:solid}.elementor-widget-tabs.elementor-tabs-view-horizontal .elementor-tab-desktop-title.elementor-active:before{right:100%}.elementor-widget-tabs.elementor-tabs-view-horizontal .elementor-tab-desktop-title.elementor-active:after{left:100%}.elementor-widget-tabs .elementor-tab-content,.elementor-widget-tabs .elementor-tab-title,.elementor-widget-tabs .elementor-tab-title:after,.elementor-widget-tabs .elementor-tab-title:before,.elementor-widget-tabs .elementor-tabs-content-wrapper{border:1px #d4d4d4}.elementor-widget-tabs .elementor-tabs{text-align:left}.elementor-widget-tabs .elementor-tabs-wrapper{overflow:hidden}.elementor-widget-tabs .elementor-tab-title{cursor:pointer;outline:var(--focus-outline,none)}.elementor-widget-tabs .elementor-tab-desktop-title{position:relative;padding:20px 25px;font-weight:700;line-height:1;border:solid transparent}.elementor-widget-tabs .elementor-tab-desktop-title.elementor-active{border-color:#d4d4d4}.elementor-widget-tabs .elementor-tab-desktop-title.elementor-active:after,.elementor-widget-tabs .elementor-tab-desktop-title.elementor-active:before{display:block;content:\"\";position:absolute}.elementor-widget-tabs .elementor-tab-desktop-title:focus-visible{border:1px solid #000}.elementor-widget-tabs .elementor-tab-mobile-title{padding:10px;cursor:pointer}.elementor-widget-tabs .elementor-tab-content{padding:20px;display:none}@media (max-width:767px){.elementor-tabs .elementor-tab-content,.elementor-tabs .elementor-tab-title{border-style:solid solid none}.elementor-tabs .elementor-tabs-wrapper{display:none}.elementor-tabs .elementor-tabs-content-wrapper{border-bottom-style:solid}.elementor-tabs .elementor-tab-content{padding:10px}}@media (min-width:768px){.elementor-widget-tabs.elementor-tabs-view-vertical .elementor-tabs{display:flex}.elementor-widget-tabs.elementor-tabs-view-vertical .elementor-tabs-wrapper{flex-direction:column}.elementor-widget-tabs.elementor-tabs-view-vertical .elementor-tabs-content-wrapper{flex-grow:1;border-style:solid solid solid none}.elementor-widget-tabs.elementor-tabs-view-horizontal .elementor-tab-content{border-style:none solid solid}.elementor-widget-tabs.elementor-tabs-alignment-center .elementor-tabs-wrapper,.elementor-widget-tabs.elementor-tabs-alignment-end .elementor-tabs-wrapper,.elementor-widget-tabs.elementor-tabs-alignment-stretch .elementor-tabs-wrapper{display:flex}.elementor-widget-tabs.elementor-tabs-alignment-center .elementor-tabs-wrapper{justify-content:center}.elementor-widget-tabs.elementor-tabs-alignment-end .elementor-tabs-wrapper{justify-content:flex-end}.elementor-widget-tabs.elementor-tabs-alignment-stretch.elementor-tabs-view-horizontal .elementor-tab-title{width:100%}.elementor-widget-tabs.elementor-tabs-alignment-stretch.elementor-tabs-view-vertical .elementor-tab-title{height:100%}.elementor-tabs .elementor-tab-mobile-title{display:none}}<\/style>\t\t<div class=\"elementor-tabs\">\n\t\t\t<div class=\"elementor-tabs-wrapper\" role=\"tablist\" >\n\t\t\t\t\t\t\t\t\t<div id=\"elementor-tab-title-2511\" class=\"elementor-tab-title elementor-tab-desktop-title\" aria-selected=\"true\" data-tab=\"1\" role=\"tab\" tabindex=\"0\" aria-controls=\"elementor-tab-content-2511\" aria-expanded=\"false\">Produits Connexes<\/div>\n\t\t\t\t\t\t\t\t\t<div id=\"elementor-tab-title-2512\" class=\"elementor-tab-title elementor-tab-desktop-title\" aria-selected=\"false\" data-tab=\"2\" role=\"tab\" tabindex=\"-1\" aria-controls=\"elementor-tab-content-2512\" aria-expanded=\"false\">Formulaire de Proposition<\/div>\n\t\t\t\t\t\t\t<\/div>\n\t\t\t<div class=\"elementor-tabs-content-wrapper\" role=\"tablist\" aria-orientation=\"vertical\">\n\t\t\t\t\t\t\t\t\t<div class=\"elementor-tab-title elementor-tab-mobile-title\" aria-selected=\"true\" data-tab=\"1\" role=\"tab\" tabindex=\"0\" aria-controls=\"elementor-tab-content-2511\" aria-expanded=\"false\">Produits Connexes<\/div>\n\t\t\t\t\t<div id=\"elementor-tab-content-2511\" class=\"elementor-tab-content elementor-clearfix\" data-tab=\"1\" role=\"tabpanel\" aria-labelledby=\"elementor-tab-title-2511\" tabindex=\"0\" hidden=\"false\">\t\t<div data-elementor-type=\"section\" data-elementor-id=\"501\" class=\"elementor elementor-501\">\n\t\t\t\t\t\t\t\t\t<section class=\"elementor-section elementor-top-section elementor-element elementor-element-925eac0 elementor-section-boxed elementor-section-height-default elementor-section-height-default\" data-id=\"925eac0\" data-element_type=\"section\">\n\t\t\t\t\t\t<div class=\"elementor-container elementor-column-gap-default\">\n\t\t\t\t\t<div class=\"elementor-column elementor-col-100 elementor-top-column elementor-element elementor-element-da9b48a\" data-id=\"da9b48a\" data-element_type=\"column\">\n\t\t\t<div class=\"elementor-widget-wrap elementor-element-populated\">\n\t\t\t\t\t\t\t\t<div class=\"elementor-element elementor-element-05b6059 elementor-widget elementor-widget-raven-posts\" data-id=\"05b6059\" data-element_type=\"widget\" data-settings=\"{&quot;_skin&quot;:&quot;classic&quot;,&quot;classic_layout&quot;:&quot;grid&quot;,&quot;classic_columns&quot;:&quot;3&quot;,&quot;classic_columns_tablet&quot;:&quot;2&quot;,&quot;classic_columns_mobile&quot;:&quot;1&quot;,&quot;query_posts_per_page&quot;:6,&quot;query_offset&quot;:0}\" data-widget_type=\"raven-posts.classic\">\n\t\t\t\t<div class=\"elementor-widget-container\">\n\t\t\t\t\t<div class=\"raven-posts raven-grid raven-grid-3 raven-grid-mobile-1 raven-grid-tablet-2\" data-post-id=\"501\" data-archive-query=\"\">\n\t\t\t\t<div class=\"raven-grid-item raven-post-item post-401 product type-product status-publish has-post-thumbnail hentry product_cat-homogeneisateur\">\n\t\t\t<div class=\"raven-post\">\n\t\t\t\t\t\t<div class=\"raven-post-image-wrap\">\n\t\t\t<a class=\"raven-post-image raven-image-fit\" href=\"https:\/\/beysanmachine.com\/fr\/hs11\/\"><img width=\"919\" height=\"855\" src=\"https:\/\/beysanmachine.com\/fr\/wp-content\/uploads\/2022\/11\/WhatsApp-Image-2022-12-30-at-09.54.51.jpeg\" class=\"attachment-large size-large wp-image-808\" alt=\"\" decoding=\"async\" loading=\"lazy\" srcset=\"https:\/\/beysanmachine.com\/fr\/wp-content\/uploads\/2022\/11\/WhatsApp-Image-2022-12-30-at-09.54.51.jpeg 919w, https:\/\/beysanmachine.com\/fr\/wp-content\/uploads\/2022\/11\/WhatsApp-Image-2022-12-30-at-09.54.51-800x744.jpeg 800w, https:\/\/beysanmachine.com\/fr\/wp-content\/uploads\/2022\/11\/WhatsApp-Image-2022-12-30-at-09.54.51-300x279.jpeg 300w, https:\/\/beysanmachine.com\/fr\/wp-content\/uploads\/2022\/11\/WhatsApp-Image-2022-12-30-at-09.54.51-768x715.jpeg 768w\" sizes=\"(max-width: 919px) 100vw, 919px\" \/> <span class=\"raven-post-image-overlay\"><\/span><\/a>\t\t<\/div>\n\t\t\t\t\t\t<div class=\"raven-post-content\">\n\t\t\t\t\t<h3 class=\"raven-post-title\"><a class=\"raven-post-title-link\" href=\"https:\/\/beysanmachine.com\/fr\/hs11\/\">HS11<\/a><\/h3>\t\t\t\t<\/div>\n\t\t\t<\/div>\n\t\t<\/div>\n\t\t\t\t<div class=\"raven-grid-item raven-post-item post-402 product type-product status-publish has-post-thumbnail hentry product_cat-homogeneisateur\">\n\t\t\t<div class=\"raven-post\">\n\t\t\t\t\t\t<div class=\"raven-post-image-wrap\">\n\t\t\t<a class=\"raven-post-image raven-image-fit\" href=\"https:\/\/beysanmachine.com\/fr\/hs15\/\"><img width=\"919\" height=\"855\" src=\"https:\/\/beysanmachine.com\/fr\/wp-content\/uploads\/2022\/11\/WhatsApp-Image-2022-12-28-at-10.11-1-1.jpg\" class=\"attachment-large size-large wp-image-809\" alt=\"\" decoding=\"async\" loading=\"lazy\" srcset=\"https:\/\/beysanmachine.com\/fr\/wp-content\/uploads\/2022\/11\/WhatsApp-Image-2022-12-28-at-10.11-1-1.jpg 919w, https:\/\/beysanmachine.com\/fr\/wp-content\/uploads\/2022\/11\/WhatsApp-Image-2022-12-28-at-10.11-1-1-300x279.jpg 300w, https:\/\/beysanmachine.com\/fr\/wp-content\/uploads\/2022\/11\/WhatsApp-Image-2022-12-28-at-10.11-1-1-768x715.jpg 768w\" sizes=\"(max-width: 919px) 100vw, 919px\" \/> <span class=\"raven-post-image-overlay\"><\/span><\/a>\t\t<\/div>\n\t\t\t\t\t\t<div class=\"raven-post-content\">\n\t\t\t\t\t<h3 class=\"raven-post-title\"><a class=\"raven-post-title-link\" href=\"https:\/\/beysanmachine.com\/fr\/hs15\/\">HS15<\/a><\/h3>\t\t\t\t<\/div>\n\t\t\t<\/div>\n\t\t<\/div>\n\t\t\t\t<div class=\"raven-grid-item raven-post-item post-134 product type-product status-publish has-post-thumbnail hentry product_cat-homogeneisateur\">\n\t\t\t<div class=\"raven-post\">\n\t\t\t\t\t\t<div class=\"raven-post-image-wrap\">\n\t\t\t<a class=\"raven-post-image raven-image-fit\" href=\"https:\/\/beysanmachine.com\/fr\/hs22\/\"><img width=\"1000\" height=\"1000\" src=\"https:\/\/beysanmachine.com\/fr\/wp-content\/uploads\/2022\/10\/Homjenizator_0003_HS22.jpg\" class=\"attachment-large size-large wp-image-135\" alt=\"\" decoding=\"async\" loading=\"lazy\" srcset=\"https:\/\/beysanmachine.com\/fr\/wp-content\/uploads\/2022\/10\/Homjenizator_0003_HS22.jpg 1000w, https:\/\/beysanmachine.com\/fr\/wp-content\/uploads\/2022\/10\/Homjenizator_0003_HS22-800x800.jpg 800w, https:\/\/beysanmachine.com\/fr\/wp-content\/uploads\/2022\/10\/Homjenizator_0003_HS22-100x100.jpg 100w, https:\/\/beysanmachine.com\/fr\/wp-content\/uploads\/2022\/10\/Homjenizator_0003_HS22-300x300.jpg 300w, https:\/\/beysanmachine.com\/fr\/wp-content\/uploads\/2022\/10\/Homjenizator_0003_HS22-150x150.jpg 150w, https:\/\/beysanmachine.com\/fr\/wp-content\/uploads\/2022\/10\/Homjenizator_0003_HS22-768x768.jpg 768w, https:\/\/beysanmachine.com\/fr\/wp-content\/uploads\/2022\/10\/Homjenizator_0003_HS22-500x500.jpg 500w\" sizes=\"(max-width: 1000px) 100vw, 1000px\" \/> <span class=\"raven-post-image-overlay\"><\/span><\/a>\t\t<\/div>\n\t\t\t\t\t\t<div class=\"raven-post-content\">\n\t\t\t\t\t<h3 class=\"raven-post-title\"><a class=\"raven-post-title-link\" href=\"https:\/\/beysanmachine.com\/fr\/hs22\/\">HS22<\/a><\/h3>\t\t\t\t<\/div>\n\t\t\t<\/div>\n\t\t<\/div>\n\t\t\t\t<div class=\"raven-grid-item raven-post-item post-403 product type-product status-publish has-post-thumbnail hentry product_cat-homogeneisateur\">\n\t\t\t<div class=\"raven-post\">\n\t\t\t\t\t\t<div class=\"raven-post-image-wrap\">\n\t\t\t<a class=\"raven-post-image raven-image-fit\" href=\"https:\/\/beysanmachine.com\/fr\/hs30\/\"><img width=\"1000\" height=\"1000\" src=\"https:\/\/beysanmachine.com\/fr\/wp-content\/uploads\/2022\/10\/Homjenizator_0003_HS22.jpg\" class=\"attachment-large size-large wp-image-135\" alt=\"\" decoding=\"async\" loading=\"lazy\" srcset=\"https:\/\/beysanmachine.com\/fr\/wp-content\/uploads\/2022\/10\/Homjenizator_0003_HS22.jpg 1000w, https:\/\/beysanmachine.com\/fr\/wp-content\/uploads\/2022\/10\/Homjenizator_0003_HS22-800x800.jpg 800w, https:\/\/beysanmachine.com\/fr\/wp-content\/uploads\/2022\/10\/Homjenizator_0003_HS22-100x100.jpg 100w, https:\/\/beysanmachine.com\/fr\/wp-content\/uploads\/2022\/10\/Homjenizator_0003_HS22-300x300.jpg 300w, https:\/\/beysanmachine.com\/fr\/wp-content\/uploads\/2022\/10\/Homjenizator_0003_HS22-150x150.jpg 150w, https:\/\/beysanmachine.com\/fr\/wp-content\/uploads\/2022\/10\/Homjenizator_0003_HS22-768x768.jpg 768w, https:\/\/beysanmachine.com\/fr\/wp-content\/uploads\/2022\/10\/Homjenizator_0003_HS22-500x500.jpg 500w\" sizes=\"(max-width: 1000px) 100vw, 1000px\" \/> <span class=\"raven-post-image-overlay\"><\/span><\/a>\t\t<\/div>\n\t\t\t\t\t\t<div class=\"raven-post-content\">\n\t\t\t\t\t<h3 class=\"raven-post-title\"><a class=\"raven-post-title-link\" href=\"https:\/\/beysanmachine.com\/fr\/hs30\/\">HS30<\/a><\/h3>\t\t\t\t<\/div>\n\t\t\t<\/div>\n\t\t<\/div>\n\t\t\t\t<div class=\"raven-grid-item raven-post-item post-132 product type-product status-publish has-post-thumbnail hentry product_cat-homogeneisateur\">\n\t\t\t<div class=\"raven-post\">\n\t\t\t\t\t\t<div class=\"raven-post-image-wrap\">\n\t\t\t<a class=\"raven-post-image raven-image-fit\" href=\"https:\/\/beysanmachine.com\/fr\/hs37\/\"><img width=\"1000\" height=\"1000\" src=\"https:\/\/beysanmachine.com\/fr\/wp-content\/uploads\/2022\/10\/Homjenizator_0004_HS37.jpg\" class=\"attachment-large size-large wp-image-133\" alt=\"\" decoding=\"async\" loading=\"lazy\" srcset=\"https:\/\/beysanmachine.com\/fr\/wp-content\/uploads\/2022\/10\/Homjenizator_0004_HS37.jpg 1000w, https:\/\/beysanmachine.com\/fr\/wp-content\/uploads\/2022\/10\/Homjenizator_0004_HS37-800x800.jpg 800w, https:\/\/beysanmachine.com\/fr\/wp-content\/uploads\/2022\/10\/Homjenizator_0004_HS37-100x100.jpg 100w, https:\/\/beysanmachine.com\/fr\/wp-content\/uploads\/2022\/10\/Homjenizator_0004_HS37-300x300.jpg 300w, https:\/\/beysanmachine.com\/fr\/wp-content\/uploads\/2022\/10\/Homjenizator_0004_HS37-150x150.jpg 150w, https:\/\/beysanmachine.com\/fr\/wp-content\/uploads\/2022\/10\/Homjenizator_0004_HS37-768x768.jpg 768w, https:\/\/beysanmachine.com\/fr\/wp-content\/uploads\/2022\/10\/Homjenizator_0004_HS37-500x500.jpg 500w\" sizes=\"(max-width: 1000px) 100vw, 1000px\" \/> <span class=\"raven-post-image-overlay\"><\/span><\/a>\t\t<\/div>\n\t\t\t\t\t\t<div class=\"raven-post-content\">\n\t\t\t\t\t<h3 class=\"raven-post-title\"><a class=\"raven-post-title-link\" href=\"https:\/\/beysanmachine.com\/fr\/hs37\/\">HS37<\/a><\/h3>\t\t\t\t<\/div>\n\t\t\t<\/div>\n\t\t<\/div>\n\t\t\t\t<div class=\"raven-grid-item raven-post-item post-404 product type-product status-publish has-post-thumbnail hentry product_cat-homogeneisateur\">\n\t\t\t<div class=\"raven-post\">\n\t\t\t\t\t\t<div class=\"raven-post-image-wrap\">\n\t\t\t<a class=\"raven-post-image raven-image-fit\" href=\"https:\/\/beysanmachine.com\/fr\/hs45\/\"><img width=\"1000\" height=\"1000\" src=\"https:\/\/beysanmachine.com\/fr\/wp-content\/uploads\/2022\/10\/Homjenizator_0004_HS37.jpg\" class=\"attachment-large size-large wp-image-133\" alt=\"\" decoding=\"async\" loading=\"lazy\" srcset=\"https:\/\/beysanmachine.com\/fr\/wp-content\/uploads\/2022\/10\/Homjenizator_0004_HS37.jpg 1000w, https:\/\/beysanmachine.com\/fr\/wp-content\/uploads\/2022\/10\/Homjenizator_0004_HS37-800x800.jpg 800w, https:\/\/beysanmachine.com\/fr\/wp-content\/uploads\/2022\/10\/Homjenizator_0004_HS37-100x100.jpg 100w, https:\/\/beysanmachine.com\/fr\/wp-content\/uploads\/2022\/10\/Homjenizator_0004_HS37-300x300.jpg 300w, https:\/\/beysanmachine.com\/fr\/wp-content\/uploads\/2022\/10\/Homjenizator_0004_HS37-150x150.jpg 150w, https:\/\/beysanmachine.com\/fr\/wp-content\/uploads\/2022\/10\/Homjenizator_0004_HS37-768x768.jpg 768w, https:\/\/beysanmachine.com\/fr\/wp-content\/uploads\/2022\/10\/Homjenizator_0004_HS37-500x500.jpg 500w\" sizes=\"(max-width: 1000px) 100vw, 1000px\" \/> <span class=\"raven-post-image-overlay\"><\/span><\/a>\t\t<\/div>\n\t\t\t\t\t\t<div class=\"raven-post-content\">\n\t\t\t\t\t<h3 class=\"raven-post-title\"><a class=\"raven-post-title-link\" href=\"https:\/\/beysanmachine.com\/fr\/hs45\/\">HS45<\/a><\/h3>\t\t\t\t<\/div>\n\t\t\t<\/div>\n\t\t<\/div>\n\t\t\t\t<\/div>\n\t\t\t\t<\/div>\n\t\t\t\t<\/div>\n\t\t\t\t\t<\/div>\n\t\t<\/div>\n\t\t\t\t\t\t\t<\/div>\n\t\t<\/section>\n\t\t\t\t\t\t\t<\/div>\n\t\t<\/div>\n\t\t\t\t\t\t\t\t\t<div class=\"elementor-tab-title elementor-tab-mobile-title\" aria-selected=\"false\" data-tab=\"2\" role=\"tab\" tabindex=\"-1\" aria-controls=\"elementor-tab-content-2512\" aria-expanded=\"false\">Formulaire de Proposition<\/div>\n\t\t\t\t\t<div id=\"elementor-tab-content-2512\" class=\"elementor-tab-content elementor-clearfix\" data-tab=\"2\" role=\"tabpanel\" aria-labelledby=\"elementor-tab-title-2512\" tabindex=\"0\" hidden=\"hidden\"><div class=\"wpforms-container wpforms-container-full\" id=\"wpforms-334\"><form id=\"wpforms-form-334\" class=\"wpforms-validate wpforms-form\" data-formid=\"334\" method=\"post\" enctype=\"multipart\/form-data\" action=\"\/fr\/wp-json\/wp\/v2\/pages\/376\" data-token=\"81851afa4cbe86e40d92c95d6e32dd9d\"><noscript class=\"wpforms-error-noscript\">Veuillez activer JavaScript dans votre navigateur pour remplir ce formulaire.<\/noscript><div class=\"wpforms-field-container\"><div id=\"wpforms-334-field_1-container\" class=\"wpforms-field wpforms-field-text\" data-field-id=\"1\"><label class=\"wpforms-field-label wpforms-label-hide\" for=\"wpforms-334-field_1\">Ad Soyad <span class=\"wpforms-required-label\">*<\/span><\/label><input type=\"text\" id=\"wpforms-334-field_1\" class=\"wpforms-field-large wpforms-field-required\" name=\"wpforms[fields][1]\" placeholder=\"Ad Soyad\" required><\/div><div id=\"wpforms-334-field_3-container\" class=\"wpforms-field wpforms-field-email\" data-field-id=\"3\"><label class=\"wpforms-field-label wpforms-label-hide\" for=\"wpforms-334-field_3\">Email <span class=\"wpforms-required-label\">*<\/span><\/label><input type=\"email\" id=\"wpforms-334-field_3\" class=\"wpforms-field-large wpforms-field-required\" name=\"wpforms[fields][3]\" placeholder=\"Email\" required><\/div><div id=\"wpforms-334-field_5-container\" class=\"wpforms-field wpforms-field-phone\" data-field-id=\"5\"><label class=\"wpforms-field-label wpforms-label-hide\" for=\"wpforms-334-field_5\">Telefon <span class=\"wpforms-required-label\">*<\/span><\/label><input type=\"tel\" id=\"wpforms-334-field_5\" class=\"wpforms-field-large wpforms-field-required wpforms-smart-phone-field\" data-rule-smart-phone-field=\"true\" name=\"wpforms[fields][5]\" placeholder=\"Telefon\" required><\/div><div id=\"wpforms-334-field_6-container\" class=\"wpforms-field wpforms-field-textarea\" data-field-id=\"6\"><label class=\"wpforms-field-label wpforms-label-hide\" for=\"wpforms-334-field_6\">Mesaj\u0131n\u0131z<\/label><textarea id=\"wpforms-334-field_6\" class=\"wpforms-field-medium\" name=\"wpforms[fields][6]\" placeholder=\"Bize iletmek istedi\u011finiz mesaj\u0131\u0131z varsa yaz\u0131n\u0131z.\" ><\/textarea><\/div><\/div><div class=\"wpforms-recaptcha-container wpforms-is-recaptcha\"><div class=\"g-recaptcha\" data-sitekey=\"6Lc3tkIkAAAAAMh2HJI_oKIRj-h14m6AhffQrmf-\"><\/div><input type=\"text\" name=\"g-recaptcha-hidden\" class=\"wpforms-recaptcha-hidden\" style=\"position:absolute!important;clip:rect(0,0,0,0)!important;height:1px!important;width:1px!important;border:0!important;overflow:hidden!important;padding:0!important;margin:0!important;\" required><\/div><div class=\"wpforms-submit-container\"><input type=\"hidden\" name=\"wpforms[id]\" value=\"334\"><input type=\"hidden\" name=\"wpforms[author]\" value=\"1\"><button type=\"submit\" name=\"wpforms[submit]\" id=\"wpforms-submit-334\" class=\"wpforms-submit\" data-alt-text=\"G\u00f6nderiliyor...\" data-submit-text=\"G\u00f6nder\" aria-live=\"assertive\" value=\"wpforms-submit\">G\u00f6nder<\/button><\/div><\/form><\/div>  <!-- .wpforms-container --><\/div>\n\t\t\t\t\t\t\t<\/div>\n\t\t<\/div>\n\t\t\t\t<\/div>\n\t\t\t\t<\/div>\n\t\t\t\t\t<\/div>\n\t\t<\/div>\n\t\t\t\t\t\t\t<\/div>\n\t\t<\/section>\n\t\t\t\t\t\t\t<\/div>\n\t\t\n","protected":false},"excerpt":{"rendered":"<p>Les homog\u00e9n\u00e9isateurs haute pression sont \u00e9galement utilis\u00e9s dans l&rsquo;industrie cosm\u00e9tique. Le processus d&rsquo;homog\u00e9n\u00e9isation est appliqu\u00e9 dans la production de produits tels que les cr\u00e8mes solaires, les cr\u00e8mes de soins, les rouges \u00e0 l\u00e8vres, les parfums. L&rsquo;homog\u00e9n\u00e9isateur haute pression assure la stabilit\u00e9 du produit et am\u00e9liore la qualit\u00e9 du produit en r\u00e9duisant la taille des particules. [&hellip;]<\/p>\n","protected":false},"author":1,"featured_media":733,"parent":361,"menu_order":0,"comment_status":"closed","ping_status":"closed","template":"","meta":[],"acf":[],"_links":{"self":[{"href":"https:\/\/beysanmachine.com\/fr\/wp-json\/wp\/v2\/pages\/376"}],"collection":[{"href":"https:\/\/beysanmachine.com\/fr\/wp-json\/wp\/v2\/pages"}],"about":[{"href":"https:\/\/beysanmachine.com\/fr\/wp-json\/wp\/v2\/types\/page"}],"author":[{"embeddable":true,"href":"https:\/\/beysanmachine.com\/fr\/wp-json\/wp\/v2\/users\/1"}],"replies":[{"embeddable":true,"href":"https:\/\/beysanmachine.com\/fr\/wp-json\/wp\/v2\/comments?post=376"}],"version-history":[{"count":7,"href":"https:\/\/beysanmachine.com\/fr\/wp-json\/wp\/v2\/pages\/376\/revisions"}],"predecessor-version":[{"id":985,"href":"https:\/\/beysanmachine.com\/fr\/wp-json\/wp\/v2\/pages\/376\/revisions\/985"}],"up":[{"embeddable":true,"href":"https:\/\/beysanmachine.com\/fr\/wp-json\/wp\/v2\/pages\/361"}],"wp:featuredmedia":[{"embeddable":true,"href":"https:\/\/beysanmachine.com\/fr\/wp-json\/wp\/v2\/media\/733"}],"wp:attachment":[{"href":"https:\/\/beysanmachine.com\/fr\/wp-json\/wp\/v2\/media?parent=376"}],"curies":[{"name":"wp","href":"https:\/\/api.w.org\/{rel}","templated":true}]}}