{"id":353,"date":"2022-11-14T14:08:20","date_gmt":"2022-11-14T11:08:20","guid":{"rendered":"https:\/\/beysanmachine.com\/?page_id=353"},"modified":"2023-01-06T11:36:56","modified_gmt":"2023-01-06T08:36:56","slug":"blog","status":"publish","type":"page","link":"https:\/\/beysanmachine.com\/fr\/blog\/","title":{"rendered":"Blog"},"content":{"rendered":"\t\t<div data-elementor-type=\"wp-page\" data-elementor-id=\"353\" class=\"elementor elementor-353\">\n\t\t\t\t\t\t\t\t\t<section class=\"elementor-section elementor-top-section elementor-element elementor-element-d400a12 elementor-section-boxed elementor-section-height-default elementor-section-height-default\" data-id=\"d400a12\" data-element_type=\"section\">\n\t\t\t\t\t\t<div class=\"elementor-container elementor-column-gap-default\">\n\t\t\t\t\t<div class=\"elementor-column elementor-col-100 elementor-top-column elementor-element elementor-element-245a791\" data-id=\"245a791\" data-element_type=\"column\">\n\t\t\t<div class=\"elementor-widget-wrap elementor-element-populated\">\n\t\t\t\t\t\t\t\t<div class=\"elementor-element elementor-element-7627bd5 elementor-widget elementor-widget-raven-posts\" data-id=\"7627bd5\" data-element_type=\"widget\" data-settings=\"{&quot;query_posts_per_page&quot;:12,&quot;classic_columns&quot;:&quot;2&quot;,&quot;_skin&quot;:&quot;classic&quot;,&quot;classic_layout&quot;:&quot;grid&quot;,&quot;classic_columns_tablet&quot;:&quot;2&quot;,&quot;classic_columns_mobile&quot;:&quot;1&quot;,&quot;query_offset&quot;:0}\" data-widget_type=\"raven-posts.classic\">\n\t\t\t\t<div class=\"elementor-widget-container\">\n\t\t\t\t\t<div class=\"raven-posts raven-grid raven-grid-2 raven-grid-mobile-1 raven-grid-tablet-2\" data-post-id=\"353\" data-archive-query=\"\">\n\t\t\t\t<div class=\"raven-grid-item raven-post-item post-702 post type-post status-publish format-standard has-post-thumbnail hentry category-genel\">\n\t\t\t<div class=\"raven-post\">\n\t\t\t\t\t\t<div class=\"raven-post-image-wrap\">\n\t\t\t<a class=\"raven-post-image raven-image-fit\" href=\"https:\/\/beysanmachine.com\/fr\/salon-eurasie-des-machines-et-emballages-alimentaires-2022\/\"><img width=\"1024\" height=\"768\" src=\"https:\/\/beysanmachine.com\/fr\/wp-content\/uploads\/2022\/12\/8CD2BA91-46A9-488D-B898-0ACEEB678CAB_1_105_c.jpeg\" class=\"attachment-large size-large wp-image-704\" alt=\"\" decoding=\"async\" loading=\"lazy\" srcset=\"https:\/\/beysanmachine.com\/fr\/wp-content\/uploads\/2022\/12\/8CD2BA91-46A9-488D-B898-0ACEEB678CAB_1_105_c.jpeg 1024w, https:\/\/beysanmachine.com\/fr\/wp-content\/uploads\/2022\/12\/8CD2BA91-46A9-488D-B898-0ACEEB678CAB_1_105_c-800x600.jpeg 800w, https:\/\/beysanmachine.com\/fr\/wp-content\/uploads\/2022\/12\/8CD2BA91-46A9-488D-B898-0ACEEB678CAB_1_105_c-300x225.jpeg 300w, https:\/\/beysanmachine.com\/fr\/wp-content\/uploads\/2022\/12\/8CD2BA91-46A9-488D-B898-0ACEEB678CAB_1_105_c-768x576.jpeg 768w\" sizes=\"(max-width: 1024px) 100vw, 1024px\" \/> <span class=\"raven-post-image-overlay\"><\/span><\/a>\t\t<\/div>\n\t\t\t\t\t\t<div class=\"raven-post-content\">\n\t\t\t\t\t<h3 class=\"raven-post-title\"><a class=\"raven-post-title-link\" href=\"https:\/\/beysanmachine.com\/fr\/salon-eurasie-des-machines-et-emballages-alimentaires-2022\/\">Salon Eurasie des machines et emballages alimentaires 2022<\/a><\/h3>\t\t<div class=\"raven-post-meta\"><a class=\"raven-post-meta-item raven-post-date\" href=\"https:\/\/beysanmachine.com\/fr\/2022\/12\/\" rel=\"bookmark\">15 d\u00e9cembre 2022<\/a><\/div>\n\t\t\t\t<div class=\"raven-post-excerpt\">Nous aussi, nous \u00e9tions au salon d\u2019Emballage et des Mahcines Alimentaires qui s&rsquo;est tenu au centre de congr\u00e8s et d&rsquo;exposition Tuyap \u00e0 Istanbul du 12 au 15 octobre<\/div>\n\t\t\t\t<div class=\"raven-post-read-more\">\n\t\t\t<a class=\"raven-post-button\" href=\"https:\/\/beysanmachine.com\/fr\/salon-eurasie-des-machines-et-emballages-alimentaires-2022\/\"><span class=\"raven-post-button-text\">Lire la Suite...<\/span><\/a>\n\t\t<\/div>\n\t\t\t\t\t\t<\/div>\n\t\t\t<\/div>\n\t\t<\/div>\n\t\t\t\t<div class=\"raven-grid-item raven-post-item post-692 post type-post status-publish format-standard has-post-thumbnail hentry category-genel\">\n\t\t\t<div class=\"raven-post\">\n\t\t\t\t\t\t<div class=\"raven-post-image-wrap\">\n\t\t\t<a class=\"raven-post-image raven-image-fit\" href=\"https:\/\/beysanmachine.com\/fr\/salon-eurasie-des-machines-et-emballages-alimentaires-2021\/\"><img width=\"1024\" height=\"768\" src=\"https:\/\/beysanmachine.com\/fr\/wp-content\/uploads\/2022\/12\/IMG_5269-1024x768.jpeg\" class=\"attachment-large size-large wp-image-693\" alt=\"\" decoding=\"async\" loading=\"lazy\" srcset=\"https:\/\/beysanmachine.com\/fr\/wp-content\/uploads\/2022\/12\/IMG_5269-1024x768.jpeg 1024w, https:\/\/beysanmachine.com\/fr\/wp-content\/uploads\/2022\/12\/IMG_5269-scaled-800x600.jpeg 800w, https:\/\/beysanmachine.com\/fr\/wp-content\/uploads\/2022\/12\/IMG_5269-300x225.jpeg 300w, https:\/\/beysanmachine.com\/fr\/wp-content\/uploads\/2022\/12\/IMG_5269-768x576.jpeg 768w, https:\/\/beysanmachine.com\/fr\/wp-content\/uploads\/2022\/12\/IMG_5269-1536x1152.jpeg 1536w, https:\/\/beysanmachine.com\/fr\/wp-content\/uploads\/2022\/12\/IMG_5269-2048x1536.jpeg 2048w\" sizes=\"(max-width: 1024px) 100vw, 1024px\" \/> <span class=\"raven-post-image-overlay\"><\/span><\/a>\t\t<\/div>\n\t\t\t\t\t\t<div class=\"raven-post-content\">\n\t\t\t\t\t<h3 class=\"raven-post-title\"><a class=\"raven-post-title-link\" href=\"https:\/\/beysanmachine.com\/fr\/salon-eurasie-des-machines-et-emballages-alimentaires-2021\/\">Salon Eurasie des machines et emballages alimentaires 2021<\/a><\/h3>\t\t<div class=\"raven-post-meta\"><a class=\"raven-post-meta-item raven-post-date\" href=\"https:\/\/beysanmachine.com\/fr\/2022\/12\/\" rel=\"bookmark\">15 d\u00e9cembre 2022<\/a><\/div>\n\t\t\t\t<div class=\"raven-post-excerpt\">Nous aussi, nous \u00e9tions au salon d\u2019Emballage et des Mahcines Alimentaires qui s&rsquo;est tenu au centre de congr\u00e8s et d&rsquo;exposition Tuyap \u00e0 Istanbul.<\/div>\n\t\t\t\t<div class=\"raven-post-read-more\">\n\t\t\t<a class=\"raven-post-button\" href=\"https:\/\/beysanmachine.com\/fr\/salon-eurasie-des-machines-et-emballages-alimentaires-2021\/\"><span class=\"raven-post-button-text\">Lire la Suite...<\/span><\/a>\n\t\t<\/div>\n\t\t\t\t\t\t<\/div>\n\t\t\t<\/div>\n\t\t<\/div>\n\t\t\t\t<\/div>\n\t\t\t\t<\/div>\n\t\t\t\t<\/div>\n\t\t\t\t\t<\/div>\n\t\t<\/div>\n\t\t\t\t\t\t\t<\/div>\n\t\t<\/section>\n\t\t\t\t\t\t\t<\/div>\n\t\t","protected":false},"excerpt":{"rendered":"<p>Salon Eurasie des machines et emballages alimentaires 2022 15 Aral\u0131k 2022 Nous aussi, nous \u00e9tions au salon d\u2019Emballage et des Mahcines Alimentaires qui s&#8217;est tenu au centre de congr\u00e8s et d&#8217;exposition Tuyap \u00e0 Istanbul du 12 au 15 octobre Lire la Suite&#8230; Salon Eurasie des machines et emballages alimentaires 2021 15 Aral\u0131k 2022 Nous aussi, [&hellip;]<\/p>\n","protected":false},"author":1,"featured_media":0,"parent":0,"menu_order":0,"comment_status":"closed","ping_status":"closed","template":"","meta":[],"acf":[],"_links":{"self":[{"href":"https:\/\/beysanmachine.com\/fr\/wp-json\/wp\/v2\/pages\/353"}],"collection":[{"href":"https:\/\/beysanmachine.com\/fr\/wp-json\/wp\/v2\/pages"}],"about":[{"href":"https:\/\/beysanmachine.com\/fr\/wp-json\/wp\/v2\/types\/page"}],"author":[{"embeddable":true,"href":"https:\/\/beysanmachine.com\/fr\/wp-json\/wp\/v2\/users\/1"}],"replies":[{"embeddable":true,"href":"https:\/\/beysanmachine.com\/fr\/wp-json\/wp\/v2\/comments?post=353"}],"version-history":[{"count":9,"href":"https:\/\/beysanmachine.com\/fr\/wp-json\/wp\/v2\/pages\/353\/revisions"}],"predecessor-version":[{"id":1024,"href":"https:\/\/beysanmachine.com\/fr\/wp-json\/wp\/v2\/pages\/353\/revisions\/1024"}],"wp:attachment":[{"href":"https:\/\/beysanmachine.com\/fr\/wp-json\/wp\/v2\/media?parent=353"}],"curies":[{"name":"wp","href":"https:\/\/api.w.org\/{rel}","templated":true}]}}