{"id":11,"date":"2022-10-26T18:32:07","date_gmt":"2022-10-26T15:32:07","guid":{"rendered":"https:\/\/beysanmachine.com\/?page_id=11"},"modified":"2023-01-05T11:22:44","modified_gmt":"2023-01-05T08:22:44","slug":"a-propos-de-nous","status":"publish","type":"page","link":"https:\/\/beysanmachine.com\/fr\/a-propos-de-nous\/","title":{"rendered":"\u00c0 Propos de Nous"},"content":{"rendered":"\t\t<div data-elementor-type=\"wp-page\" data-elementor-id=\"11\" class=\"elementor elementor-11\">\n\t\t\t\t\t\t\t\t\t<section class=\"elementor-section elementor-top-section elementor-element elementor-element-8dada04 elementor-section-boxed elementor-section-height-default elementor-section-height-default\" data-id=\"8dada04\" data-element_type=\"section\" data-settings=\"{&quot;background_background&quot;:&quot;classic&quot;}\">\n\t\t\t\t\t\t\t<div class=\"elementor-background-overlay\"><\/div>\n\t\t\t\t\t\t\t<div class=\"elementor-container elementor-column-gap-default\">\n\t\t\t\t\t<div class=\"elementor-column elementor-col-100 elementor-top-column elementor-element elementor-element-66161da\" data-id=\"66161da\" data-element_type=\"column\">\n\t\t\t<div class=\"elementor-widget-wrap elementor-element-populated\">\n\t\t\t\t\t\t\t\t<div class=\"elementor-element elementor-element-5b8dc06 elementor-widget elementor-widget-heading\" data-id=\"5b8dc06\" data-element_type=\"widget\" data-widget_type=\"heading.default\">\n\t\t\t\t<div class=\"elementor-widget-container\">\n\t\t\t<style>\/*! elementor - v3.9.2 - 21-12-2022 *\/\n.elementor-heading-title{padding:0;margin:0;line-height:1}.elementor-widget-heading .elementor-heading-title[class*=elementor-size-]>a{color:inherit;font-size:inherit;line-height:inherit}.elementor-widget-heading .elementor-heading-title.elementor-size-small{font-size:15px}.elementor-widget-heading .elementor-heading-title.elementor-size-medium{font-size:19px}.elementor-widget-heading .elementor-heading-title.elementor-size-large{font-size:29px}.elementor-widget-heading .elementor-heading-title.elementor-size-xl{font-size:39px}.elementor-widget-heading .elementor-heading-title.elementor-size-xxl{font-size:59px}<\/style><h2 class=\"elementor-heading-title elementor-size-default\">\u00c0 PROPOS DE BEYSAN<\/h2>\t\t<\/div>\n\t\t\t\t<\/div>\n\t\t\t\t<div class=\"elementor-element elementor-element-70eefe1 elementor-widget elementor-widget-text-editor\" data-id=\"70eefe1\" data-element_type=\"widget\" data-widget_type=\"text-editor.default\">\n\t\t\t\t<div class=\"elementor-widget-container\">\n\t\t\t<style>\/*! elementor - v3.9.2 - 21-12-2022 *\/\n.elementor-widget-text-editor.elementor-drop-cap-view-stacked .elementor-drop-cap{background-color:#818a91;color:#fff}.elementor-widget-text-editor.elementor-drop-cap-view-framed .elementor-drop-cap{color:#818a91;border:3px solid;background-color:transparent}.elementor-widget-text-editor:not(.elementor-drop-cap-view-default) .elementor-drop-cap{margin-top:8px}.elementor-widget-text-editor:not(.elementor-drop-cap-view-default) .elementor-drop-cap-letter{width:1em;height:1em}.elementor-widget-text-editor .elementor-drop-cap{float:left;text-align:center;line-height:1;font-size:50px}.elementor-widget-text-editor .elementor-drop-cap-letter{display:inline-block}<\/style>\t\t\t\t<p>Les fondations de BEYSAN ont \u00e9t\u00e9 pos\u00e9es par \u0130smail Maden \u00e0 \u0130ZM\u0130R en 2006. Depuis 2006, elle a augment\u00e9 ses activit\u00e9s avec de nouveaux investissements technologiques dans son usine de production au site industriel d&rsquo;Izmir\/Estim.<\/p><p>En 2019, il a \u00e9t\u00e9 n\u00e9cessaire de cr\u00e9er une nouvelle soci\u00e9t\u00e9 afin de r\u00e9pondre aux demandes intenses des entreprises op\u00e9rant en Turquie et dans le monde dans une structure plus corporative, et dans ce sens, les fondations de Homsan, une soci\u00e9t\u00e9 d&rsquo;exportation sous le toit de Beysan, ont \u00e9t\u00e9 pos\u00e9es.<\/p><p>BEYSAN d\u00e9veloppe sa propre technologie et ses propres produits, en tenant compte de l&rsquo;\u00e9volution du march\u00e9 et des conditions de concurrence dans le monde\u00a0; elle investit dans sa puissance d&rsquo;ing\u00e9nierie et son personnel expert dans ce domaine, elle repr\u00e9sente avec succ\u00e8s son secteur au niveau national et \u00e0 l&rsquo;\u00e9tranger.<\/p><p>La strat\u00e9gie de gestion de BEYSAN, dans laquelle des \u00e9tudes de d\u00e9veloppement de technologie et de production de classe mondiale sont men\u00e9es, a \u00e9t\u00e9 regroup\u00e9e sous trois rubriques principales\u00a0;<\/p><ul><li>Fabrication de qualit\u00e9<\/li><li>La satisfaction des clients<\/li><li>Politique de prix \u00e9quitable<\/li><\/ul><p>BEYSAN porte une assurance qualit\u00e9 inconditionnelle dans chaque processus, allant de la production de chaque produit jusqu\u2019au moment o\u00f9 il parvient \u00e0 l&rsquo;utilisateur.<\/p>\t\t\t\t\t\t<\/div>\n\t\t\t\t<\/div>\n\t\t\t\t\t<\/div>\n\t\t<\/div>\n\t\t\t\t\t\t\t<\/div>\n\t\t<\/section>\n\t\t\t\t<section class=\"elementor-section elementor-top-section elementor-element elementor-element-7e5c877 elementor-section-boxed elementor-section-height-default elementor-section-height-default\" data-id=\"7e5c877\" data-element_type=\"section\">\n\t\t\t\t\t\t<div class=\"elementor-container elementor-column-gap-default\">\n\t\t\t\t\t<div class=\"elementor-column elementor-col-50 elementor-top-column elementor-element elementor-element-962a475\" data-id=\"962a475\" data-element_type=\"column\" data-settings=\"{&quot;background_background&quot;:&quot;classic&quot;}\">\n\t\t\t<div class=\"elementor-widget-wrap elementor-element-populated\">\n\t\t\t\t\t\t\t\t<div class=\"elementor-element elementor-element-10b52ef elementor-widget elementor-widget-heading\" data-id=\"10b52ef\" data-element_type=\"widget\" data-widget_type=\"heading.default\">\n\t\t\t\t<div class=\"elementor-widget-container\">\n\t\t\t<h2 class=\"elementor-heading-title elementor-size-default\">NOTRE MISSION<\/h2>\t\t<\/div>\n\t\t\t\t<\/div>\n\t\t\t\t<div class=\"elementor-element elementor-element-589e418 elementor-widget elementor-widget-text-editor\" data-id=\"589e418\" data-element_type=\"widget\" data-widget_type=\"text-editor.default\">\n\t\t\t\t<div class=\"elementor-widget-container\">\n\t\t\t\t\t\t\t<p>Offrir au march\u00e9 mondial des produits innovants \u00e0 haute valeur ajout\u00e9e, conformes \u00e0 la politique des prix \u00e9quitables et aux normes internationales, Avec son personnel technique et administratif qui s&rsquo;am\u00e9liore constamment et vise la satisfaction maximale du client; R\u00e9aliser, avec une entente de coop\u00e9ration et de solidarit\u00e9 nationale et internationale, la formation d&rsquo;une entreprise qui m\u00e8ne les services de conception, de projet et de production pour les attentes de nos clients.\u00a0<\/p>\t\t\t\t\t\t<\/div>\n\t\t\t\t<\/div>\n\t\t\t\t\t<\/div>\n\t\t<\/div>\n\t\t\t\t<div class=\"elementor-column elementor-col-50 elementor-top-column elementor-element elementor-element-04c8843\" data-id=\"04c8843\" data-element_type=\"column\" data-settings=\"{&quot;background_background&quot;:&quot;classic&quot;}\">\n\t\t\t<div class=\"elementor-widget-wrap elementor-element-populated\">\n\t\t\t\t\t\t\t\t<div class=\"elementor-element elementor-element-55dc5a0 elementor-widget elementor-widget-heading\" data-id=\"55dc5a0\" data-element_type=\"widget\" data-widget_type=\"heading.default\">\n\t\t\t\t<div class=\"elementor-widget-container\">\n\t\t\t<h2 class=\"elementor-heading-title elementor-size-default\">NOTRE VISION<\/h2>\t\t<\/div>\n\t\t\t\t<\/div>\n\t\t\t\t<div class=\"elementor-element elementor-element-d82a05a elementor-widget elementor-widget-text-editor\" data-id=\"d82a05a\" data-element_type=\"widget\" data-widget_type=\"text-editor.default\">\n\t\t\t\t<div class=\"elementor-widget-container\">\n\t\t\t\t\t\t\t<p>En tant que BEYSAN, notre vision est, avec une approche centr\u00e9e sur les clients, d&rsquo;atteindre la position de \u00ab soci\u00e9t\u00e9 leader \u00bb en Turquie et dans tous les pays o\u00f9 nous fournissons des services.<\/p>\t\t\t\t\t\t<\/div>\n\t\t\t\t<\/div>\n\t\t\t\t\t<\/div>\n\t\t<\/div>\n\t\t\t\t\t\t\t<\/div>\n\t\t<\/section>\n\t\t\t\t\t\t\t<\/div>\n\t\t","protected":false},"excerpt":{"rendered":"<p>\u00c0 PROPOS DE BEYSAN Les fondations de BEYSAN ont \u00e9t\u00e9 pos\u00e9es par \u0130smail Maden \u00e0 \u0130ZM\u0130R en 2006. Depuis 2006, elle a augment\u00e9 ses activit\u00e9s avec de nouveaux investissements technologiques dans son usine de production au site industriel d&rsquo;Izmir\/Estim. En 2019, il a \u00e9t\u00e9 n\u00e9cessaire de cr\u00e9er une nouvelle soci\u00e9t\u00e9 afin de r\u00e9pondre aux demandes [&hellip;]<\/p>\n","protected":false},"author":1,"featured_media":0,"parent":0,"menu_order":0,"comment_status":"closed","ping_status":"closed","template":"","meta":[],"acf":[],"_links":{"self":[{"href":"https:\/\/beysanmachine.com\/fr\/wp-json\/wp\/v2\/pages\/11"}],"collection":[{"href":"https:\/\/beysanmachine.com\/fr\/wp-json\/wp\/v2\/pages"}],"about":[{"href":"https:\/\/beysanmachine.com\/fr\/wp-json\/wp\/v2\/types\/page"}],"author":[{"embeddable":true,"href":"https:\/\/beysanmachine.com\/fr\/wp-json\/wp\/v2\/users\/1"}],"replies":[{"embeddable":true,"href":"https:\/\/beysanmachine.com\/fr\/wp-json\/wp\/v2\/comments?post=11"}],"version-history":[{"count":39,"href":"https:\/\/beysanmachine.com\/fr\/wp-json\/wp\/v2\/pages\/11\/revisions"}],"predecessor-version":[{"id":845,"href":"https:\/\/beysanmachine.com\/fr\/wp-json\/wp\/v2\/pages\/11\/revisions\/845"}],"wp:attachment":[{"href":"https:\/\/beysanmachine.com\/fr\/wp-json\/wp\/v2\/media?parent=11"}],"curies":[{"name":"wp","href":"https:\/\/api.w.org\/{rel}","templated":true}]}}