{"id":419,"date":"2022-11-14T17:48:28","date_gmt":"2022-11-14T14:48:28","guid":{"rendered":"https:\/\/beysanmachine.com\/?page_id=419"},"modified":"2023-01-03T17:10:15","modified_gmt":"2023-01-03T14:10:15","slug":"news","status":"publish","type":"page","link":"https:\/\/beysanmachine.com\/en\/news\/","title":{"rendered":"News"},"content":{"rendered":"\t\t<div data-elementor-type=\"wp-page\" data-elementor-id=\"419\" class=\"elementor elementor-419\">\n\t\t\t\t\t\t\t\t\t<section class=\"elementor-section elementor-top-section elementor-element elementor-element-9714289 elementor-section-boxed elementor-section-height-default elementor-section-height-default\" data-id=\"9714289\" data-element_type=\"section\">\n\t\t\t\t\t\t<div class=\"elementor-container elementor-column-gap-default\">\n\t\t\t\t\t<div class=\"elementor-column elementor-col-100 elementor-top-column elementor-element elementor-element-0f43c82\" data-id=\"0f43c82\" data-element_type=\"column\">\n\t\t\t<div class=\"elementor-widget-wrap elementor-element-populated\">\n\t\t\t\t\t\t\t\t<div class=\"elementor-element elementor-element-b21728e elementor-widget-divider--view-line_text elementor-widget-divider--element-align-center elementor-widget elementor-widget-divider\" data-id=\"b21728e\" data-element_type=\"widget\" data-widget_type=\"divider.default\">\n\t\t\t\t<div class=\"elementor-widget-container\">\n\t\t\t<style>\/*! elementor - v3.9.2 - 21-12-2022 *\/\n.elementor-widget-divider{--divider-border-style:none;--divider-border-width:1px;--divider-color:#2c2c2c;--divider-icon-size:20px;--divider-element-spacing:10px;--divider-pattern-height:24px;--divider-pattern-size:20px;--divider-pattern-url:none;--divider-pattern-repeat:repeat-x}.elementor-widget-divider .elementor-divider{display:flex}.elementor-widget-divider .elementor-divider__text{font-size:15px;line-height:1;max-width:95%}.elementor-widget-divider .elementor-divider__element{margin:0 var(--divider-element-spacing);flex-shrink:0}.elementor-widget-divider .elementor-icon{font-size:var(--divider-icon-size)}.elementor-widget-divider .elementor-divider-separator{display:flex;margin:0;direction:ltr}.elementor-widget-divider--view-line_icon .elementor-divider-separator,.elementor-widget-divider--view-line_text .elementor-divider-separator{align-items:center}.elementor-widget-divider--view-line_icon .elementor-divider-separator:after,.elementor-widget-divider--view-line_icon .elementor-divider-separator:before,.elementor-widget-divider--view-line_text .elementor-divider-separator:after,.elementor-widget-divider--view-line_text .elementor-divider-separator:before{display:block;content:\"\";border-bottom:0;flex-grow:1;border-top:var(--divider-border-width) var(--divider-border-style) var(--divider-color)}.elementor-widget-divider--element-align-left .elementor-divider .elementor-divider-separator>.elementor-divider__svg:first-of-type{flex-grow:0;flex-shrink:100}.elementor-widget-divider--element-align-left .elementor-divider-separator:before{content:none}.elementor-widget-divider--element-align-left .elementor-divider__element{margin-left:0}.elementor-widget-divider--element-align-right .elementor-divider .elementor-divider-separator>.elementor-divider__svg:last-of-type{flex-grow:0;flex-shrink:100}.elementor-widget-divider--element-align-right .elementor-divider-separator:after{content:none}.elementor-widget-divider--element-align-right .elementor-divider__element{margin-right:0}.elementor-widget-divider:not(.elementor-widget-divider--view-line_text):not(.elementor-widget-divider--view-line_icon) .elementor-divider-separator{border-top:var(--divider-border-width) var(--divider-border-style) var(--divider-color)}.elementor-widget-divider--separator-type-pattern{--divider-border-style:none}.elementor-widget-divider--separator-type-pattern.elementor-widget-divider--view-line .elementor-divider-separator,.elementor-widget-divider--separator-type-pattern:not(.elementor-widget-divider--view-line) .elementor-divider-separator:after,.elementor-widget-divider--separator-type-pattern:not(.elementor-widget-divider--view-line) .elementor-divider-separator:before,.elementor-widget-divider--separator-type-pattern:not([class*=elementor-widget-divider--view]) .elementor-divider-separator{width:100%;min-height:var(--divider-pattern-height);-webkit-mask-size:var(--divider-pattern-size) 100%;mask-size:var(--divider-pattern-size) 100%;-webkit-mask-repeat:var(--divider-pattern-repeat);mask-repeat:var(--divider-pattern-repeat);background-color:var(--divider-color);-webkit-mask-image:var(--divider-pattern-url);mask-image:var(--divider-pattern-url)}.elementor-widget-divider--no-spacing{--divider-pattern-size:auto}.elementor-widget-divider--bg-round{--divider-pattern-repeat:round}.rtl .elementor-widget-divider .elementor-divider__text{direction:rtl}.e-con-inner>.elementor-widget-divider,.e-con>.elementor-widget-divider{width:var(--container-widget-width);--flex-grow:var(--container-widget-flex-grow)}<\/style>\t\t<div class=\"elementor-divider\">\n\t\t\t<span class=\"elementor-divider-separator\">\n\t\t\t\t\t\t\t<span class=\"elementor-divider__text elementor-divider__element\">\n\t\t\t\tNews & Fuars\t\t\t\t<\/span>\n\t\t\t\t\t\t<\/span>\n\t\t<\/div>\n\t\t\t\t<\/div>\n\t\t\t\t<\/div>\n\t\t\t\t<div class=\"elementor-element elementor-element-14f5fec elementor-widget elementor-widget-raven-posts\" data-id=\"14f5fec\" data-element_type=\"widget\" data-settings=\"{&quot;query_posts_per_page&quot;:12,&quot;_skin&quot;:&quot;classic&quot;,&quot;classic_layout&quot;:&quot;grid&quot;,&quot;classic_columns&quot;:&quot;3&quot;,&quot;classic_columns_tablet&quot;:&quot;2&quot;,&quot;classic_columns_mobile&quot;:&quot;1&quot;,&quot;query_offset&quot;:0}\" data-widget_type=\"raven-posts.classic\">\n\t\t\t\t<div class=\"elementor-widget-container\">\n\t\t\t\t\t<div class=\"raven-posts raven-grid raven-grid-3 raven-grid-mobile-1 raven-grid-tablet-2\" data-post-id=\"419\" data-archive-query=\"\">\n\t\t\t\t<div class=\"raven-grid-item raven-post-item post-702 post type-post status-publish format-standard has-post-thumbnail hentry category-genel\">\n\t\t\t<div class=\"raven-post\">\n\t\t\t\t\t\t<div class=\"raven-post-image-wrap\">\n\t\t\t<a class=\"raven-post-image raven-image-fit\" href=\"https:\/\/beysanmachine.com\/en\/2022-eurasia-food-machinery-and-packaging-fair\/\"><img width=\"1024\" height=\"768\" src=\"https:\/\/beysanmachine.com\/en\/wp-content\/uploads\/2022\/12\/8CD2BA91-46A9-488D-B898-0ACEEB678CAB_1_105_c.jpeg\" class=\"attachment-large size-large wp-image-704\" alt=\"\" decoding=\"async\" srcset=\"https:\/\/beysanmachine.com\/en\/wp-content\/uploads\/2022\/12\/8CD2BA91-46A9-488D-B898-0ACEEB678CAB_1_105_c.jpeg 1024w, https:\/\/beysanmachine.com\/en\/wp-content\/uploads\/2022\/12\/8CD2BA91-46A9-488D-B898-0ACEEB678CAB_1_105_c-800x600.jpeg 800w, https:\/\/beysanmachine.com\/en\/wp-content\/uploads\/2022\/12\/8CD2BA91-46A9-488D-B898-0ACEEB678CAB_1_105_c-300x225.jpeg 300w, https:\/\/beysanmachine.com\/en\/wp-content\/uploads\/2022\/12\/8CD2BA91-46A9-488D-B898-0ACEEB678CAB_1_105_c-768x576.jpeg 768w\" sizes=\"(max-width: 1024px) 100vw, 1024px\" \/> <span class=\"raven-post-image-overlay\"><\/span><\/a>\t\t<\/div>\n\t\t\t\t\t\t<div class=\"raven-post-content\">\n\t\t\t\t\t<h3 class=\"raven-post-title\"><a class=\"raven-post-title-link\" href=\"https:\/\/beysanmachine.com\/en\/2022-eurasia-food-machinery-and-packaging-fair\/\">2022 Eurasia Food Machinery and Packaging Fair<\/a><\/h3>\t\t<div class=\"raven-post-meta\"><a class=\"raven-post-meta-item raven-post-date\" href=\"https:\/\/beysanmachine.com\/en\/2022\/12\/\" rel=\"bookmark\">15 December 2022<\/a><\/div>\n\t\t\t\t<div class=\"raven-post-excerpt\">We were also present at the Eurasia Packaging and Food Machinery Fair held in Istanbul T\u00fcyap Fair and Congress Center.<\/div>\n\t\t\t\t<div class=\"raven-post-read-more\">\n\t\t\t<a class=\"raven-post-button\" href=\"https:\/\/beysanmachine.com\/en\/2022-eurasia-food-machinery-and-packaging-fair\/\"><span class=\"raven-post-button-text\">Read More...<\/span><\/a>\n\t\t<\/div>\n\t\t\t\t\t\t<\/div>\n\t\t\t<\/div>\n\t\t<\/div>\n\t\t\t\t<div class=\"raven-grid-item raven-post-item post-692 post type-post status-publish format-standard has-post-thumbnail hentry category-genel\">\n\t\t\t<div class=\"raven-post\">\n\t\t\t\t\t\t<div class=\"raven-post-image-wrap\">\n\t\t\t<a class=\"raven-post-image raven-image-fit\" href=\"https:\/\/beysanmachine.com\/en\/2021-avrasya-gida-makineleri-ve-ambalaj-fuari\/\"><img width=\"1024\" height=\"768\" src=\"https:\/\/beysanmachine.com\/en\/wp-content\/uploads\/2022\/12\/IMG_5269-1024x768.jpeg\" class=\"attachment-large size-large wp-image-693\" alt=\"\" decoding=\"async\" srcset=\"https:\/\/beysanmachine.com\/en\/wp-content\/uploads\/2022\/12\/IMG_5269-1024x768.jpeg 1024w, https:\/\/beysanmachine.com\/en\/wp-content\/uploads\/2022\/12\/IMG_5269-scaled-800x600.jpeg 800w, https:\/\/beysanmachine.com\/en\/wp-content\/uploads\/2022\/12\/IMG_5269-300x225.jpeg 300w, https:\/\/beysanmachine.com\/en\/wp-content\/uploads\/2022\/12\/IMG_5269-768x576.jpeg 768w, https:\/\/beysanmachine.com\/en\/wp-content\/uploads\/2022\/12\/IMG_5269-1536x1152.jpeg 1536w, https:\/\/beysanmachine.com\/en\/wp-content\/uploads\/2022\/12\/IMG_5269-2048x1536.jpeg 2048w\" sizes=\"(max-width: 1024px) 100vw, 1024px\" \/> <span class=\"raven-post-image-overlay\"><\/span><\/a>\t\t<\/div>\n\t\t\t\t\t\t<div class=\"raven-post-content\">\n\t\t\t\t\t<h3 class=\"raven-post-title\"><a class=\"raven-post-title-link\" href=\"https:\/\/beysanmachine.com\/en\/2021-avrasya-gida-makineleri-ve-ambalaj-fuari\/\">2021 Eurasia Food Machinery and Packaging Fair<\/a><\/h3>\t\t<div class=\"raven-post-meta\"><a class=\"raven-post-meta-item raven-post-date\" href=\"https:\/\/beysanmachine.com\/en\/2022\/12\/\" rel=\"bookmark\">15 December 2022<\/a><\/div>\n\t\t\t\t<div class=\"raven-post-excerpt\">We were also present at the Eurasia Packaging and Food Machinery Fair held in Istanbul T\u00fcyap Fair and Congress Center.<\/div>\n\t\t\t\t<div class=\"raven-post-read-more\">\n\t\t\t<a class=\"raven-post-button\" href=\"https:\/\/beysanmachine.com\/en\/2021-avrasya-gida-makineleri-ve-ambalaj-fuari\/\"><span class=\"raven-post-button-text\">Read More...<\/span><\/a>\n\t\t<\/div>\n\t\t\t\t\t\t<\/div>\n\t\t\t<\/div>\n\t\t<\/div>\n\t\t\t\t<\/div>\n\t\t\t\t<\/div>\n\t\t\t\t<\/div>\n\t\t\t\t\t<\/div>\n\t\t<\/div>\n\t\t\t\t\t\t\t<\/div>\n\t\t<\/section>\n\t\t\t\t\t\t\t<\/div>\n\t\t","protected":false},"excerpt":{"rendered":"<p>News &#038; Fuars 2022 Eurasia Food Machinery and Packaging Fair 15 Aral\u0131k 2022 We were also present at the Eurasia Packaging and Food Machinery Fair held in Istanbul T\u00fcyap Fair and Congress Center. Read More&#8230; 2021 Eurasia Food Machinery and Packaging Fair 15 Aral\u0131k 2022 We were also present at the Eurasia Packaging and Food [&hellip;]<\/p>\n","protected":false},"author":1,"featured_media":0,"parent":0,"menu_order":0,"comment_status":"closed","ping_status":"closed","template":"","meta":[],"acf":[],"yoast_head":"<!-- This site is optimized with the Yoast SEO plugin v19.13 - https:\/\/yoast.com\/wordpress\/plugins\/seo\/ -->\n<title>News - Beysan<\/title>\n<meta name=\"robots\" content=\"index, follow, max-snippet:-1, max-image-preview:large, max-video-preview:-1\" \/>\n<link rel=\"canonical\" href=\"https:\/\/beysanmachine.com\/en\/news\/\" \/>\n<meta property=\"og:locale\" content=\"en_US\" \/>\n<meta property=\"og:type\" content=\"article\" \/>\n<meta property=\"og:title\" content=\"News - Beysan\" \/>\n<meta property=\"og:description\" content=\"News &#038; Fuars 2022 Eurasia Food Machinery and Packaging Fair 15 Aral\u0131k 2022 We were also present at the Eurasia Packaging and Food Machinery Fair held in Istanbul T\u00fcyap Fair and Congress Center. Read More&#8230; 2021 Eurasia Food Machinery and Packaging Fair 15 Aral\u0131k 2022 We were also present at the Eurasia Packaging and Food [&hellip;]\" \/>\n<meta property=\"og:url\" content=\"https:\/\/beysanmachine.com\/en\/news\/\" \/>\n<meta property=\"og:site_name\" content=\"Beysan\" \/>\n<meta property=\"article:modified_time\" content=\"2023-01-03T14:10:15+00:00\" \/>\n<meta property=\"og:image\" content=\"https:\/\/beysanmachine.com\/en\/wp-content\/uploads\/2022\/12\/8CD2BA91-46A9-488D-B898-0ACEEB678CAB_1_105_c.jpeg\" \/>\n<meta name=\"twitter:card\" content=\"summary_large_image\" \/>\n<meta name=\"twitter:label1\" content=\"Est. reading time\" \/>\n\t<meta name=\"twitter:data1\" content=\"1 minute\" \/>\n<script type=\"application\/ld+json\" class=\"yoast-schema-graph\">{\"@context\":\"https:\/\/schema.org\",\"@graph\":[{\"@type\":\"WebPage\",\"@id\":\"https:\/\/beysanmachine.com\/en\/news\/\",\"url\":\"https:\/\/beysanmachine.com\/en\/news\/\",\"name\":\"News - Beysan\",\"isPartOf\":{\"@id\":\"https:\/\/beysanmachine.com\/en\/#website\"},\"datePublished\":\"2022-11-14T14:48:28+00:00\",\"dateModified\":\"2023-01-03T14:10:15+00:00\",\"breadcrumb\":{\"@id\":\"https:\/\/beysanmachine.com\/en\/news\/#breadcrumb\"},\"inLanguage\":\"en-US\",\"potentialAction\":[{\"@type\":\"ReadAction\",\"target\":[\"https:\/\/beysanmachine.com\/en\/news\/\"]}]},{\"@type\":\"BreadcrumbList\",\"@id\":\"https:\/\/beysanmachine.com\/en\/news\/#breadcrumb\",\"itemListElement\":[{\"@type\":\"ListItem\",\"position\":1,\"name\":\"Anasayfa\",\"item\":\"https:\/\/beysanmachine.com\/en\/\"},{\"@type\":\"ListItem\",\"position\":2,\"name\":\"News\"}]},{\"@type\":\"WebSite\",\"@id\":\"https:\/\/beysanmachine.com\/en\/#website\",\"url\":\"https:\/\/beysanmachine.com\/en\/\",\"name\":\"Beysan\",\"description\":\"Beysan Machine\",\"potentialAction\":[{\"@type\":\"SearchAction\",\"target\":{\"@type\":\"EntryPoint\",\"urlTemplate\":\"https:\/\/beysanmachine.com\/en\/?s={search_term_string}\"},\"query-input\":\"required name=search_term_string\"}],\"inLanguage\":\"en-US\"}]}<\/script>\n<!-- \/ Yoast SEO plugin. -->","yoast_head_json":{"title":"News - Beysan","robots":{"index":"index","follow":"follow","max-snippet":"max-snippet:-1","max-image-preview":"max-image-preview:large","max-video-preview":"max-video-preview:-1"},"canonical":"https:\/\/beysanmachine.com\/en\/news\/","og_locale":"en_US","og_type":"article","og_title":"News - Beysan","og_description":"News &#038; Fuars 2022 Eurasia Food Machinery and Packaging Fair 15 Aral\u0131k 2022 We were also present at the Eurasia Packaging and Food Machinery Fair held in Istanbul T\u00fcyap Fair and Congress Center. Read More&#8230; 2021 Eurasia Food Machinery and Packaging Fair 15 Aral\u0131k 2022 We were also present at the Eurasia Packaging and Food [&hellip;]","og_url":"https:\/\/beysanmachine.com\/en\/news\/","og_site_name":"Beysan","article_modified_time":"2023-01-03T14:10:15+00:00","og_image":[{"url":"https:\/\/beysanmachine.com\/en\/wp-content\/uploads\/2022\/12\/8CD2BA91-46A9-488D-B898-0ACEEB678CAB_1_105_c.jpeg"}],"twitter_card":"summary_large_image","twitter_misc":{"Est. reading time":"1 minute"},"schema":{"@context":"https:\/\/schema.org","@graph":[{"@type":"WebPage","@id":"https:\/\/beysanmachine.com\/en\/news\/","url":"https:\/\/beysanmachine.com\/en\/news\/","name":"News - Beysan","isPartOf":{"@id":"https:\/\/beysanmachine.com\/en\/#website"},"datePublished":"2022-11-14T14:48:28+00:00","dateModified":"2023-01-03T14:10:15+00:00","breadcrumb":{"@id":"https:\/\/beysanmachine.com\/en\/news\/#breadcrumb"},"inLanguage":"en-US","potentialAction":[{"@type":"ReadAction","target":["https:\/\/beysanmachine.com\/en\/news\/"]}]},{"@type":"BreadcrumbList","@id":"https:\/\/beysanmachine.com\/en\/news\/#breadcrumb","itemListElement":[{"@type":"ListItem","position":1,"name":"Anasayfa","item":"https:\/\/beysanmachine.com\/en\/"},{"@type":"ListItem","position":2,"name":"News"}]},{"@type":"WebSite","@id":"https:\/\/beysanmachine.com\/en\/#website","url":"https:\/\/beysanmachine.com\/en\/","name":"Beysan","description":"Beysan Machine","potentialAction":[{"@type":"SearchAction","target":{"@type":"EntryPoint","urlTemplate":"https:\/\/beysanmachine.com\/en\/?s={search_term_string}"},"query-input":"required name=search_term_string"}],"inLanguage":"en-US"}]}},"_links":{"self":[{"href":"https:\/\/beysanmachine.com\/en\/wp-json\/wp\/v2\/pages\/419"}],"collection":[{"href":"https:\/\/beysanmachine.com\/en\/wp-json\/wp\/v2\/pages"}],"about":[{"href":"https:\/\/beysanmachine.com\/en\/wp-json\/wp\/v2\/types\/page"}],"author":[{"embeddable":true,"href":"https:\/\/beysanmachine.com\/en\/wp-json\/wp\/v2\/users\/1"}],"replies":[{"embeddable":true,"href":"https:\/\/beysanmachine.com\/en\/wp-json\/wp\/v2\/comments?post=419"}],"version-history":[{"count":14,"href":"https:\/\/beysanmachine.com\/en\/wp-json\/wp\/v2\/pages\/419\/revisions"}],"predecessor-version":[{"id":967,"href":"https:\/\/beysanmachine.com\/en\/wp-json\/wp\/v2\/pages\/419\/revisions\/967"}],"wp:attachment":[{"href":"https:\/\/beysanmachine.com\/en\/wp-json\/wp\/v2\/media?parent=419"}],"curies":[{"name":"wp","href":"https:\/\/api.w.org\/{rel}","templated":true}]}}