{"id":361,"date":"2022-11-14T14:27:16","date_gmt":"2022-11-14T11:27:16","guid":{"rendered":"https:\/\/beysanmachine.com\/?page_id=361"},"modified":"2023-01-02T10:50:27","modified_gmt":"2023-01-02T07:50:27","slug":"usage-areas","status":"publish","type":"page","link":"https:\/\/beysanmachine.com\/en\/usage-areas\/","title":{"rendered":"Usage Areas"},"content":{"rendered":"\t\t<div data-elementor-type=\"wp-page\" data-elementor-id=\"361\" class=\"elementor elementor-361\">\n\t\t\t\t\t\t\t\t\t<section class=\"elementor-section elementor-top-section elementor-element elementor-element-b457a19 elementor-section-boxed elementor-section-height-default elementor-section-height-default\" data-id=\"b457a19\" data-element_type=\"section\">\n\t\t\t\t\t\t<div class=\"elementor-container elementor-column-gap-default\">\n\t\t\t\t\t<div class=\"elementor-column elementor-col-100 elementor-top-column elementor-element elementor-element-fa47ee9\" data-id=\"fa47ee9\" data-element_type=\"column\">\n\t\t\t<div class=\"elementor-widget-wrap elementor-element-populated\">\n\t\t\t\t\t\t\t\t<div class=\"elementor-element elementor-element-36c19e3 elementor-widget elementor-widget-raven-posts\" data-id=\"36c19e3\" data-element_type=\"widget\" data-settings=\"{&quot;classic_columns&quot;:&quot;2&quot;,&quot;_skin&quot;:&quot;classic&quot;,&quot;classic_layout&quot;:&quot;grid&quot;,&quot;classic_columns_tablet&quot;:&quot;2&quot;,&quot;classic_columns_mobile&quot;:&quot;1&quot;,&quot;query_posts_per_page&quot;:6,&quot;query_offset&quot;:0}\" data-widget_type=\"raven-posts.classic\">\n\t\t\t\t<div class=\"elementor-widget-container\">\n\t\t\t\t\t<div class=\"raven-posts raven-grid raven-grid-2 raven-grid-mobile-1 raven-grid-tablet-2\" data-post-id=\"361\" data-archive-query=\"\">\n\t\t\t\t<div class=\"raven-grid-item raven-post-item post-366 page type-page status-publish has-post-thumbnail hentry\">\n\t\t\t<div class=\"raven-post\">\n\t\t\t\t\t\t<div class=\"raven-post-image-wrap\">\n\t\t\t<a class=\"raven-post-image raven-image-fit\" href=\"https:\/\/beysanmachine.com\/en\/usage-areas\/dairy-products\/\"><img width=\"760\" height=\"450\" src=\"https:\/\/beysanmachine.com\/en\/wp-content\/uploads\/2022\/11\/kapak_104530.webp\" class=\"attachment-large size-large wp-image-384\" alt=\"\" decoding=\"async\" srcset=\"https:\/\/beysanmachine.com\/en\/wp-content\/uploads\/2022\/11\/kapak_104530.webp 760w, https:\/\/beysanmachine.com\/en\/wp-content\/uploads\/2022\/11\/kapak_104530-300x178.webp 300w, https:\/\/beysanmachine.com\/en\/wp-content\/uploads\/2022\/11\/kapak_104530-600x355.webp 600w\" sizes=\"(max-width: 760px) 100vw, 760px\" \/> <span class=\"raven-post-image-overlay\"><\/span><\/a>\t\t<\/div>\n\t\t\t\t\t\t<div class=\"raven-post-content\">\n\t\t\t\t\t<h3 class=\"raven-post-title\"><a class=\"raven-post-title-link\" href=\"https:\/\/beysanmachine.com\/en\/usage-areas\/dairy-products\/\">Dairy Products<\/a><\/h3>\t\t\t\t<\/div>\n\t\t\t<\/div>\n\t\t<\/div>\n\t\t\t\t<div class=\"raven-grid-item raven-post-item post-368 page type-page status-publish has-post-thumbnail hentry\">\n\t\t\t<div class=\"raven-post\">\n\t\t\t\t\t\t<div class=\"raven-post-image-wrap\">\n\t\t\t<a class=\"raven-post-image raven-image-fit\" href=\"https:\/\/beysanmachine.com\/en\/usage-areas\/food-and-drink\/\"><img width=\"640\" height=\"423\" src=\"https:\/\/beysanmachine.com\/en\/wp-content\/uploads\/2022\/12\/WhatsApp-Image-2022-12-15-at-17.41.28-1.jpeg\" class=\"attachment-large size-large wp-image-732\" alt=\"\" decoding=\"async\" srcset=\"https:\/\/beysanmachine.com\/en\/wp-content\/uploads\/2022\/12\/WhatsApp-Image-2022-12-15-at-17.41.28-1.jpeg 640w, https:\/\/beysanmachine.com\/en\/wp-content\/uploads\/2022\/12\/WhatsApp-Image-2022-12-15-at-17.41.28-1-300x198.jpeg 300w, https:\/\/beysanmachine.com\/en\/wp-content\/uploads\/2022\/12\/WhatsApp-Image-2022-12-15-at-17.41.28-1-600x397.jpeg 600w\" sizes=\"(max-width: 640px) 100vw, 640px\" \/> <span class=\"raven-post-image-overlay\"><\/span><\/a>\t\t<\/div>\n\t\t\t\t\t\t<div class=\"raven-post-content\">\n\t\t\t\t\t<h3 class=\"raven-post-title\"><a class=\"raven-post-title-link\" href=\"https:\/\/beysanmachine.com\/en\/usage-areas\/food-and-drink\/\">Food and Drink<\/a><\/h3>\t\t\t\t<\/div>\n\t\t\t<\/div>\n\t\t<\/div>\n\t\t\t\t<div class=\"raven-grid-item raven-post-item post-372 page type-page status-publish has-post-thumbnail hentry\">\n\t\t\t<div class=\"raven-post\">\n\t\t\t\t\t\t<div class=\"raven-post-image-wrap\">\n\t\t\t<a class=\"raven-post-image raven-image-fit\" href=\"https:\/\/beysanmachine.com\/en\/usage-areas\/chemistry-and-petrochemistry\/\"><img width=\"800\" height=\"445\" src=\"https:\/\/beysanmachine.com\/en\/wp-content\/uploads\/2022\/11\/petrokimya-nedir.jpg\" class=\"attachment-large size-large wp-image-386\" alt=\"\" decoding=\"async\" srcset=\"https:\/\/beysanmachine.com\/en\/wp-content\/uploads\/2022\/11\/petrokimya-nedir.jpg 800w, https:\/\/beysanmachine.com\/en\/wp-content\/uploads\/2022\/11\/petrokimya-nedir-300x167.jpg 300w, https:\/\/beysanmachine.com\/en\/wp-content\/uploads\/2022\/11\/petrokimya-nedir-768x427.jpg 768w, https:\/\/beysanmachine.com\/en\/wp-content\/uploads\/2022\/11\/petrokimya-nedir-600x334.jpg 600w\" sizes=\"(max-width: 800px) 100vw, 800px\" \/> <span class=\"raven-post-image-overlay\"><\/span><\/a>\t\t<\/div>\n\t\t\t\t\t\t<div class=\"raven-post-content\">\n\t\t\t\t\t<h3 class=\"raven-post-title\"><a class=\"raven-post-title-link\" href=\"https:\/\/beysanmachine.com\/en\/usage-areas\/chemistry-and-petrochemistry\/\">Chemistry and Petrochemistry<\/a><\/h3>\t\t\t\t<\/div>\n\t\t\t<\/div>\n\t\t<\/div>\n\t\t\t\t<div class=\"raven-grid-item raven-post-item post-376 page type-page status-publish has-post-thumbnail hentry\">\n\t\t\t<div class=\"raven-post\">\n\t\t\t\t\t\t<div class=\"raven-post-image-wrap\">\n\t\t\t<a class=\"raven-post-image raven-image-fit\" href=\"https:\/\/beysanmachine.com\/en\/usage-areas\/cosmetic-industry\/\"><img width=\"800\" height=\"534\" src=\"https:\/\/beysanmachine.com\/en\/wp-content\/uploads\/2022\/12\/WhatsApp-Image-2022-12-16-at-10.01.49.jpeg\" class=\"attachment-large size-large wp-image-733\" alt=\"\" decoding=\"async\" srcset=\"https:\/\/beysanmachine.com\/en\/wp-content\/uploads\/2022\/12\/WhatsApp-Image-2022-12-16-at-10.01.49.jpeg 800w, https:\/\/beysanmachine.com\/en\/wp-content\/uploads\/2022\/12\/WhatsApp-Image-2022-12-16-at-10.01.49-300x200.jpeg 300w, https:\/\/beysanmachine.com\/en\/wp-content\/uploads\/2022\/12\/WhatsApp-Image-2022-12-16-at-10.01.49-768x513.jpeg 768w, https:\/\/beysanmachine.com\/en\/wp-content\/uploads\/2022\/12\/WhatsApp-Image-2022-12-16-at-10.01.49-600x401.jpeg 600w\" sizes=\"(max-width: 800px) 100vw, 800px\" \/> <span class=\"raven-post-image-overlay\"><\/span><\/a>\t\t<\/div>\n\t\t\t\t\t\t<div class=\"raven-post-content\">\n\t\t\t\t\t<h3 class=\"raven-post-title\"><a class=\"raven-post-title-link\" href=\"https:\/\/beysanmachine.com\/en\/usage-areas\/cosmetic-industry\/\">Cosmetic Industry<\/a><\/h3>\t\t\t\t<\/div>\n\t\t\t<\/div>\n\t\t<\/div>\n\t\t\t\t<\/div>\n\t\t\t\t<\/div>\n\t\t\t\t<\/div>\n\t\t\t\t\t<\/div>\n\t\t<\/div>\n\t\t\t\t\t\t\t<\/div>\n\t\t<\/section>\n\t\t\t\t\t\t\t<\/div>\n\t\t","protected":false},"excerpt":{"rendered":"<p>S\u00fct ve S\u00fct \u00dcr\u00fcnleri Yiyecek \u0130\u00e7ecek Kimya &amp; Petrokimya Kozmetik Sanayi<\/p>\n","protected":false},"author":1,"featured_media":0,"parent":0,"menu_order":0,"comment_status":"closed","ping_status":"closed","template":"","meta":[],"acf":[],"yoast_head":"<!-- This site is optimized with the Yoast SEO plugin v19.13 - https:\/\/yoast.com\/wordpress\/plugins\/seo\/ -->\n<title>Usage Areas - Beysan<\/title>\n<meta name=\"robots\" content=\"index, follow, max-snippet:-1, max-image-preview:large, max-video-preview:-1\" \/>\n<link rel=\"canonical\" href=\"https:\/\/beysanmachine.com\/en\/usage-areas\/\" \/>\n<meta property=\"og:locale\" content=\"en_US\" \/>\n<meta property=\"og:type\" content=\"article\" \/>\n<meta property=\"og:title\" content=\"Usage Areas - Beysan\" \/>\n<meta property=\"og:description\" content=\"S\u00fct ve S\u00fct \u00dcr\u00fcnleri Yiyecek \u0130\u00e7ecek Kimya &amp; Petrokimya Kozmetik Sanayi\" \/>\n<meta property=\"og:url\" content=\"https:\/\/beysanmachine.com\/en\/usage-areas\/\" \/>\n<meta property=\"og:site_name\" content=\"Beysan\" \/>\n<meta property=\"article:modified_time\" content=\"2023-01-02T07:50:27+00:00\" \/>\n<meta property=\"og:image\" content=\"https:\/\/beysanmachine.com\/wp-content\/uploads\/2022\/11\/kapak_104530.webp\" \/>\n<meta name=\"twitter:card\" content=\"summary_large_image\" \/>\n<meta name=\"twitter:label1\" content=\"Est. reading time\" \/>\n\t<meta name=\"twitter:data1\" content=\"1 minute\" \/>\n<script type=\"application\/ld+json\" class=\"yoast-schema-graph\">{\"@context\":\"https:\/\/schema.org\",\"@graph\":[{\"@type\":\"WebPage\",\"@id\":\"https:\/\/beysanmachine.com\/en\/usage-areas\/\",\"url\":\"https:\/\/beysanmachine.com\/en\/usage-areas\/\",\"name\":\"Usage Areas - Beysan\",\"isPartOf\":{\"@id\":\"https:\/\/beysanmachine.com\/en\/#website\"},\"datePublished\":\"2022-11-14T11:27:16+00:00\",\"dateModified\":\"2023-01-02T07:50:27+00:00\",\"breadcrumb\":{\"@id\":\"https:\/\/beysanmachine.com\/en\/usage-areas\/#breadcrumb\"},\"inLanguage\":\"en-US\",\"potentialAction\":[{\"@type\":\"ReadAction\",\"target\":[\"https:\/\/beysanmachine.com\/en\/usage-areas\/\"]}]},{\"@type\":\"BreadcrumbList\",\"@id\":\"https:\/\/beysanmachine.com\/en\/usage-areas\/#breadcrumb\",\"itemListElement\":[{\"@type\":\"ListItem\",\"position\":1,\"name\":\"Anasayfa\",\"item\":\"https:\/\/beysanmachine.com\/en\/\"},{\"@type\":\"ListItem\",\"position\":2,\"name\":\"Usage Areas\"}]},{\"@type\":\"WebSite\",\"@id\":\"https:\/\/beysanmachine.com\/en\/#website\",\"url\":\"https:\/\/beysanmachine.com\/en\/\",\"name\":\"Beysan\",\"description\":\"Beysan Machine\",\"potentialAction\":[{\"@type\":\"SearchAction\",\"target\":{\"@type\":\"EntryPoint\",\"urlTemplate\":\"https:\/\/beysanmachine.com\/en\/?s={search_term_string}\"},\"query-input\":\"required name=search_term_string\"}],\"inLanguage\":\"en-US\"}]}<\/script>\n<!-- \/ Yoast SEO plugin. -->","yoast_head_json":{"title":"Usage Areas - Beysan","robots":{"index":"index","follow":"follow","max-snippet":"max-snippet:-1","max-image-preview":"max-image-preview:large","max-video-preview":"max-video-preview:-1"},"canonical":"https:\/\/beysanmachine.com\/en\/usage-areas\/","og_locale":"en_US","og_type":"article","og_title":"Usage Areas - Beysan","og_description":"S\u00fct ve S\u00fct \u00dcr\u00fcnleri Yiyecek \u0130\u00e7ecek Kimya &amp; Petrokimya Kozmetik Sanayi","og_url":"https:\/\/beysanmachine.com\/en\/usage-areas\/","og_site_name":"Beysan","article_modified_time":"2023-01-02T07:50:27+00:00","og_image":[{"url":"https:\/\/beysanmachine.com\/wp-content\/uploads\/2022\/11\/kapak_104530.webp"}],"twitter_card":"summary_large_image","twitter_misc":{"Est. reading time":"1 minute"},"schema":{"@context":"https:\/\/schema.org","@graph":[{"@type":"WebPage","@id":"https:\/\/beysanmachine.com\/en\/usage-areas\/","url":"https:\/\/beysanmachine.com\/en\/usage-areas\/","name":"Usage Areas - Beysan","isPartOf":{"@id":"https:\/\/beysanmachine.com\/en\/#website"},"datePublished":"2022-11-14T11:27:16+00:00","dateModified":"2023-01-02T07:50:27+00:00","breadcrumb":{"@id":"https:\/\/beysanmachine.com\/en\/usage-areas\/#breadcrumb"},"inLanguage":"en-US","potentialAction":[{"@type":"ReadAction","target":["https:\/\/beysanmachine.com\/en\/usage-areas\/"]}]},{"@type":"BreadcrumbList","@id":"https:\/\/beysanmachine.com\/en\/usage-areas\/#breadcrumb","itemListElement":[{"@type":"ListItem","position":1,"name":"Anasayfa","item":"https:\/\/beysanmachine.com\/en\/"},{"@type":"ListItem","position":2,"name":"Usage Areas"}]},{"@type":"WebSite","@id":"https:\/\/beysanmachine.com\/en\/#website","url":"https:\/\/beysanmachine.com\/en\/","name":"Beysan","description":"Beysan Machine","potentialAction":[{"@type":"SearchAction","target":{"@type":"EntryPoint","urlTemplate":"https:\/\/beysanmachine.com\/en\/?s={search_term_string}"},"query-input":"required name=search_term_string"}],"inLanguage":"en-US"}]}},"_links":{"self":[{"href":"https:\/\/beysanmachine.com\/en\/wp-json\/wp\/v2\/pages\/361"}],"collection":[{"href":"https:\/\/beysanmachine.com\/en\/wp-json\/wp\/v2\/pages"}],"about":[{"href":"https:\/\/beysanmachine.com\/en\/wp-json\/wp\/v2\/types\/page"}],"author":[{"embeddable":true,"href":"https:\/\/beysanmachine.com\/en\/wp-json\/wp\/v2\/users\/1"}],"replies":[{"embeddable":true,"href":"https:\/\/beysanmachine.com\/en\/wp-json\/wp\/v2\/comments?post=361"}],"version-history":[{"count":8,"href":"https:\/\/beysanmachine.com\/en\/wp-json\/wp\/v2\/pages\/361\/revisions"}],"predecessor-version":[{"id":847,"href":"https:\/\/beysanmachine.com\/en\/wp-json\/wp\/v2\/pages\/361\/revisions\/847"}],"wp:attachment":[{"href":"https:\/\/beysanmachine.com\/en\/wp-json\/wp\/v2\/media?parent=361"}],"curies":[{"name":"wp","href":"https:\/\/api.w.org\/{rel}","templated":true}]}}