{"id":11,"date":"2022-10-26T18:32:07","date_gmt":"2022-10-26T15:32:07","guid":{"rendered":"https:\/\/beysanmachine.com\/?page_id=11"},"modified":"2023-01-04T10:30:56","modified_gmt":"2023-01-04T07:30:56","slug":"about-us","status":"publish","type":"page","link":"https:\/\/beysanmachine.com\/en\/about-us\/","title":{"rendered":"About Us"},"content":{"rendered":"\t\t<div data-elementor-type=\"wp-page\" data-elementor-id=\"11\" class=\"elementor elementor-11\">\n\t\t\t\t\t\t\t\t\t<section class=\"elementor-section elementor-top-section elementor-element elementor-element-8dada04 elementor-section-boxed elementor-section-height-default elementor-section-height-default\" data-id=\"8dada04\" data-element_type=\"section\" data-settings=\"{&quot;background_background&quot;:&quot;classic&quot;}\">\n\t\t\t\t\t\t\t<div class=\"elementor-background-overlay\"><\/div>\n\t\t\t\t\t\t\t<div class=\"elementor-container elementor-column-gap-default\">\n\t\t\t\t\t<div class=\"elementor-column elementor-col-100 elementor-top-column elementor-element elementor-element-66161da\" data-id=\"66161da\" data-element_type=\"column\">\n\t\t\t<div class=\"elementor-widget-wrap elementor-element-populated\">\n\t\t\t\t\t\t\t\t<div class=\"elementor-element elementor-element-5b8dc06 elementor-widget elementor-widget-heading\" data-id=\"5b8dc06\" data-element_type=\"widget\" data-widget_type=\"heading.default\">\n\t\t\t\t<div class=\"elementor-widget-container\">\n\t\t\t<style>\/*! elementor - v3.9.2 - 21-12-2022 *\/\n.elementor-heading-title{padding:0;margin:0;line-height:1}.elementor-widget-heading .elementor-heading-title[class*=elementor-size-]>a{color:inherit;font-size:inherit;line-height:inherit}.elementor-widget-heading .elementor-heading-title.elementor-size-small{font-size:15px}.elementor-widget-heading .elementor-heading-title.elementor-size-medium{font-size:19px}.elementor-widget-heading .elementor-heading-title.elementor-size-large{font-size:29px}.elementor-widget-heading .elementor-heading-title.elementor-size-xl{font-size:39px}.elementor-widget-heading .elementor-heading-title.elementor-size-xxl{font-size:59px}<\/style><h2 class=\"elementor-heading-title elementor-size-default\">ABOUT BEYSAN <\/h2>\t\t<\/div>\n\t\t\t\t<\/div>\n\t\t\t\t<div class=\"elementor-element elementor-element-70eefe1 elementor-widget elementor-widget-text-editor\" data-id=\"70eefe1\" data-element_type=\"widget\" data-widget_type=\"text-editor.default\">\n\t\t\t\t<div class=\"elementor-widget-container\">\n\t\t\t<style>\/*! elementor - v3.9.2 - 21-12-2022 *\/\n.elementor-widget-text-editor.elementor-drop-cap-view-stacked .elementor-drop-cap{background-color:#818a91;color:#fff}.elementor-widget-text-editor.elementor-drop-cap-view-framed .elementor-drop-cap{color:#818a91;border:3px solid;background-color:transparent}.elementor-widget-text-editor:not(.elementor-drop-cap-view-default) .elementor-drop-cap{margin-top:8px}.elementor-widget-text-editor:not(.elementor-drop-cap-view-default) .elementor-drop-cap-letter{width:1em;height:1em}.elementor-widget-text-editor .elementor-drop-cap{float:left;text-align:center;line-height:1;font-size:50px}.elementor-widget-text-editor .elementor-drop-cap-letter{display:inline-block}<\/style>\t\t\t\t<p>BEYSAN foundations were laid by \u0130smail Maden in \u0130ZM\u0130R in 2006. Since 2006, it has been increasing its activities with new and technological investments in its production facility in \u0130zmir\/Estim Industrial Site.<\/p><p>In 2019, it was necessary to establish a new company in order to serve the intense demands of companies operating in Turkey and around the world in a more corporate structure, and in this direction, the foundations of Homsan, an export company under the umbrella of Beysan, were laid.<\/p><p>BEYSAN develops its own technology and products, taking into account the changing market and competition conditions in the world; Investing in its engineering power and expert staff in this field, it successfully represents its sector at home and abroad.<\/p><p>BEYSAN&#8217;s management strategy, in which world-class technology and production development studies are carried out, has been gathered under three main headings;<\/p><ul><li>Quality Production<\/li><li>Costumer Satisfaction<\/li><li>Fair Price Policy<\/li><\/ul><p>BEYSAN carries unconditional quality assurance in every process from the production of every product to the moment it reaches the user.<\/p>\t\t\t\t\t\t<\/div>\n\t\t\t\t<\/div>\n\t\t\t\t\t<\/div>\n\t\t<\/div>\n\t\t\t\t\t\t\t<\/div>\n\t\t<\/section>\n\t\t\t\t<section class=\"elementor-section elementor-top-section elementor-element elementor-element-7e5c877 elementor-section-boxed elementor-section-height-default elementor-section-height-default\" data-id=\"7e5c877\" data-element_type=\"section\">\n\t\t\t\t\t\t<div class=\"elementor-container elementor-column-gap-default\">\n\t\t\t\t\t<div class=\"elementor-column elementor-col-50 elementor-top-column elementor-element elementor-element-962a475\" data-id=\"962a475\" data-element_type=\"column\" data-settings=\"{&quot;background_background&quot;:&quot;classic&quot;}\">\n\t\t\t<div class=\"elementor-widget-wrap elementor-element-populated\">\n\t\t\t\t\t\t\t\t<div class=\"elementor-element elementor-element-10b52ef elementor-widget elementor-widget-heading\" data-id=\"10b52ef\" data-element_type=\"widget\" data-widget_type=\"heading.default\">\n\t\t\t\t<div class=\"elementor-widget-container\">\n\t\t\t<h2 class=\"elementor-heading-title elementor-size-default\">OUR MISSION<\/h2>\t\t<\/div>\n\t\t\t\t<\/div>\n\t\t\t\t<div class=\"elementor-element elementor-element-589e418 elementor-widget elementor-widget-text-editor\" data-id=\"589e418\" data-element_type=\"widget\" data-widget_type=\"text-editor.default\">\n\t\t\t\t<div class=\"elementor-widget-container\">\n\t\t\t\t\t\t\t<p>To provide innovative products to the global market, high added value, fair price policy and in accordance with international standards, with its technical and administrative staff that continuously improves itself, targets maximum customer satisfaction; With the understanding of national and international cooperation and solidarity, to realize the formation of a company that leads the design, project and production services for the expectations of our customers.<\/p>\t\t\t\t\t\t<\/div>\n\t\t\t\t<\/div>\n\t\t\t\t\t<\/div>\n\t\t<\/div>\n\t\t\t\t<div class=\"elementor-column elementor-col-50 elementor-top-column elementor-element elementor-element-04c8843\" data-id=\"04c8843\" data-element_type=\"column\" data-settings=\"{&quot;background_background&quot;:&quot;classic&quot;}\">\n\t\t\t<div class=\"elementor-widget-wrap elementor-element-populated\">\n\t\t\t\t\t\t\t\t<div class=\"elementor-element elementor-element-55dc5a0 elementor-widget elementor-widget-heading\" data-id=\"55dc5a0\" data-element_type=\"widget\" data-widget_type=\"heading.default\">\n\t\t\t\t<div class=\"elementor-widget-container\">\n\t\t\t<h2 class=\"elementor-heading-title elementor-size-default\">OUR VISION<\/h2>\t\t<\/div>\n\t\t\t\t<\/div>\n\t\t\t\t<div class=\"elementor-element elementor-element-d82a05a elementor-widget elementor-widget-text-editor\" data-id=\"d82a05a\" data-element_type=\"widget\" data-widget_type=\"text-editor.default\">\n\t\t\t\t<div class=\"elementor-widget-container\">\n\t\t\t\t\t\t\t<p>As BEYSAN, our vision is to reach the &#8216;leading company&#8217; position in Turkey and in all the countries we serve, with a customer-oriented approach.<\/p>\t\t\t\t\t\t<\/div>\n\t\t\t\t<\/div>\n\t\t\t\t\t<\/div>\n\t\t<\/div>\n\t\t\t\t\t\t\t<\/div>\n\t\t<\/section>\n\t\t\t\t\t\t\t<\/div>\n\t\t","protected":false},"excerpt":{"rendered":"<p>ABOUT BEYSAN BEYSAN foundations were laid by \u0130smail Maden in \u0130ZM\u0130R in 2006. Since 2006, it has been increasing its activities with new and technological investments in its production facility in \u0130zmir\/Estim Industrial Site. In 2019, it was necessary to establish a new company in order to serve the intense demands of companies operating in [&hellip;]<\/p>\n","protected":false},"author":1,"featured_media":0,"parent":0,"menu_order":0,"comment_status":"closed","ping_status":"closed","template":"","meta":[],"acf":[],"yoast_head":"<!-- This site is optimized with the Yoast SEO plugin v19.13 - https:\/\/yoast.com\/wordpress\/plugins\/seo\/ -->\n<title>About Us - Beysan<\/title>\n<meta name=\"robots\" content=\"index, follow, max-snippet:-1, max-image-preview:large, max-video-preview:-1\" \/>\n<link rel=\"canonical\" href=\"https:\/\/beysanmachine.com\/en\/about-us\/\" \/>\n<meta property=\"og:locale\" content=\"en_US\" \/>\n<meta property=\"og:type\" content=\"article\" \/>\n<meta property=\"og:title\" content=\"About Us - Beysan\" \/>\n<meta property=\"og:description\" content=\"ABOUT BEYSAN BEYSAN foundations were laid by \u0130smail Maden in \u0130ZM\u0130R in 2006. Since 2006, it has been increasing its activities with new and technological investments in its production facility in \u0130zmir\/Estim Industrial Site. In 2019, it was necessary to establish a new company in order to serve the intense demands of companies operating in [&hellip;]\" \/>\n<meta property=\"og:url\" content=\"https:\/\/beysanmachine.com\/en\/about-us\/\" \/>\n<meta property=\"og:site_name\" content=\"Beysan\" \/>\n<meta property=\"article:modified_time\" content=\"2023-01-04T07:30:56+00:00\" \/>\n<meta name=\"twitter:card\" content=\"summary_large_image\" \/>\n<meta name=\"twitter:label1\" content=\"Est. reading time\" \/>\n\t<meta name=\"twitter:data1\" content=\"2 minutes\" \/>\n<script type=\"application\/ld+json\" class=\"yoast-schema-graph\">{\"@context\":\"https:\/\/schema.org\",\"@graph\":[{\"@type\":\"WebPage\",\"@id\":\"https:\/\/beysanmachine.com\/en\/about-us\/\",\"url\":\"https:\/\/beysanmachine.com\/en\/about-us\/\",\"name\":\"About Us - Beysan\",\"isPartOf\":{\"@id\":\"https:\/\/beysanmachine.com\/en\/#website\"},\"datePublished\":\"2022-10-26T15:32:07+00:00\",\"dateModified\":\"2023-01-04T07:30:56+00:00\",\"breadcrumb\":{\"@id\":\"https:\/\/beysanmachine.com\/en\/about-us\/#breadcrumb\"},\"inLanguage\":\"en-US\",\"potentialAction\":[{\"@type\":\"ReadAction\",\"target\":[\"https:\/\/beysanmachine.com\/en\/about-us\/\"]}]},{\"@type\":\"BreadcrumbList\",\"@id\":\"https:\/\/beysanmachine.com\/en\/about-us\/#breadcrumb\",\"itemListElement\":[{\"@type\":\"ListItem\",\"position\":1,\"name\":\"Anasayfa\",\"item\":\"https:\/\/beysanmachine.com\/en\/\"},{\"@type\":\"ListItem\",\"position\":2,\"name\":\"About Us\"}]},{\"@type\":\"WebSite\",\"@id\":\"https:\/\/beysanmachine.com\/en\/#website\",\"url\":\"https:\/\/beysanmachine.com\/en\/\",\"name\":\"Beysan\",\"description\":\"Beysan Machine\",\"potentialAction\":[{\"@type\":\"SearchAction\",\"target\":{\"@type\":\"EntryPoint\",\"urlTemplate\":\"https:\/\/beysanmachine.com\/en\/?s={search_term_string}\"},\"query-input\":\"required name=search_term_string\"}],\"inLanguage\":\"en-US\"}]}<\/script>\n<!-- \/ Yoast SEO plugin. -->","yoast_head_json":{"title":"About Us - Beysan","robots":{"index":"index","follow":"follow","max-snippet":"max-snippet:-1","max-image-preview":"max-image-preview:large","max-video-preview":"max-video-preview:-1"},"canonical":"https:\/\/beysanmachine.com\/en\/about-us\/","og_locale":"en_US","og_type":"article","og_title":"About Us - Beysan","og_description":"ABOUT BEYSAN BEYSAN foundations were laid by \u0130smail Maden in \u0130ZM\u0130R in 2006. Since 2006, it has been increasing its activities with new and technological investments in its production facility in \u0130zmir\/Estim Industrial Site. In 2019, it was necessary to establish a new company in order to serve the intense demands of companies operating in [&hellip;]","og_url":"https:\/\/beysanmachine.com\/en\/about-us\/","og_site_name":"Beysan","article_modified_time":"2023-01-04T07:30:56+00:00","twitter_card":"summary_large_image","twitter_misc":{"Est. reading time":"2 minutes"},"schema":{"@context":"https:\/\/schema.org","@graph":[{"@type":"WebPage","@id":"https:\/\/beysanmachine.com\/en\/about-us\/","url":"https:\/\/beysanmachine.com\/en\/about-us\/","name":"About Us - Beysan","isPartOf":{"@id":"https:\/\/beysanmachine.com\/en\/#website"},"datePublished":"2022-10-26T15:32:07+00:00","dateModified":"2023-01-04T07:30:56+00:00","breadcrumb":{"@id":"https:\/\/beysanmachine.com\/en\/about-us\/#breadcrumb"},"inLanguage":"en-US","potentialAction":[{"@type":"ReadAction","target":["https:\/\/beysanmachine.com\/en\/about-us\/"]}]},{"@type":"BreadcrumbList","@id":"https:\/\/beysanmachine.com\/en\/about-us\/#breadcrumb","itemListElement":[{"@type":"ListItem","position":1,"name":"Anasayfa","item":"https:\/\/beysanmachine.com\/en\/"},{"@type":"ListItem","position":2,"name":"About Us"}]},{"@type":"WebSite","@id":"https:\/\/beysanmachine.com\/en\/#website","url":"https:\/\/beysanmachine.com\/en\/","name":"Beysan","description":"Beysan Machine","potentialAction":[{"@type":"SearchAction","target":{"@type":"EntryPoint","urlTemplate":"https:\/\/beysanmachine.com\/en\/?s={search_term_string}"},"query-input":"required name=search_term_string"}],"inLanguage":"en-US"}]}},"_links":{"self":[{"href":"https:\/\/beysanmachine.com\/en\/wp-json\/wp\/v2\/pages\/11"}],"collection":[{"href":"https:\/\/beysanmachine.com\/en\/wp-json\/wp\/v2\/pages"}],"about":[{"href":"https:\/\/beysanmachine.com\/en\/wp-json\/wp\/v2\/types\/page"}],"author":[{"embeddable":true,"href":"https:\/\/beysanmachine.com\/en\/wp-json\/wp\/v2\/users\/1"}],"replies":[{"embeddable":true,"href":"https:\/\/beysanmachine.com\/en\/wp-json\/wp\/v2\/comments?post=11"}],"version-history":[{"count":42,"href":"https:\/\/beysanmachine.com\/en\/wp-json\/wp\/v2\/pages\/11\/revisions"}],"predecessor-version":[{"id":985,"href":"https:\/\/beysanmachine.com\/en\/wp-json\/wp\/v2\/pages\/11\/revisions\/985"}],"wp:attachment":[{"href":"https:\/\/beysanmachine.com\/en\/wp-json\/wp\/v2\/media?parent=11"}],"curies":[{"name":"wp","href":"https:\/\/api.w.org\/{rel}","templated":true}]}}