{"id":419,"date":"2022-11-14T17:48:28","date_gmt":"2022-11-14T14:48:28","guid":{"rendered":"https:\/\/beysanmachine.com\/?page_id=419"},"modified":"2023-01-11T17:22:10","modified_gmt":"2023-01-11T14:22:10","slug":"%d8%a7%d9%84%d8%a3%d8%ae%d8%a8%d8%a7%d8%b1","status":"publish","type":"page","link":"https:\/\/beysanmachine.com\/ar\/%d8%a7%d9%84%d8%a3%d8%ae%d8%a8%d8%a7%d8%b1\/","title":{"rendered":"\u0627\u0644\u0623\u062e\u0628\u0627\u0631"},"content":{"rendered":"\t\t<div data-elementor-type=\"wp-page\" data-elementor-id=\"419\" class=\"elementor elementor-419\">\n\t\t\t\t\t\t\t\t\t<section class=\"elementor-section elementor-top-section elementor-element elementor-element-9714289 elementor-section-boxed elementor-section-height-default elementor-section-height-default\" data-id=\"9714289\" data-element_type=\"section\">\n\t\t\t\t\t\t<div class=\"elementor-container elementor-column-gap-default\">\n\t\t\t\t\t<div class=\"elementor-column elementor-col-100 elementor-top-column elementor-element elementor-element-0f43c82\" data-id=\"0f43c82\" data-element_type=\"column\">\n\t\t\t<div class=\"elementor-widget-wrap elementor-element-populated\">\n\t\t\t\t\t\t\t\t<div class=\"elementor-element elementor-element-b21728e elementor-widget-divider--view-line_text elementor-widget-divider--element-align-center elementor-widget elementor-widget-divider\" data-id=\"b21728e\" data-element_type=\"widget\" data-widget_type=\"divider.default\">\n\t\t\t\t<div class=\"elementor-widget-container\">\n\t\t\t<style>\/*! elementor - v3.10.0 - 09-01-2023 *\/\n.elementor-widget-divider{--divider-border-style:none;--divider-border-width:1px;--divider-color:#2c2c2c;--divider-icon-size:20px;--divider-element-spacing:10px;--divider-pattern-height:24px;--divider-pattern-size:20px;--divider-pattern-url:none;--divider-pattern-repeat:repeat-x}.elementor-widget-divider .elementor-divider{display:flex}.elementor-widget-divider .elementor-divider__text{font-size:15px;line-height:1;max-width:95%}.elementor-widget-divider .elementor-divider__element{margin:0 var(--divider-element-spacing);flex-shrink:0}.elementor-widget-divider .elementor-icon{font-size:var(--divider-icon-size)}.elementor-widget-divider .elementor-divider-separator{display:flex;margin:0;direction:ltr}.elementor-widget-divider--view-line_icon .elementor-divider-separator,.elementor-widget-divider--view-line_text .elementor-divider-separator{align-items:center}.elementor-widget-divider--view-line_icon .elementor-divider-separator:after,.elementor-widget-divider--view-line_icon .elementor-divider-separator:before,.elementor-widget-divider--view-line_text .elementor-divider-separator:after,.elementor-widget-divider--view-line_text .elementor-divider-separator:before{display:block;content:\"\";border-bottom:0;flex-grow:1;border-top:var(--divider-border-width) var(--divider-border-style) var(--divider-color)}.elementor-widget-divider--element-align-left .elementor-divider .elementor-divider-separator>.elementor-divider__svg:first-of-type{flex-grow:0;flex-shrink:100}.elementor-widget-divider--element-align-left .elementor-divider-separator:before{content:none}.elementor-widget-divider--element-align-left .elementor-divider__element{margin-left:0}.elementor-widget-divider--element-align-right .elementor-divider .elementor-divider-separator>.elementor-divider__svg:last-of-type{flex-grow:0;flex-shrink:100}.elementor-widget-divider--element-align-right .elementor-divider-separator:after{content:none}.elementor-widget-divider--element-align-right .elementor-divider__element{margin-right:0}.elementor-widget-divider:not(.elementor-widget-divider--view-line_text):not(.elementor-widget-divider--view-line_icon) .elementor-divider-separator{border-top:var(--divider-border-width) var(--divider-border-style) var(--divider-color)}.elementor-widget-divider--separator-type-pattern{--divider-border-style:none}.elementor-widget-divider--separator-type-pattern.elementor-widget-divider--view-line .elementor-divider-separator,.elementor-widget-divider--separator-type-pattern:not(.elementor-widget-divider--view-line) .elementor-divider-separator:after,.elementor-widget-divider--separator-type-pattern:not(.elementor-widget-divider--view-line) .elementor-divider-separator:before,.elementor-widget-divider--separator-type-pattern:not([class*=elementor-widget-divider--view]) .elementor-divider-separator{width:100%;min-height:var(--divider-pattern-height);-webkit-mask-size:var(--divider-pattern-size) 100%;mask-size:var(--divider-pattern-size) 100%;-webkit-mask-repeat:var(--divider-pattern-repeat);mask-repeat:var(--divider-pattern-repeat);background-color:var(--divider-color);-webkit-mask-image:var(--divider-pattern-url);mask-image:var(--divider-pattern-url)}.elementor-widget-divider--no-spacing{--divider-pattern-size:auto}.elementor-widget-divider--bg-round{--divider-pattern-repeat:round}.rtl .elementor-widget-divider .elementor-divider__text{direction:rtl}.e-con-inner>.elementor-widget-divider,.e-con>.elementor-widget-divider{width:var(--container-widget-width);--flex-grow:var(--container-widget-flex-grow)}<\/style>\t\t<div class=\"elementor-divider\">\n\t\t\t<span class=\"elementor-divider-separator\">\n\t\t\t\t\t\t\t<span class=\"elementor-divider__text elementor-divider__element\">\n\t\t\t\tBizden Haberler & Fuarlar\t\t\t\t<\/span>\n\t\t\t\t\t\t<\/span>\n\t\t<\/div>\n\t\t\t\t<\/div>\n\t\t\t\t<\/div>\n\t\t\t\t<div class=\"elementor-element elementor-element-14f5fec elementor-widget elementor-widget-raven-posts\" data-id=\"14f5fec\" data-element_type=\"widget\" data-settings=\"{&quot;query_posts_per_page&quot;:12,&quot;_skin&quot;:&quot;classic&quot;,&quot;classic_layout&quot;:&quot;grid&quot;,&quot;classic_columns&quot;:&quot;3&quot;,&quot;classic_columns_tablet&quot;:&quot;2&quot;,&quot;classic_columns_mobile&quot;:&quot;1&quot;,&quot;query_offset&quot;:0}\" data-widget_type=\"raven-posts.classic\">\n\t\t\t\t<div class=\"elementor-widget-container\">\n\t\t\t\t\t<div class=\"raven-posts raven-grid raven-grid-3 raven-grid-mobile-1 raven-grid-tablet-2\" data-post-id=\"419\" data-archive-query=\"\">\n\t\t\t\t<div class=\"raven-grid-item raven-post-item post-702 post type-post status-publish format-standard has-post-thumbnail hentry category-genel\">\n\t\t\t<div class=\"raven-post\">\n\t\t\t\t\t\t<div class=\"raven-post-image-wrap\">\n\t\t\t<a class=\"raven-post-image raven-image-fit\" href=\"https:\/\/beysanmachine.com\/ar\/2022-%d9%85%d8%b9%d8%b1%d8%b6-%d8%a3%d9%88%d8%b1%d8%a7%d8%b3%d9%8a%d8%a7-%d9%84%d9%85%d8%a7%d9%83%d9%8a%d9%86%d8%a7%d8%aa-%d8%a7%d9%84%d8%a3%d8%ba%d8%b0%d9%8a%d8%a9-%d9%88%d8%a7%d9%84%d8%aa%d8%ba\/\"><img width=\"1024\" height=\"768\" src=\"https:\/\/beysanmachine.com\/ar\/wp-content\/uploads\/2022\/12\/8CD2BA91-46A9-488D-B898-0ACEEB678CAB_1_105_c.jpeg\" class=\"attachment-large size-large wp-image-704\" alt=\"\" decoding=\"async\" srcset=\"https:\/\/beysanmachine.com\/ar\/wp-content\/uploads\/2022\/12\/8CD2BA91-46A9-488D-B898-0ACEEB678CAB_1_105_c.jpeg 1024w, https:\/\/beysanmachine.com\/ar\/wp-content\/uploads\/2022\/12\/8CD2BA91-46A9-488D-B898-0ACEEB678CAB_1_105_c-800x600.jpeg 800w, https:\/\/beysanmachine.com\/ar\/wp-content\/uploads\/2022\/12\/8CD2BA91-46A9-488D-B898-0ACEEB678CAB_1_105_c-300x225.jpeg 300w, https:\/\/beysanmachine.com\/ar\/wp-content\/uploads\/2022\/12\/8CD2BA91-46A9-488D-B898-0ACEEB678CAB_1_105_c-768x576.jpeg 768w\" sizes=\"(max-width: 1024px) 100vw, 1024px\" \/> <span class=\"raven-post-image-overlay\"><\/span><\/a>\t\t<\/div>\n\t\t\t\t\t\t<div class=\"raven-post-content\">\n\t\t\t\t\t<h3 class=\"raven-post-title\"><a class=\"raven-post-title-link\" href=\"https:\/\/beysanmachine.com\/ar\/2022-%d9%85%d8%b9%d8%b1%d8%b6-%d8%a3%d9%88%d8%b1%d8%a7%d8%b3%d9%8a%d8%a7-%d9%84%d9%85%d8%a7%d9%83%d9%8a%d9%86%d8%a7%d8%aa-%d8%a7%d9%84%d8%a3%d8%ba%d8%b0%d9%8a%d8%a9-%d9%88%d8%a7%d9%84%d8%aa%d8%ba\/\">2022 \u0645\u0639\u0631\u0636 \u0623\u0648\u0631\u0627\u0633\u064a\u0627 \u0644\u0645\u0627\u0643\u064a\u0646\u0627\u062a \u0627\u0644\u0623\u063a\u0630\u064a\u0629 \u0648\u0627\u0644\u062a\u063a\u0644\u064a\u0641<\/a><\/h3>\t\t<div class=\"raven-post-meta\"><a class=\"raven-post-meta-item raven-post-date\" href=\"https:\/\/beysanmachine.com\/ar\/2022\/12\/\" rel=\"bookmark\">15 \u062f\u064a\u0633\u0645\u0628\u0631 2022<\/a><\/div>\n\t\t\t\t<div class=\"raven-post-excerpt\">\u0643\u0646\u0627 \u062d\u0627\u0636\u0631\u064a\u0646 \u0641\u064a \u0645\u0639\u0631\u0636 \u0623\u0648\u0631\u0627\u0633\u064a\u0627 \u0644\u0644\u062a\u063a\u0644\u064a\u0641 \u0648\u0622\u0644\u0627\u062a \u0627\u0644\u063a\u0630\u0627\u0621 \u0627\u0644\u0630\u064a \u0623\u0642\u064a\u0645 \u0641\u064a \u0627\u0633\u0637\u0646\u0628\u0648\u0644 \u0645\u0631\u0643\u0632 \u062a\u0648\u064a\u0627\u0628 \u0644\u0644\u0645\u0639\u0627\u0631\u0636 \u0648\u0627\u0644\u0645\u0624\u062a\u0645\u0631\u0627\u062a \u0641\u064a<\/div>\n\t\t\t\t<div class=\"raven-post-read-more\">\n\t\t\t<a class=\"raven-post-button\" href=\"https:\/\/beysanmachine.com\/ar\/2022-%d9%85%d8%b9%d8%b1%d8%b6-%d8%a3%d9%88%d8%b1%d8%a7%d8%b3%d9%8a%d8%a7-%d9%84%d9%85%d8%a7%d9%83%d9%8a%d9%86%d8%a7%d8%aa-%d8%a7%d9%84%d8%a3%d8%ba%d8%b0%d9%8a%d8%a9-%d9%88%d8%a7%d9%84%d8%aa%d8%ba\/\"><span class=\"raven-post-button-text\">Devam\u0131n\u0131 Oku...<\/span><\/a>\n\t\t<\/div>\n\t\t\t\t\t\t<\/div>\n\t\t\t<\/div>\n\t\t<\/div>\n\t\t\t\t<div class=\"raven-grid-item raven-post-item post-692 post type-post status-publish format-standard has-post-thumbnail hentry category-genel\">\n\t\t\t<div class=\"raven-post\">\n\t\t\t\t\t\t<div class=\"raven-post-image-wrap\">\n\t\t\t<a class=\"raven-post-image raven-image-fit\" href=\"https:\/\/beysanmachine.com\/ar\/2021-%d9%85%d8%b9%d8%b1%d8%b6-%d8%a3%d9%88%d8%b1%d8%a7%d8%b3%d9%8a%d8%a7-%d9%84%d9%84%d8%a3%d8%ba%d8%b0%d9%8a%d8%a9-%d9%88%d8%a7%d9%84%d8%aa%d8%b9%d8%a8%d8%a6%d8%a9-%d9%88%d8%a7%d9%84%d8%aa%d8%ba\/\"><img width=\"1024\" height=\"768\" src=\"https:\/\/beysanmachine.com\/ar\/wp-content\/uploads\/2022\/12\/IMG_5269-1024x768.jpeg\" class=\"attachment-large size-large wp-image-693\" alt=\"\" decoding=\"async\" srcset=\"https:\/\/beysanmachine.com\/ar\/wp-content\/uploads\/2022\/12\/IMG_5269-1024x768.jpeg 1024w, https:\/\/beysanmachine.com\/ar\/wp-content\/uploads\/2022\/12\/IMG_5269-scaled-800x600.jpeg 800w, https:\/\/beysanmachine.com\/ar\/wp-content\/uploads\/2022\/12\/IMG_5269-300x225.jpeg 300w, https:\/\/beysanmachine.com\/ar\/wp-content\/uploads\/2022\/12\/IMG_5269-768x576.jpeg 768w, https:\/\/beysanmachine.com\/ar\/wp-content\/uploads\/2022\/12\/IMG_5269-1536x1152.jpeg 1536w, https:\/\/beysanmachine.com\/ar\/wp-content\/uploads\/2022\/12\/IMG_5269-2048x1536.jpeg 2048w\" sizes=\"(max-width: 1024px) 100vw, 1024px\" \/> <span class=\"raven-post-image-overlay\"><\/span><\/a>\t\t<\/div>\n\t\t\t\t\t\t<div class=\"raven-post-content\">\n\t\t\t\t\t<h3 class=\"raven-post-title\"><a class=\"raven-post-title-link\" href=\"https:\/\/beysanmachine.com\/ar\/2021-%d9%85%d8%b9%d8%b1%d8%b6-%d8%a3%d9%88%d8%b1%d8%a7%d8%b3%d9%8a%d8%a7-%d9%84%d9%84%d8%a3%d8%ba%d8%b0%d9%8a%d8%a9-%d9%88%d8%a7%d9%84%d8%aa%d8%b9%d8%a8%d8%a6%d8%a9-%d9%88%d8%a7%d9%84%d8%aa%d8%ba\/\">2021 \u0645\u0639\u0631\u0636 \u0623\u0648\u0631\u0627\u0633\u064a\u0627 \u0644\u0644\u0623\u063a\u0630\u064a\u0629 \u0648\u0627\u0644\u062a\u0639\u0628\u0626\u0629 \u0648\u0627\u0644\u062a\u063a\u0644\u064a\u0641<\/a><\/h3>\t\t<div class=\"raven-post-meta\"><a class=\"raven-post-meta-item raven-post-date\" href=\"https:\/\/beysanmachine.com\/ar\/2022\/12\/\" rel=\"bookmark\">15 \u062f\u064a\u0633\u0645\u0628\u0631 2022<\/a><\/div>\n\t\t\t\t<div class=\"raven-post-excerpt\">\u0643\u0646\u0627 \u062d\u0627\u0636\u0631\u064a\u0646 \u0623\u064a\u0636\u064b\u0627 \u0641\u064a \u0645\u0639\u0631\u0636 \u0623\u0648\u0631\u0627\u0633\u064a\u0627 \u0644\u0644\u062a\u063a\u0644\u064a\u0641 \u0648\u0627\u0644\u0622\u0644\u0627\u062a \u0627\u0644\u063a\u0630\u0627\u0626\u064a\u0629 \u0627\u0644\u0630\u064a \u0623\u0642\u064a\u0645 \u0641\u064a \u0645\u0631\u0643\u0632 \u062a\u0648\u064a\u0627\u0628 \u0641\u064a \u0625\u0633\u0637\u0646\u0628\u0648\u0644 \u0648\u0645\u0631\u0643\u0632 \u0627\u0644\u0645\u0624\u062a\u0645\u0631\u0627\u062a.<\/div>\n\t\t\t\t<div class=\"raven-post-read-more\">\n\t\t\t<a class=\"raven-post-button\" href=\"https:\/\/beysanmachine.com\/ar\/2021-%d9%85%d8%b9%d8%b1%d8%b6-%d8%a3%d9%88%d8%b1%d8%a7%d8%b3%d9%8a%d8%a7-%d9%84%d9%84%d8%a3%d8%ba%d8%b0%d9%8a%d8%a9-%d9%88%d8%a7%d9%84%d8%aa%d8%b9%d8%a8%d8%a6%d8%a9-%d9%88%d8%a7%d9%84%d8%aa%d8%ba\/\"><span class=\"raven-post-button-text\">Devam\u0131n\u0131 Oku...<\/span><\/a>\n\t\t<\/div>\n\t\t\t\t\t\t<\/div>\n\t\t\t<\/div>\n\t\t<\/div>\n\t\t\t\t<\/div>\n\t\t\t\t<\/div>\n\t\t\t\t<\/div>\n\t\t\t\t\t<\/div>\n\t\t<\/div>\n\t\t\t\t\t\t\t<\/div>\n\t\t<\/section>\n\t\t\t\t\t\t\t<\/div>\n\t\t","protected":false},"excerpt":{"rendered":"<p>Bizden Haberler &amp; Fuarlar 2022 Avrasya G\u0131da Makineleri ve Ambalaj Fuar\u0131 15 Aral\u0131k 2022 12-15 Ekim 2022 tarihlerinde \u0130stanbul T\u00fcyap Fuar ve Kongre Merkezi\u2019nde ger\u00e7ekle\u015fen Avrasya Ambalaj ve G\u0131da Makineleri Fuar\u0131\u2019nda bizde vard\u0131k. Devam\u0131n\u0131 Oku&#8230; 2021 Avrasya G\u0131da Makineleri ve Ambalaj Fuar\u0131 15 Aral\u0131k 2022 \u0130stanbul T\u00fcyap Fuar ve Kongre Merkezi\u2019nde ger\u00e7ekle\u015fen Avrasya Ambalaj ve [&hellip;]<\/p>\n","protected":false},"author":1,"featured_media":0,"parent":0,"menu_order":0,"comment_status":"closed","ping_status":"closed","template":"","meta":[],"acf":[],"_links":{"self":[{"href":"https:\/\/beysanmachine.com\/ar\/wp-json\/wp\/v2\/pages\/419"}],"collection":[{"href":"https:\/\/beysanmachine.com\/ar\/wp-json\/wp\/v2\/pages"}],"about":[{"href":"https:\/\/beysanmachine.com\/ar\/wp-json\/wp\/v2\/types\/page"}],"author":[{"embeddable":true,"href":"https:\/\/beysanmachine.com\/ar\/wp-json\/wp\/v2\/users\/1"}],"replies":[{"embeddable":true,"href":"https:\/\/beysanmachine.com\/ar\/wp-json\/wp\/v2\/comments?post=419"}],"version-history":[{"count":8,"href":"https:\/\/beysanmachine.com\/ar\/wp-json\/wp\/v2\/pages\/419\/revisions"}],"predecessor-version":[{"id":874,"href":"https:\/\/beysanmachine.com\/ar\/wp-json\/wp\/v2\/pages\/419\/revisions\/874"}],"wp:attachment":[{"href":"https:\/\/beysanmachine.com\/ar\/wp-json\/wp\/v2\/media?parent=419"}],"curies":[{"name":"wp","href":"https:\/\/api.w.org\/{rel}","templated":true}]}}