{"id":361,"date":"2022-11-14T14:27:16","date_gmt":"2022-11-14T11:27:16","guid":{"rendered":"https:\/\/beysanmachine.com\/?page_id=361"},"modified":"2023-01-12T12:18:31","modified_gmt":"2023-01-12T09:18:31","slug":"%d9%85%d8%ac%d8%a7%d9%84%d8%a7%d8%aa-%d8%a7%d9%84%d8%a7%d8%b3%d8%aa%d8%b9%d9%85%d8%a7%d9%84","status":"publish","type":"page","link":"https:\/\/beysanmachine.com\/ar\/%d9%85%d8%ac%d8%a7%d9%84%d8%a7%d8%aa-%d8%a7%d9%84%d8%a7%d8%b3%d8%aa%d8%b9%d9%85%d8%a7%d9%84\/","title":{"rendered":"\u0645\u062c\u0627\u0644\u0627\u062a \u0627\u0644\u0627\u0633\u062a\u0639\u0645\u0627\u0644"},"content":{"rendered":"\t\t<div data-elementor-type=\"wp-page\" data-elementor-id=\"361\" class=\"elementor elementor-361\">\n\t\t\t\t\t\t\t\t\t<section class=\"elementor-section elementor-top-section elementor-element elementor-element-b457a19 elementor-section-boxed elementor-section-height-default elementor-section-height-default\" data-id=\"b457a19\" data-element_type=\"section\">\n\t\t\t\t\t\t<div class=\"elementor-container elementor-column-gap-default\">\n\t\t\t\t\t<div class=\"elementor-column elementor-col-100 elementor-top-column elementor-element elementor-element-fa47ee9\" data-id=\"fa47ee9\" data-element_type=\"column\">\n\t\t\t<div class=\"elementor-widget-wrap elementor-element-populated\">\n\t\t\t\t\t\t\t\t<div class=\"elementor-element elementor-element-36c19e3 elementor-widget elementor-widget-raven-posts\" data-id=\"36c19e3\" data-element_type=\"widget\" data-settings=\"{&quot;classic_columns&quot;:&quot;2&quot;,&quot;_skin&quot;:&quot;classic&quot;,&quot;classic_layout&quot;:&quot;grid&quot;,&quot;classic_columns_tablet&quot;:&quot;2&quot;,&quot;classic_columns_mobile&quot;:&quot;1&quot;,&quot;query_posts_per_page&quot;:6,&quot;query_offset&quot;:0}\" data-widget_type=\"raven-posts.classic\">\n\t\t\t\t<div class=\"elementor-widget-container\">\n\t\t\t\t\t<div class=\"raven-posts raven-grid raven-grid-2 raven-grid-mobile-1 raven-grid-tablet-2\" data-post-id=\"361\" data-archive-query=\"\">\n\t\t\t\t<div class=\"raven-grid-item raven-post-item post-366 page type-page status-publish has-post-thumbnail hentry\">\n\t\t\t<div class=\"raven-post\">\n\t\t\t\t\t\t<div class=\"raven-post-image-wrap\">\n\t\t\t<a class=\"raven-post-image raven-image-fit\" href=\"https:\/\/beysanmachine.com\/ar\/%d9%85%d8%ac%d8%a7%d9%84%d8%a7%d8%aa-%d8%a7%d9%84%d8%a7%d8%b3%d8%aa%d8%b9%d9%85%d8%a7%d9%84\/%d8%a7%d9%84%d8%ad%d9%84%d9%8a%d8%a8-%d9%88%d9%85%d9%86%d8%aa%d8%ac%d8%a7%d8%aa-%d8%a7%d9%84%d8%a3%d9%84%d8%a8%d8%a7%d9%86\/\"><img width=\"760\" height=\"450\" src=\"https:\/\/beysanmachine.com\/ar\/wp-content\/uploads\/2022\/11\/kapak_104530.webp\" class=\"attachment-large size-large wp-image-384\" alt=\"\" decoding=\"async\" srcset=\"https:\/\/beysanmachine.com\/ar\/wp-content\/uploads\/2022\/11\/kapak_104530.webp 760w, https:\/\/beysanmachine.com\/ar\/wp-content\/uploads\/2022\/11\/kapak_104530-300x178.webp 300w, https:\/\/beysanmachine.com\/ar\/wp-content\/uploads\/2022\/11\/kapak_104530-600x355.webp 600w\" sizes=\"(max-width: 760px) 100vw, 760px\" \/> <span class=\"raven-post-image-overlay\"><\/span><\/a>\t\t<\/div>\n\t\t\t\t\t\t<div class=\"raven-post-content\">\n\t\t\t\t\t<h3 class=\"raven-post-title\"><a class=\"raven-post-title-link\" href=\"https:\/\/beysanmachine.com\/ar\/%d9%85%d8%ac%d8%a7%d9%84%d8%a7%d8%aa-%d8%a7%d9%84%d8%a7%d8%b3%d8%aa%d8%b9%d9%85%d8%a7%d9%84\/%d8%a7%d9%84%d8%ad%d9%84%d9%8a%d8%a8-%d9%88%d9%85%d9%86%d8%aa%d8%ac%d8%a7%d8%aa-%d8%a7%d9%84%d8%a3%d9%84%d8%a8%d8%a7%d9%86\/\">\u0627\u0644\u062d\u0644\u064a\u0628 \u0648\u0645\u0646\u062a\u062c\u0627\u062a \u0627\u0644\u0623\u0644\u0628\u0627\u0646<\/a><\/h3>\t\t\t\t<\/div>\n\t\t\t<\/div>\n\t\t<\/div>\n\t\t\t\t<div class=\"raven-grid-item raven-post-item post-368 page type-page status-publish has-post-thumbnail hentry\">\n\t\t\t<div class=\"raven-post\">\n\t\t\t\t\t\t<div class=\"raven-post-image-wrap\">\n\t\t\t<a class=\"raven-post-image raven-image-fit\" href=\"https:\/\/beysanmachine.com\/ar\/%d9%85%d8%ac%d8%a7%d9%84%d8%a7%d8%aa-%d8%a7%d9%84%d8%a7%d8%b3%d8%aa%d8%b9%d9%85%d8%a7%d9%84\/%d9%85%d8%a3%d9%83%d9%88%d9%84%d8%a7%d8%aa-%d9%85%d8%b4%d8%b1%d9%88%d8%a8%d8%a7%d8%aa\/\"><img width=\"640\" height=\"423\" src=\"https:\/\/beysanmachine.com\/ar\/wp-content\/uploads\/2022\/12\/WhatsApp-Image-2022-12-15-at-17.41.28-1.jpeg\" class=\"attachment-large size-large wp-image-732\" alt=\"\" decoding=\"async\" srcset=\"https:\/\/beysanmachine.com\/ar\/wp-content\/uploads\/2022\/12\/WhatsApp-Image-2022-12-15-at-17.41.28-1.jpeg 640w, https:\/\/beysanmachine.com\/ar\/wp-content\/uploads\/2022\/12\/WhatsApp-Image-2022-12-15-at-17.41.28-1-300x198.jpeg 300w, https:\/\/beysanmachine.com\/ar\/wp-content\/uploads\/2022\/12\/WhatsApp-Image-2022-12-15-at-17.41.28-1-600x397.jpeg 600w\" sizes=\"(max-width: 640px) 100vw, 640px\" \/> <span class=\"raven-post-image-overlay\"><\/span><\/a>\t\t<\/div>\n\t\t\t\t\t\t<div class=\"raven-post-content\">\n\t\t\t\t\t<h3 class=\"raven-post-title\"><a class=\"raven-post-title-link\" href=\"https:\/\/beysanmachine.com\/ar\/%d9%85%d8%ac%d8%a7%d9%84%d8%a7%d8%aa-%d8%a7%d9%84%d8%a7%d8%b3%d8%aa%d8%b9%d9%85%d8%a7%d9%84\/%d9%85%d8%a3%d9%83%d9%88%d9%84%d8%a7%d8%aa-%d9%85%d8%b4%d8%b1%d9%88%d8%a8%d8%a7%d8%aa\/\">\u0645\u0623\u0643\u0648\u0644\u0627\u062a \u0645\u0634\u0631\u0648\u0628\u0627\u062a<\/a><\/h3>\t\t\t\t<\/div>\n\t\t\t<\/div>\n\t\t<\/div>\n\t\t\t\t<div class=\"raven-grid-item raven-post-item post-372 page type-page status-publish has-post-thumbnail hentry\">\n\t\t\t<div class=\"raven-post\">\n\t\t\t\t\t\t<div class=\"raven-post-image-wrap\">\n\t\t\t<a class=\"raven-post-image raven-image-fit\" href=\"https:\/\/beysanmachine.com\/ar\/%d9%85%d8%ac%d8%a7%d9%84%d8%a7%d8%aa-%d8%a7%d9%84%d8%a7%d8%b3%d8%aa%d8%b9%d9%85%d8%a7%d9%84\/%d8%a7%d9%84%d9%83%d9%8a%d9%85%d9%8a%d8%a7%d8%a1-%d9%88%d8%a7%d9%84%d8%a8%d8%aa%d8%b1%d9%88%d9%83%d9%8a%d9%85%d8%a7%d9%88%d9%8a%d8%a7%d8%aa\/\"><img width=\"800\" height=\"445\" src=\"https:\/\/beysanmachine.com\/ar\/wp-content\/uploads\/2022\/11\/petrokimya-nedir.jpg\" class=\"attachment-large size-large wp-image-386\" alt=\"\" decoding=\"async\" srcset=\"https:\/\/beysanmachine.com\/ar\/wp-content\/uploads\/2022\/11\/petrokimya-nedir.jpg 800w, https:\/\/beysanmachine.com\/ar\/wp-content\/uploads\/2022\/11\/petrokimya-nedir-300x167.jpg 300w, https:\/\/beysanmachine.com\/ar\/wp-content\/uploads\/2022\/11\/petrokimya-nedir-768x427.jpg 768w, https:\/\/beysanmachine.com\/ar\/wp-content\/uploads\/2022\/11\/petrokimya-nedir-600x334.jpg 600w\" sizes=\"(max-width: 800px) 100vw, 800px\" \/> <span class=\"raven-post-image-overlay\"><\/span><\/a>\t\t<\/div>\n\t\t\t\t\t\t<div class=\"raven-post-content\">\n\t\t\t\t\t<h3 class=\"raven-post-title\"><a class=\"raven-post-title-link\" href=\"https:\/\/beysanmachine.com\/ar\/%d9%85%d8%ac%d8%a7%d9%84%d8%a7%d8%aa-%d8%a7%d9%84%d8%a7%d8%b3%d8%aa%d8%b9%d9%85%d8%a7%d9%84\/%d8%a7%d9%84%d9%83%d9%8a%d9%85%d9%8a%d8%a7%d8%a1-%d9%88%d8%a7%d9%84%d8%a8%d8%aa%d8%b1%d9%88%d9%83%d9%8a%d9%85%d8%a7%d9%88%d9%8a%d8%a7%d8%aa\/\">\u0627\u0644\u0643\u064a\u0645\u064a\u0627\u0621 \u0648\u0627\u0644\u0628\u062a\u0631\u0648\u0643\u064a\u0645\u0627\u0648\u064a\u0627\u062a<\/a><\/h3>\t\t\t\t<\/div>\n\t\t\t<\/div>\n\t\t<\/div>\n\t\t\t\t<div class=\"raven-grid-item raven-post-item post-376 page type-page status-publish has-post-thumbnail hentry\">\n\t\t\t<div class=\"raven-post\">\n\t\t\t\t\t\t<div class=\"raven-post-image-wrap\">\n\t\t\t<a class=\"raven-post-image raven-image-fit\" href=\"https:\/\/beysanmachine.com\/ar\/%d9%85%d8%ac%d8%a7%d9%84%d8%a7%d8%aa-%d8%a7%d9%84%d8%a7%d8%b3%d8%aa%d8%b9%d9%85%d8%a7%d9%84\/%d8%b5%d9%86%d8%a7%d8%b9%d8%a9-%d9%85%d8%b3%d8%aa%d8%ad%d8%b6%d8%b1%d8%a7%d8%aa-%d8%a7%d9%84%d8%aa%d8%ac%d9%85%d9%8a%d9%84\/\"><img width=\"800\" height=\"534\" src=\"https:\/\/beysanmachine.com\/ar\/wp-content\/uploads\/2022\/12\/WhatsApp-Image-2022-12-16-at-10.01.49.jpeg\" class=\"attachment-large size-large wp-image-733\" alt=\"\" decoding=\"async\" srcset=\"https:\/\/beysanmachine.com\/ar\/wp-content\/uploads\/2022\/12\/WhatsApp-Image-2022-12-16-at-10.01.49.jpeg 800w, https:\/\/beysanmachine.com\/ar\/wp-content\/uploads\/2022\/12\/WhatsApp-Image-2022-12-16-at-10.01.49-300x200.jpeg 300w, https:\/\/beysanmachine.com\/ar\/wp-content\/uploads\/2022\/12\/WhatsApp-Image-2022-12-16-at-10.01.49-768x513.jpeg 768w, https:\/\/beysanmachine.com\/ar\/wp-content\/uploads\/2022\/12\/WhatsApp-Image-2022-12-16-at-10.01.49-600x401.jpeg 600w\" sizes=\"(max-width: 800px) 100vw, 800px\" \/> <span class=\"raven-post-image-overlay\"><\/span><\/a>\t\t<\/div>\n\t\t\t\t\t\t<div class=\"raven-post-content\">\n\t\t\t\t\t<h3 class=\"raven-post-title\"><a class=\"raven-post-title-link\" href=\"https:\/\/beysanmachine.com\/ar\/%d9%85%d8%ac%d8%a7%d9%84%d8%a7%d8%aa-%d8%a7%d9%84%d8%a7%d8%b3%d8%aa%d8%b9%d9%85%d8%a7%d9%84\/%d8%b5%d9%86%d8%a7%d8%b9%d8%a9-%d9%85%d8%b3%d8%aa%d8%ad%d8%b6%d8%b1%d8%a7%d8%aa-%d8%a7%d9%84%d8%aa%d8%ac%d9%85%d9%8a%d9%84\/\">\u0635\u0646\u0627\u0639\u0629 \u0645\u0633\u062a\u062d\u0636\u0631\u0627\u062a \u0627\u0644\u062a\u062c\u0645\u064a\u0644<\/a><\/h3>\t\t\t\t<\/div>\n\t\t\t<\/div>\n\t\t<\/div>\n\t\t\t\t<\/div>\n\t\t\t\t<\/div>\n\t\t\t\t<\/div>\n\t\t\t\t\t<\/div>\n\t\t<\/div>\n\t\t\t\t\t\t\t<\/div>\n\t\t<\/section>\n\t\t\t\t\t\t\t<\/div>\n\t\t","protected":false},"excerpt":{"rendered":"<p>S\u00fct ve S\u00fct \u00dcr\u00fcnleri Yiyecek \u0130\u00e7ecek Kimya &amp; Petrokimya Kozmetik Sanayi<\/p>\n","protected":false},"author":1,"featured_media":0,"parent":0,"menu_order":0,"comment_status":"closed","ping_status":"closed","template":"","meta":[],"acf":[],"_links":{"self":[{"href":"https:\/\/beysanmachine.com\/ar\/wp-json\/wp\/v2\/pages\/361"}],"collection":[{"href":"https:\/\/beysanmachine.com\/ar\/wp-json\/wp\/v2\/pages"}],"about":[{"href":"https:\/\/beysanmachine.com\/ar\/wp-json\/wp\/v2\/types\/page"}],"author":[{"embeddable":true,"href":"https:\/\/beysanmachine.com\/ar\/wp-json\/wp\/v2\/users\/1"}],"replies":[{"embeddable":true,"href":"https:\/\/beysanmachine.com\/ar\/wp-json\/wp\/v2\/comments?post=361"}],"version-history":[{"count":8,"href":"https:\/\/beysanmachine.com\/ar\/wp-json\/wp\/v2\/pages\/361\/revisions"}],"predecessor-version":[{"id":946,"href":"https:\/\/beysanmachine.com\/ar\/wp-json\/wp\/v2\/pages\/361\/revisions\/946"}],"wp:attachment":[{"href":"https:\/\/beysanmachine.com\/ar\/wp-json\/wp\/v2\/media?parent=361"}],"curies":[{"name":"wp","href":"https:\/\/api.w.org\/{rel}","templated":true}]}}