{"id":16,"date":"2022-10-26T18:34:19","date_gmt":"2022-10-26T15:34:19","guid":{"rendered":"https:\/\/beysanmachine.com\/?page_id=16"},"modified":"2023-01-12T12:16:02","modified_gmt":"2023-01-12T09:16:02","slug":"%d8%a7%d9%84%d9%85%d9%86%d8%aa%d8%ac%d8%a7%d8%aa","status":"publish","type":"page","link":"https:\/\/beysanmachine.com\/ar\/%d8%a7%d9%84%d9%85%d9%86%d8%aa%d8%ac%d8%a7%d8%aa\/","title":{"rendered":"\u0627\u0644\u0645\u0646\u062a\u062c\u0627\u062a"},"content":{"rendered":"\t\t<div data-elementor-type=\"wp-page\" data-elementor-id=\"16\" class=\"elementor elementor-16\">\n\t\t\t\t\t\t\t\t\t<section class=\"elementor-section elementor-top-section elementor-element elementor-element-ff66600 elementor-section-boxed elementor-section-height-default elementor-section-height-default\" data-id=\"ff66600\" data-element_type=\"section\">\n\t\t\t\t\t\t<div class=\"elementor-container elementor-column-gap-default\">\n\t\t\t\t\t<div class=\"elementor-column elementor-col-100 elementor-top-column elementor-element elementor-element-8789214\" data-id=\"8789214\" data-element_type=\"column\">\n\t\t\t<div class=\"elementor-widget-wrap elementor-element-populated\">\n\t\t\t\t\t\t\t\t<div class=\"elementor-element elementor-element-6bc621a elementor-widget elementor-widget-raven-categories\" data-id=\"6bc621a\" data-element_type=\"widget\" data-settings=\"{&quot;source&quot;:&quot;product&quot;,&quot;outer_content_columns&quot;:&quot;2&quot;,&quot;_skin&quot;:&quot;outer_content&quot;,&quot;outer_content_layout&quot;:&quot;grid&quot;,&quot;outer_content_columns_tablet&quot;:&quot;2&quot;,&quot;outer_content_columns_mobile&quot;:&quot;1&quot;}\" data-widget_type=\"raven-categories.outer_content\">\n\t\t\t\t<div class=\"elementor-widget-container\">\n\t\t\t\t\t<div class=\"raven-categories-grid raven-categories-skin-outer_content\">\n\t\t\t\t\t<article class=\"raven-categories-item post-16 page type-page status-publish hentry\">\n\t\t\t\t\t<a href=\"https:\/\/beysanmachine.com\/ar\/\u0627\u0644\u062e\u0627\u0644\u0637\/\" class=\"raven-categories-img\">\n\t\t\t<img width=\"1000\" height=\"1000\" src=\"https:\/\/beysanmachine.com\/ar\/wp-content\/uploads\/2022\/10\/0005_Katman-1.jpg\" class=\"attachment-large size-large wp-image-128\" alt=\"\" decoding=\"async\" srcset=\"https:\/\/beysanmachine.com\/ar\/wp-content\/uploads\/2022\/10\/0005_Katman-1.jpg 1000w, https:\/\/beysanmachine.com\/ar\/wp-content\/uploads\/2022\/10\/0005_Katman-1-800x800.jpg 800w, https:\/\/beysanmachine.com\/ar\/wp-content\/uploads\/2022\/10\/0005_Katman-1-100x100.jpg 100w, https:\/\/beysanmachine.com\/ar\/wp-content\/uploads\/2022\/10\/0005_Katman-1-300x300.jpg 300w, https:\/\/beysanmachine.com\/ar\/wp-content\/uploads\/2022\/10\/0005_Katman-1-150x150.jpg 150w, https:\/\/beysanmachine.com\/ar\/wp-content\/uploads\/2022\/10\/0005_Katman-1-768x768.jpg 768w, https:\/\/beysanmachine.com\/ar\/wp-content\/uploads\/2022\/10\/0005_Katman-1-500x500.jpg 500w\" sizes=\"(max-width: 1000px) 100vw, 1000px\" \/>\t\t<\/a>\n\t\t\t\t\t<div class=\"raven-categories-content\">\n\t\t\t<h3 class=\"raven-categories-title\"><a href=\"https:\/\/beysanmachine.com\/ar\/\u0627\u0644\u062e\u0627\u0644\u0637\/\">\u0627\u0644\u062e\u0627\u0644\u0637<\/a><\/h3>\t\t\t<\/div>\n\t\t<\/article>\n\t\t\t\t<article class=\"raven-categories-item post-16 page type-page status-publish hentry\">\n\t\t\t\t\t<a href=\"https:\/\/beysanmachine.com\/ar\/\u0622\u0644\u0629-\u062a\u0639\u0628\u0626\u0629-\u0627\u0644\u0644\u0628\u0646\/\" class=\"raven-categories-img\">\n\t\t\t<img width=\"1000\" height=\"1000\" src=\"https:\/\/beysanmachine.com\/ar\/wp-content\/uploads\/2022\/10\/0003_a-yogurt-makinesi-beysan.jpg\" class=\"attachment-large size-large wp-image-126\" alt=\"\" decoding=\"async\" srcset=\"https:\/\/beysanmachine.com\/ar\/wp-content\/uploads\/2022\/10\/0003_a-yogurt-makinesi-beysan.jpg 1000w, https:\/\/beysanmachine.com\/ar\/wp-content\/uploads\/2022\/10\/0003_a-yogurt-makinesi-beysan-800x800.jpg 800w, https:\/\/beysanmachine.com\/ar\/wp-content\/uploads\/2022\/10\/0003_a-yogurt-makinesi-beysan-100x100.jpg 100w, https:\/\/beysanmachine.com\/ar\/wp-content\/uploads\/2022\/10\/0003_a-yogurt-makinesi-beysan-300x300.jpg 300w, https:\/\/beysanmachine.com\/ar\/wp-content\/uploads\/2022\/10\/0003_a-yogurt-makinesi-beysan-150x150.jpg 150w, https:\/\/beysanmachine.com\/ar\/wp-content\/uploads\/2022\/10\/0003_a-yogurt-makinesi-beysan-768x768.jpg 768w, https:\/\/beysanmachine.com\/ar\/wp-content\/uploads\/2022\/10\/0003_a-yogurt-makinesi-beysan-500x500.jpg 500w\" sizes=\"(max-width: 1000px) 100vw, 1000px\" \/>\t\t<\/a>\n\t\t\t\t\t<div class=\"raven-categories-content\">\n\t\t\t<h3 class=\"raven-categories-title\"><a href=\"https:\/\/beysanmachine.com\/ar\/\u0622\u0644\u0629-\u062a\u0639\u0628\u0626\u0629-\u0627\u0644\u0644\u0628\u0646\/\">\u0622\u0644\u0629 \u062a\u0639\u0628\u0626\u0629 \u0627\u0644\u0644\u0628\u0646<\/a><\/h3>\t\t\t<\/div>\n\t\t<\/article>\n\t\t\t\t<article class=\"raven-categories-item post-16 page type-page status-publish hentry\">\n\t\t\t\t\t<a href=\"https:\/\/beysanmachine.com\/ar\/\u0622\u0644\u0629-\u0631\u0645\u064a-\u0627\u0644\u062e\u0645\u064a\u0631\u0629\/\" class=\"raven-categories-img\">\n\t\t\t<img width=\"1000\" height=\"1000\" src=\"https:\/\/beysanmachine.com\/ar\/wp-content\/uploads\/2022\/10\/0002_maya-atma-makinesi-beysan.jpg\" class=\"attachment-large size-large wp-image-125\" alt=\"\" decoding=\"async\" srcset=\"https:\/\/beysanmachine.com\/ar\/wp-content\/uploads\/2022\/10\/0002_maya-atma-makinesi-beysan.jpg 1000w, https:\/\/beysanmachine.com\/ar\/wp-content\/uploads\/2022\/10\/0002_maya-atma-makinesi-beysan-800x800.jpg 800w, https:\/\/beysanmachine.com\/ar\/wp-content\/uploads\/2022\/10\/0002_maya-atma-makinesi-beysan-100x100.jpg 100w, https:\/\/beysanmachine.com\/ar\/wp-content\/uploads\/2022\/10\/0002_maya-atma-makinesi-beysan-300x300.jpg 300w, https:\/\/beysanmachine.com\/ar\/wp-content\/uploads\/2022\/10\/0002_maya-atma-makinesi-beysan-150x150.jpg 150w, https:\/\/beysanmachine.com\/ar\/wp-content\/uploads\/2022\/10\/0002_maya-atma-makinesi-beysan-768x768.jpg 768w, https:\/\/beysanmachine.com\/ar\/wp-content\/uploads\/2022\/10\/0002_maya-atma-makinesi-beysan-500x500.jpg 500w\" sizes=\"(max-width: 1000px) 100vw, 1000px\" \/>\t\t<\/a>\n\t\t\t\t\t<div class=\"raven-categories-content\">\n\t\t\t<h3 class=\"raven-categories-title\"><a href=\"https:\/\/beysanmachine.com\/ar\/\u0622\u0644\u0629-\u0631\u0645\u064a-\u0627\u0644\u062e\u0645\u064a\u0631\u0629\/\">\u0622\u0644\u0629 \u0631\u0645\u064a \u0627\u0644\u062e\u0645\u064a\u0631\u0629<\/a><\/h3>\t\t\t<\/div>\n\t\t<\/article>\n\t\t\t\t<article class=\"raven-categories-item post-16 page type-page status-publish hentry\">\n\t\t\t\t\t<a href=\"https:\/\/beysanmachine.com\/ar\/\u0645\u0639\u062f\u0627\u062a-\u0635\u0646\u0627\u0639\u0629-\u0645\u0646\u062a\u062c\u0627\u062a-\u0627\u0644\u0623\u0644\u0628\u0627\u0646\/\" class=\"raven-categories-img\">\n\t\t\t<img width=\"1000\" height=\"1000\" src=\"https:\/\/beysanmachine.com\/ar\/wp-content\/uploads\/2022\/12\/12.jpg\" class=\"attachment-large size-large wp-image-683\" alt=\"\" decoding=\"async\" srcset=\"https:\/\/beysanmachine.com\/ar\/wp-content\/uploads\/2022\/12\/12.jpg 1000w, https:\/\/beysanmachine.com\/ar\/wp-content\/uploads\/2022\/12\/12-800x800.jpg 800w, https:\/\/beysanmachine.com\/ar\/wp-content\/uploads\/2022\/12\/12-100x100.jpg 100w, https:\/\/beysanmachine.com\/ar\/wp-content\/uploads\/2022\/12\/12-300x300.jpg 300w, https:\/\/beysanmachine.com\/ar\/wp-content\/uploads\/2022\/12\/12-150x150.jpg 150w, https:\/\/beysanmachine.com\/ar\/wp-content\/uploads\/2022\/12\/12-768x768.jpg 768w, https:\/\/beysanmachine.com\/ar\/wp-content\/uploads\/2022\/12\/12-500x500.jpg 500w\" sizes=\"(max-width: 1000px) 100vw, 1000px\" \/>\t\t<\/a>\n\t\t\t\t\t<div class=\"raven-categories-content\">\n\t\t\t<h3 class=\"raven-categories-title\"><a href=\"https:\/\/beysanmachine.com\/ar\/\u0645\u0639\u062f\u0627\u062a-\u0635\u0646\u0627\u0639\u0629-\u0645\u0646\u062a\u062c\u0627\u062a-\u0627\u0644\u0623\u0644\u0628\u0627\u0646\/\">\u0645\u0639\u062f\u0627\u062a \u0635\u0646\u0627\u0639\u0629 \u0645\u0646\u062a\u062c\u0627\u062a \u0627\u0644\u0623\u0644\u0628\u0627\u0646<\/a><\/h3>\t\t\t<\/div>\n\t\t<\/article>\n\t\t\t\t<\/div>\n\t\t\t\t<\/div>\n\t\t\t\t<\/div>\n\t\t\t\t\t<\/div>\n\t\t<\/div>\n\t\t\t\t\t\t\t<\/div>\n\t\t<\/section>\n\t\t\t\t\t\t\t<\/div>\n\t\t","protected":false},"excerpt":{"rendered":"<p>\u0627\u0644\u062e\u0627\u0644\u0637 \u0622\u0644\u0629 \u062a\u0639\u0628\u0626\u0629 \u0627\u0644\u0644\u0628\u0646 \u0622\u0644\u0629 \u0631\u0645\u064a \u0627\u0644\u062e\u0645\u064a\u0631\u0629 S\u00fct End\u00fcstri Ekipmanlar\u0131<\/p>\n","protected":false},"author":1,"featured_media":0,"parent":0,"menu_order":0,"comment_status":"closed","ping_status":"closed","template":"","meta":[],"acf":[],"_links":{"self":[{"href":"https:\/\/beysanmachine.com\/ar\/wp-json\/wp\/v2\/pages\/16"}],"collection":[{"href":"https:\/\/beysanmachine.com\/ar\/wp-json\/wp\/v2\/pages"}],"about":[{"href":"https:\/\/beysanmachine.com\/ar\/wp-json\/wp\/v2\/types\/page"}],"author":[{"embeddable":true,"href":"https:\/\/beysanmachine.com\/ar\/wp-json\/wp\/v2\/users\/1"}],"replies":[{"embeddable":true,"href":"https:\/\/beysanmachine.com\/ar\/wp-json\/wp\/v2\/comments?post=16"}],"version-history":[{"count":11,"href":"https:\/\/beysanmachine.com\/ar\/wp-json\/wp\/v2\/pages\/16\/revisions"}],"predecessor-version":[{"id":945,"href":"https:\/\/beysanmachine.com\/ar\/wp-json\/wp\/v2\/pages\/16\/revisions\/945"}],"wp:attachment":[{"href":"https:\/\/beysanmachine.com\/ar\/wp-json\/wp\/v2\/media?parent=16"}],"curies":[{"name":"wp","href":"https:\/\/api.w.org\/{rel}","templated":true}]}}